{"id":316,"date":"2021-07-08T04:11:23","date_gmt":"2021-07-08T04:11:23","guid":{"rendered":"https:\/\/shophoabentre.com\/?post_type=product&#038;p=316"},"modified":"2026-05-03T03:48:29","modified_gmt":"2026-05-03T03:48:29","slug":"hoa-sinh-nhat-ban-gai","status":"publish","type":"product","link":"https:\/\/shophoabentre.com\/?product=hoa-sinh-nhat-ban-gai","title":{"rendered":"Hoa Sinh Nh\u1eadt B\u1ea1n G\u00e1i"},"content":{"rendered":"<h1>### L\u1eb5ng Hoa Sinh Nh\u1eadt B\u1ea1n G\u00e1i t\u1ea1i TP B\u1ebfn Tre<\/h1>\n<div><\/div>\n<div>**L\u1eb5ng hoa sinh nh\u1eadt d\u00e0nh t\u1eb7ng b\u1ea1n g\u00e1i** l\u00e0 m\u1ed9t m\u00f3n qu\u00e0 \u00fd ngh\u0129a, th\u1ec3 hi\u1ec7n t\u00ecnh y\u00eau v\u00e0 s\u1ef1 tr\u00e2n tr\u1ecdng \u0111\u1ed1i v\u1edbi ng\u01b0\u1eddi y\u00eau d\u1ea5u. V\u1edbi thi\u1ebft k\u1ebf tinh t\u1ebf v\u00e0 m\u00e0u s\u1eafc l\u00e3ng m\u1ea1n, l\u1eb5ng hoa n\u00e0y ch\u1eafc ch\u1eafn s\u1ebd l\u00e0m b\u1ea1n g\u00e1i c\u1ee7a b\u1ea1n c\u1ea3m th\u1ea5y \u0111\u1eb7c bi\u1ec7t v\u00e0 h\u1ea1nh ph\u00fac trong ng\u00e0y sinh nh\u1eadt.<\/div>\n<div><\/div>\n<div>#### \u0110\u1eb7c \u0111i\u1ec3m n\u1ed5i b\u1eadt c\u1ee7a l\u1eb5ng hoa sinh nh\u1eadt b\u1ea1n g\u00e1i:<\/div>\n<div><\/div>\n<div>1. **Thi\u1ebft k\u1ebf l\u00e3ng m\u1ea1n v\u00e0 tinh t\u1ebf**:<\/div>\n<div>\u00a0 \u00a0&#8211; L\u1eb5ng hoa \u0111\u01b0\u1ee3c thi\u1ebft k\u1ebf v\u1edbi s\u1ef1 k\u1ebft h\u1ee3p c\u1ee7a c\u00e1c lo\u1ea1i hoa mang m\u00e0u s\u1eafc nh\u1eb9 nh\u00e0ng, l\u00e3ng m\u1ea1n v\u00e0 h\u00e0i h\u00f2a.<\/div>\n<div>\u00a0 \u00a0&#8211; C\u00e1c lo\u1ea1i hoa th\u01b0\u1eddng \u0111\u01b0\u1ee3c s\u1eed d\u1ee5ng bao g\u1ed3m hoa h\u1ed3ng, hoa baby, hoa c\u1ea9m ch\u01b0\u1edbng, hoa lily v\u00e0 hoa lan, t\u1ea1o n\u00ean v\u1ebb \u0111\u1eb9p tinh t\u1ebf v\u00e0 d\u1ecbu d\u00e0ng.<\/div>\n<div><\/div>\n<div>2. **M\u00e0u s\u1eafc l\u00e3ng m\u1ea1n**:<\/div>\n<div>\u00a0 \u00a0&#8211; M\u00e0u h\u1ed3ng v\u00e0 \u0111\u1ecf c\u1ee7a hoa h\u1ed3ng v\u00e0 hoa c\u1ea9m ch\u01b0\u1edbng bi\u1ec3u t\u01b0\u1ee3ng cho t\u00ecnh y\u00eau n\u1ed3ng ch\u00e1y, s\u1ef1 \u0111am m\u00ea v\u00e0 t\u00ecnh c\u1ea3m ch\u00e2n th\u00e0nh.<\/div>\n<div>\u00a0 \u00a0&#8211; M\u00e0u tr\u1eafng c\u1ee7a hoa lily v\u00e0 hoa baby th\u1ec3 hi\u1ec7n s\u1ef1 tinh khi\u1ebft v\u00e0 trong s\u00e1ng, mang \u0111\u1ebfn c\u1ea3m gi\u00e1c nh\u1eb9 nh\u00e0ng v\u00e0 thanh tho\u00e1t.<\/div>\n<div>\u00a0 \u00a0&#8211; M\u00e0u t\u00edm c\u1ee7a hoa lan mang l\u1ea1i c\u1ea3m gi\u00e1c qu\u00fd ph\u00e1i v\u00e0 sang tr\u1ecdng.<\/div>\n<div><\/div>\n<div>3. **Ch\u1ea5t l\u01b0\u1ee3ng hoa t\u01b0\u01a1i**:<\/div>\n<div>\u00a0 \u00a0&#8211; Hoa \u0111\u01b0\u1ee3c ch\u1ecdn l\u1ef1a k\u1ef9 c\u00e0ng t\u1eeb c\u00e1c nh\u00e0 v\u01b0\u1eddn uy t\u00edn, \u0111\u1ea3m b\u1ea3o \u0111\u1ed9 t\u01b0\u01a1i m\u1edbi v\u00e0 b\u1ec1n l\u00e2u.<\/div>\n<div>\u00a0 \u00a0&#8211; S\u1eed d\u1ee5ng k\u1ef9 thu\u1eadt b\u1ea3o qu\u1ea3n hi\u1ec7n \u0111\u1ea1i \u0111\u1ec3 gi\u1eef hoa lu\u00f4n t\u01b0\u01a1i t\u1eafn v\u00e0 \u0111\u1eb9p m\u1eaft.<\/div>\n<div><\/div>\n<div>4. **D\u1ecbch v\u1ee5 t\u1eadn t\u00e2m**:<\/div>\n<div>\u00a0 \u00a0&#8211; T\u01b0 v\u1ea5n nhi\u1ec7t t\u00ecnh gi\u00fap kh\u00e1ch h\u00e0ng ch\u1ecdn \u0111\u01b0\u1ee3c l\u1eb5ng hoa ph\u00f9 h\u1ee3p nh\u1ea5t v\u1edbi th\u00f4ng \u0111i\u1ec7p mu\u1ed1n g\u1eedi g\u1eafm.<\/div>\n<div>\u00a0 \u00a0&#8211; D\u1ecbch v\u1ee5 giao hoa nhanh ch\u00f3ng v\u00e0 \u0111\u00fang h\u1eb9n, \u0111\u1ea3m b\u1ea3o hoa \u0111\u1ebfn tay ng\u01b0\u1eddi nh\u1eadn trong t\u00ecnh tr\u1ea1ng t\u1ed1t nh\u1ea5t.<\/div>\n<div><\/div>\n<div><\/div>\n<p><span style=\"font-size: 120%;\"><img loading=\"lazy\" decoding=\"async\" class=\"aligncenter wp-image-317\" src=\"http:\/\/shophoabentre.com\/wp-content\/uploads\/2021\/07\/z2521276823855_741995cedc9c4de99611d216793458ed-225x300.jpg\" alt=\"\" width=\"425\" height=\"567\" srcset=\"https:\/\/shophoabentre.com\/wp-content\/uploads\/2021\/07\/z2521276823855_741995cedc9c4de99611d216793458ed-225x300.jpg 225w, https:\/\/shophoabentre.com\/wp-content\/uploads\/2021\/07\/z2521276823855_741995cedc9c4de99611d216793458ed-768x1024.jpg 768w, https:\/\/shophoabentre.com\/wp-content\/uploads\/2021\/07\/z2521276823855_741995cedc9c4de99611d216793458ed-510x680.jpg 510w, https:\/\/shophoabentre.com\/wp-content\/uploads\/2021\/07\/z2521276823855_741995cedc9c4de99611d216793458ed-45x60.jpg 45w, https:\/\/shophoabentre.com\/wp-content\/uploads\/2021\/07\/z2521276823855_741995cedc9c4de99611d216793458ed.jpg 960w\" sizes=\"auto, (max-width: 425px) 100vw, 425px\" \/><\/span><\/p>\n<p>&nbsp;<\/p>\n<div>#### \u00dd ngh\u0129a c\u1ee7a l\u1eb5ng hoa sinh nh\u1eadt b\u1ea1n g\u00e1i:<\/div>\n<div><\/div>\n<div>&#8211; **T\u00ecnh y\u00eau n\u1ed3ng ch\u00e1y v\u00e0 \u0111am m\u00ea**: Hoa h\u1ed3ng v\u00e0 hoa c\u1ea9m ch\u01b0\u1edbng t\u01b0\u1ee3ng tr\u01b0ng cho t\u00ecnh y\u00eau \u0111\u1eadm s\u00e2u v\u00e0 s\u1ef1 \u0111am m\u00ea, l\u00e0 l\u1eddi ch\u00fac m\u1eebng ng\u1ecdt ng\u00e0o v\u00e0 ch\u00e2n th\u00e0nh.<\/div>\n<div>&#8211; **S\u1ef1 tinh khi\u1ebft v\u00e0 trong s\u00e1ng**: Hoa lily v\u00e0 hoa baby bi\u1ec3u t\u01b0\u1ee3ng cho s\u1ef1 tinh khi\u1ebft, trong s\u00e1ng v\u00e0 ni\u1ec1m hy v\u1ecdng v\u00e0o t\u00ecnh y\u00eau b\u1ec1n v\u1eefng.<\/div>\n<div>&#8211; **Qu\u00fd ph\u00e1i v\u00e0 sang tr\u1ecdng**: Hoa lan t\u00edm mang l\u1ea1i c\u1ea3m gi\u00e1c qu\u00fd ph\u00e1i v\u00e0 sang tr\u1ecdng, l\u00e0m t\u00f4n l\u00ean v\u1ebb \u0111\u1eb9p c\u1ee7a ng\u01b0\u1eddi nh\u1eadn.<\/div>\n<div><\/div>\n<div>#### \u0110\u1ecba ch\u1ec9 v\u00e0 th\u00f4ng tin li\u00ean h\u1ec7 \u0111\u1ec3 \u0111\u1eb7t l\u1eb5ng hoa sinh nh\u1eadt b\u1ea1n g\u00e1i:<\/div>\n<div><\/div>\n<div>&#8211; **\u0110\u1ecba ch\u1ec9**: [Cung c\u1ea5p \u0111\u1ecba ch\u1ec9 c\u1ee5 th\u1ec3 c\u1ee7a shop hoa t\u1ea1i TP B\u1ebfn Tre]<\/div>\n<div>&#8211; **S\u1ed1 \u0111i\u1ec7n tho\u1ea1i**: [S\u1ed1 \u0111i\u1ec7n tho\u1ea1i li\u00ean h\u1ec7 c\u1ee7a shop]<\/div>\n<div>&#8211; **Website**: <a href=\"https:\/\/shophoabentre.com\/\">https:\/\/shophoabentre.com\/<\/a><\/div>\n<div>&#8211; **Facebook**: [Link Facebook c\u1ee7a shop, n\u1ebfu c\u00f3]<\/div>\n<div><\/div>\n<div>### K\u1ebft lu\u1eadn<\/div>\n<div><\/div>\n<div>L\u1eb5ng hoa sinh nh\u1eadt d\u00e0nh t\u1eb7ng b\u1ea1n g\u00e1i kh\u00f4ng ch\u1ec9 l\u00e0 m\u00f3n qu\u00e0 \u0111\u1eb9p m\u1eaft m\u00e0 c\u00f2n mang nhi\u1ec1u \u00fd ngh\u0129a s\u00e2u s\u1eafc, g\u1eedi g\u1eafm nh\u1eefng l\u1eddi ch\u00fac t\u1ed1t \u0111\u1eb9p v\u00e0 t\u00ecnh y\u00eau ch\u00e2n th\u00e0nh. H\u00e3y \u0111\u1ebfn v\u1edbi c\u00e1c c\u1eeda h\u00e0ng hoa t\u1ea1i TP B\u1ebfn Tre \u0111\u1ec3 ch\u1ecdn l\u1ef1a cho m\u00ecnh l\u1eb5ng hoa sinh nh\u1eadt b\u1ea1n g\u00e1i v\u00e0 mang \u0111\u1ebfn ni\u1ec1m vui, s\u1ef1 h\u1ea1nh ph\u00fac v\u00e0 nh\u1eefng c\u1ea3m x\u00fac ng\u1ecdt ng\u00e0o cho ng\u01b0\u1eddi y\u00eau d\u1ea5u trong ng\u00e0y sinh nh\u1eadt \u0111\u1eb7c bi\u1ec7t c\u1ee7a c\u00f4 \u1ea5y.<\/div>\n","protected":false},"excerpt":{"rendered":"<p>L\u1eb5ng hoa sinh nh\u1eadt d\u00e0nh t\u1eb7ng b\u1ea1n g\u00e1i kh\u00f4ng ch\u1ec9 l\u00e0 m\u00f3n qu\u00e0 \u0111\u1eb9p m\u1eaft m\u00e0 c\u00f2n mang nhi\u1ec1u \u00fd ngh\u0129a s\u00e2u s\u1eafc, g\u1eedi g\u1eafm nh\u1eefng l\u1eddi ch\u00fac t\u1ed1t \u0111\u1eb9p v\u00e0 t\u00ecnh y\u00eau ch\u00e2n th\u00e0nh. H\u00e3y \u0111\u1ebfn v\u1edbi c\u00e1c c\u1eeda h\u00e0ng hoa t\u1ea1i TP B\u1ebfn Tre<\/p>\n","protected":false},"featured_media":317,"comment_status":"open","ping_status":"closed","template":"","meta":[],"product_brand":[],"product_cat":[36],"product_tag":[42,64],"class_list":{"0":"post-316","1":"product","2":"type-product","3":"status-publish","4":"has-post-thumbnail","6":"product_cat-hoa-bo","7":"product_tag-hoa-hop-go","8":"product_tag-lang-hoa-chuc-mung-dep","10":"first","11":"instock","12":"shipping-taxable","13":"purchasable","14":"product-type-simple"},"_links":{"self":[{"href":"https:\/\/shophoabentre.com\/index.php?rest_route=\/wp\/v2\/product\/316","targetHints":{"allow":["GET"]}}],"collection":[{"href":"https:\/\/shophoabentre.com\/index.php?rest_route=\/wp\/v2\/product"}],"about":[{"href":"https:\/\/shophoabentre.com\/index.php?rest_route=\/wp\/v2\/types\/product"}],"replies":[{"embeddable":true,"href":"https:\/\/shophoabentre.com\/index.php?rest_route=%2Fwp%2Fv2%2Fcomments&post=316"}],"wp:featuredmedia":[{"embeddable":true,"href":"https:\/\/shophoabentre.com\/index.php?rest_route=\/wp\/v2\/media\/317"}],"wp:attachment":[{"href":"https:\/\/shophoabentre.com\/index.php?rest_route=%2Fwp%2Fv2%2Fmedia&parent=316"}],"wp:term":[{"taxonomy":"product_brand","embeddable":true,"href":"https:\/\/shophoabentre.com\/index.php?rest_route=%2Fwp%2Fv2%2Fproduct_brand&post=316"},{"taxonomy":"product_cat","embeddable":true,"href":"https:\/\/shophoabentre.com\/index.php?rest_route=%2Fwp%2Fv2%2Fproduct_cat&post=316"},{"taxonomy":"product_tag","embeddable":true,"href":"https:\/\/shophoabentre.com\/index.php?rest_route=%2Fwp%2Fv2%2Fproduct_tag&post=316"}],"curies":[{"name":"wp","href":"https:\/\/api.w.org\/{rel}","templated":true}]}}