{"id":312,"date":"2021-07-08T04:04:20","date_gmt":"2021-07-08T04:04:20","guid":{"rendered":"https:\/\/shophoabentre.com\/?post_type=product&#038;p=312"},"modified":"2026-05-04T18:09:25","modified_gmt":"2026-05-04T18:09:25","slug":"hoa-huong-duong","status":"publish","type":"product","link":"https:\/\/shophoabentre.com\/?product=hoa-huong-duong","title":{"rendered":"Hoa H\u01b0\u1edbng D\u01b0\u01a1ng"},"content":{"rendered":"<h1>### Hoa H\u01b0\u1edbng D\u01b0\u01a1ng: Bi\u1ec3u T\u01b0\u1ee3ng C\u1ee7a Ni\u1ec1m Vui v\u00e0 S\u1ef1 L\u1ea1c Quan<\/h1>\n<div><\/div>\n<div>**Hoa h\u01b0\u1edbng d\u01b0\u01a1ng** l\u00e0 m\u1ed9t trong nh\u1eefng lo\u00e0i hoa ph\u1ed5 bi\u1ebfn v\u00e0 \u0111\u01b0\u1ee3c y\u00eau th\u00edch nh\u1ea5t. V\u1edbi h\u00ecnh d\u00e1ng t\u01b0\u01a1i s\u00e1ng v\u00e0 m\u00e0u v\u00e0ng r\u1ef1c r\u1ee1, hoa h\u01b0\u1edbng d\u01b0\u01a1ng mang trong m\u00ecnh nhi\u1ec1u \u00fd ngh\u0129a t\u00edch c\u1ef1c v\u00e0 th\u01b0\u1eddng \u0111\u01b0\u1ee3c s\u1eed d\u1ee5ng trong nhi\u1ec1u d\u1ecbp kh\u00e1c nhau. <a href=\"https:\/\/shophoabentre.com\/\">hoa t\u01b0\u01a1i b\u1ebfn tre<\/a><\/div>\n<div><\/div>\n<h2><strong>#### \u0110\u1eb7c \u0111i\u1ec3m n\u1ed5i b\u1eadt c\u1ee7a hoa h\u01b0\u1edbng d\u01b0\u01a1ng:<\/strong><\/h2>\n<div><\/div>\n<div>1. **H\u00ecnh d\u00e1ng v\u00e0 m\u00e0u s\u1eafc**:<\/div>\n<div>\u00a0 \u00a0&#8211; Hoa h\u01b0\u1edbng d\u01b0\u01a1ng c\u00f3 c\u00e1nh hoa m\u00e0u v\u00e0ng t\u01b0\u01a1i r\u1ef1c r\u1ee1, v\u1edbi trung t\u00e2m m\u00e0u n\u00e2u ho\u1eb7c \u0111en.<\/div>\n<div>\u00a0 \u00a0&#8211; Hoa c\u00f3 k\u00edch th\u01b0\u1edbc l\u1edbn, c\u00e1nh hoa x\u1ebfp th\u00e0nh v\u00f2ng tr\u00f2n, tr\u00f4ng nh\u01b0 m\u1ed9t m\u1eb7t tr\u1eddi nh\u1ecf.<\/div>\n<div><\/div>\n<div>2. **T\u00ednh bi\u1ec3u t\u01b0\u1ee3ng**:<\/div>\n<div>\u00a0 \u00a0&#8211; **Ni\u1ec1m vui v\u00e0 s\u1ef1 l\u1ea1c quan**: Hoa h\u01b0\u1edbng d\u01b0\u01a1ng lu\u00f4n h\u01b0\u1edbng v\u1ec1 ph\u00eda m\u1eb7t tr\u1eddi, t\u01b0\u1ee3ng tr\u01b0ng cho s\u1ef1 vui t\u01b0\u01a1i, t\u00edch c\u1ef1c v\u00e0 h\u01b0\u1edbng v\u1ec1 \u00e1nh s\u00e1ng.<\/div>\n<div>\u00a0 \u00a0&#8211; **S\u1ee9c m\u1ea1nh v\u00e0 ki\u00ean c\u01b0\u1eddng**: Hoa h\u01b0\u1edbng d\u01b0\u01a1ng c\u00f3 th\u00e2n c\u00e2y m\u1ea1nh m\u1ebd, ch\u1ecbu \u0111\u1ef1ng \u0111\u01b0\u1ee3c th\u1eddi ti\u1ebft kh\u1eafc nghi\u1ec7t, t\u01b0\u1ee3ng tr\u01b0ng cho s\u1ef1 ki\u00ean c\u01b0\u1eddng v\u00e0 ngh\u1ecb l\u1ef1c.<\/div>\n<div>\u00a0 \u00a0&#8211; **L\u00f2ng trung th\u00e0nh v\u00e0 t\u00ecnh y\u00eau ch\u00e2n th\u00e0nh**: Hoa lu\u00f4n h\u01b0\u1edbng v\u1ec1 m\u1eb7t tr\u1eddi, t\u01b0\u1ee3ng tr\u01b0ng cho l\u00f2ng trung th\u00e0nh v\u00e0 t\u00ecnh y\u00eau ch\u00e2n th\u00e0nh.<\/div>\n<div><\/div>\n<div>#### \u00dd ngh\u0129a c\u1ee7a hoa h\u01b0\u1edbng d\u01b0\u01a1ng trong c\u00e1c d\u1ecbp:<\/div>\n<div><\/div>\n<div>1. **Qu\u00e0 t\u1eb7ng ch\u00fac m\u1eebng**:<\/div>\n<div>\u00a0 \u00a0&#8211; Hoa h\u01b0\u1edbng d\u01b0\u01a1ng l\u00e0 m\u00f3n qu\u00e0 tuy\u1ec7t v\u1eddi \u0111\u1ec3 ch\u00fac m\u1eebng ai \u0111\u00f3 \u0111\u1ea1t \u0111\u01b0\u1ee3c th\u00e0nh c\u00f4ng, th\u0103ng ti\u1ebfn trong c\u00f4ng vi\u1ec7c, ho\u1eb7c b\u1eaft \u0111\u1ea7u m\u1ed9t giai \u0111o\u1ea1n m\u1edbi trong cu\u1ed9c s\u1ed1ng.<\/div>\n<div><\/div>\n<div>2. **Trang tr\u00ed s\u1ef1 ki\u1ec7n**:<\/div>\n<div>\u00a0 \u00a0&#8211; Hoa h\u01b0\u1edbng d\u01b0\u01a1ng th\u01b0\u1eddng \u0111\u01b0\u1ee3c s\u1eed d\u1ee5ng \u0111\u1ec3 trang tr\u00ed c\u00e1c bu\u1ed5i ti\u1ec7c, s\u1ef1 ki\u1ec7n l\u1edbn, mang l\u1ea1i kh\u00f4ng kh\u00ed vui t\u01b0\u01a1i v\u00e0 ph\u1ea5n kh\u1edfi.<\/div>\n<div><\/div>\n<div>3. **Qu\u00e0 t\u1eb7ng t\u00ecnh y\u00eau v\u00e0 t\u00ecnh b\u1ea1n**:<\/div>\n<div>\u00a0 \u00a0&#8211; T\u1eb7ng hoa h\u01b0\u1edbng d\u01b0\u01a1ng cho ng\u01b0\u1eddi y\u00eau, b\u1ea1n b\u00e8 th\u1ec3 hi\u1ec7n s\u1ef1 qu\u00fd tr\u1ecdng v\u00e0 t\u00ecnh c\u1ea3m ch\u00e2n th\u00e0nh.<\/div>\n<div><\/div>\n<figure id=\"attachment_313\" aria-describedby=\"caption-attachment-313\" style=\"width: 527px\" class=\"wp-caption aligncenter\"><img loading=\"lazy\" decoding=\"async\" class=\"wp-image-313 size-full\" src=\"http:\/\/shophoabentre.com\/wp-content\/uploads\/2021\/07\/z2518289756495_30f81712c3aa88490fed9d7472de2973.jpg\" alt=\"Hoa H\u01b0\u1edbng D\u01b0\u01a1ng\" width=\"527\" height=\"650\" srcset=\"https:\/\/shophoabentre.com\/wp-content\/uploads\/2021\/07\/z2518289756495_30f81712c3aa88490fed9d7472de2973.jpg 527w, https:\/\/shophoabentre.com\/wp-content\/uploads\/2021\/07\/z2518289756495_30f81712c3aa88490fed9d7472de2973-243x300.jpg 243w, https:\/\/shophoabentre.com\/wp-content\/uploads\/2021\/07\/z2518289756495_30f81712c3aa88490fed9d7472de2973-510x629.jpg 510w, https:\/\/shophoabentre.com\/wp-content\/uploads\/2021\/07\/z2518289756495_30f81712c3aa88490fed9d7472de2973-49x60.jpg 49w\" sizes=\"auto, (max-width: 527px) 100vw, 527px\" \/><figcaption id=\"caption-attachment-313\" class=\"wp-caption-text\">Hoa H\u01b0\u1edbng D\u01b0\u01a1ng<\/figcaption><\/figure>\n<h3><strong>#### C\u00e1ch ch\u0103m s\u00f3c hoa h\u01b0\u1edbng d\u01b0\u01a1ng:<\/strong><\/h3>\n<div><\/div>\n<div>1. **\u00c1nh s\u00e1ng**:<\/div>\n<div>\u00a0 \u00a0&#8211; Hoa h\u01b0\u1edbng d\u01b0\u01a1ng c\u1ea7n \u00e1nh s\u00e1ng m\u1eb7t tr\u1eddi tr\u1ef1c ti\u1ebfp \u00edt nh\u1ea5t 6-8 gi\u1edd m\u1ed7i ng\u00e0y.<\/div>\n<div><\/div>\n<div>2. **T\u01b0\u1edbi n\u01b0\u1edbc**:<\/div>\n<div>\u00a0 \u00a0&#8211; T\u01b0\u1edbi n\u01b0\u1edbc \u0111\u1ec1u \u0111\u1eb7n, gi\u1eef \u1ea9m cho \u0111\u1ea5t nh\u01b0ng kh\u00f4ng \u0111\u1ec3 ng\u1eadp \u00fang. N\u00ean t\u01b0\u1edbi v\u00e0o bu\u1ed5i s\u00e1ng \u0111\u1ec3 c\u00e2y h\u1ea5p th\u1ee5 n\u01b0\u1edbc t\u1ed1t nh\u1ea5t.<\/div>\n<div><\/div>\n<div>3. **\u0110\u1ea5t tr\u1ed3ng**:<\/div>\n<div>\u00a0 \u00a0&#8211; \u0110\u1ea5t tr\u1ed3ng c\u1ea7n tho\u00e1t n\u01b0\u1edbc t\u1ed1t, gi\u00e0u dinh d\u01b0\u1ee1ng v\u00e0 t\u01a1i x\u1ed1p.<\/div>\n<div><\/div>\n<div>4. **B\u00f3n ph\u00e2n**:<\/div>\n<div>\u00a0 \u00a0&#8211; B\u00f3n ph\u00e2n h\u1eefu c\u01a1 ho\u1eb7c ph\u00e2n b\u00f3n l\u1ecfng \u0111\u1ecbnh k\u1ef3 \u0111\u1ec3 cung c\u1ea5p \u0111\u1ea7y \u0111\u1ee7 d\u01b0\u1ee1ng ch\u1ea5t cho c\u00e2y.<\/div>\n<div><\/div>\n<div>#### K\u1ebft lu\u1eadn<\/div>\n<div><\/div>\n<div>Hoa h\u01b0\u1edbng d\u01b0\u01a1ng kh\u00f4ng ch\u1ec9 \u0111\u1eb9p m\u00e0 c\u00f2n mang nhi\u1ec1u \u00fd ngh\u0129a t\u00edch c\u1ef1c, ph\u00f9 h\u1ee3p \u0111\u1ec3 l\u00e0m qu\u00e0 t\u1eb7ng, trang tr\u00ed v\u00e0 bi\u1ec3u t\u01b0\u1ee3ng cho nh\u1eefng \u0111i\u1ec1u t\u1ed1t \u0111\u1eb9p trong cu\u1ed9c s\u1ed1ng. V\u1edbi s\u1ef1 ch\u0103m s\u00f3c \u0111\u00fang c\u00e1ch, b\u1ea1n s\u1ebd c\u00f3 nh\u1eefng b\u00f4ng hoa h\u01b0\u1edbng d\u01b0\u01a1ng t\u01b0\u01a1i t\u1eafn v\u00e0 r\u1ef1c r\u1ee1 \u0111\u1ec3 t\u00f4 \u0111i\u1ec3m cho kh\u00f4ng gian s\u1ed1ng v\u00e0 g\u1eedi g\u1eafm th\u00f4ng \u0111i\u1ec7p y\u00eau th\u01b0\u01a1ng \u0111\u1ebfn nh\u1eefng ng\u01b0\u1eddi th\u00e2n y\u00eau.<\/div>\n<p>&nbsp;<\/p>\n","protected":false},"excerpt":{"rendered":"<p>Hoa h\u01b0\u1edbng d\u01b0\u01a1ng kh\u00f4ng ch\u1ec9 \u0111\u1eb9p m\u00e0 c\u00f2n mang nhi\u1ec1u \u00fd ngh\u0129a t\u00edch c\u1ef1c, ph\u00f9 h\u1ee3p \u0111\u1ec3 l\u00e0m qu\u00e0 t\u1eb7ng, trang tr\u00ed v\u00e0 bi\u1ec3u t\u01b0\u1ee3ng cho nh\u1eefng \u0111i\u1ec1u t\u1ed1t \u0111\u1eb9p trong cu\u1ed9c s\u1ed1ng. V\u1edbi s\u1ef1 ch\u0103m s\u00f3c \u0111\u00fang c\u00e1ch, b\u1ea1n s\u1ebd c\u00f3 nh\u1eefng b\u00f4ng hoa h\u01b0\u1edbng d\u01b0\u01a1ng t\u01b0\u01a1i t\u1eafn v\u00e0 r\u1ef1c r\u1ee1 \u0111\u1ec3 t\u00f4 \u0111i\u1ec3m cho kh\u00f4ng gian s\u1ed1ng v\u00e0 g\u1eedi g\u1eafm th\u00f4ng \u0111i\u1ec7p y\u00eau th\u01b0\u01a1ng \u0111\u1ebfn nh\u1eefng ng\u01b0\u1eddi th\u00e2n y\u00eau.<\/p>\n","protected":false},"featured_media":313,"comment_status":"open","ping_status":"closed","template":"","meta":[],"product_brand":[],"product_cat":[36],"product_tag":[69],"class_list":{"0":"post-312","1":"product","2":"type-product","3":"status-publish","4":"has-post-thumbnail","6":"product_cat-hoa-bo","7":"product_tag-bo-hoa-hoa-huong-duong","9":"first","10":"instock","11":"shipping-taxable","12":"purchasable","13":"product-type-simple"},"_links":{"self":[{"href":"https:\/\/shophoabentre.com\/index.php?rest_route=\/wp\/v2\/product\/312","targetHints":{"allow":["GET"]}}],"collection":[{"href":"https:\/\/shophoabentre.com\/index.php?rest_route=\/wp\/v2\/product"}],"about":[{"href":"https:\/\/shophoabentre.com\/index.php?rest_route=\/wp\/v2\/types\/product"}],"replies":[{"embeddable":true,"href":"https:\/\/shophoabentre.com\/index.php?rest_route=%2Fwp%2Fv2%2Fcomments&post=312"}],"wp:featuredmedia":[{"embeddable":true,"href":"https:\/\/shophoabentre.com\/index.php?rest_route=\/wp\/v2\/media\/313"}],"wp:attachment":[{"href":"https:\/\/shophoabentre.com\/index.php?rest_route=%2Fwp%2Fv2%2Fmedia&parent=312"}],"wp:term":[{"taxonomy":"product_brand","embeddable":true,"href":"https:\/\/shophoabentre.com\/index.php?rest_route=%2Fwp%2Fv2%2Fproduct_brand&post=312"},{"taxonomy":"product_cat","embeddable":true,"href":"https:\/\/shophoabentre.com\/index.php?rest_route=%2Fwp%2Fv2%2Fproduct_cat&post=312"},{"taxonomy":"product_tag","embeddable":true,"href":"https:\/\/shophoabentre.com\/index.php?rest_route=%2Fwp%2Fv2%2Fproduct_tag&post=312"}],"curies":[{"name":"wp","href":"https:\/\/api.w.org\/{rel}","templated":true}]}}