{"id":301,"date":"2021-07-06T02:35:50","date_gmt":"2021-07-06T02:35:50","guid":{"rendered":"https:\/\/shophoabentre.com\/?post_type=product&#038;p=301"},"modified":"2026-04-13T12:36:49","modified_gmt":"2026-04-13T12:36:49","slug":"tham-yeu","status":"publish","type":"product","link":"https:\/\/shophoabentre.com\/?product=tham-yeu","title":{"rendered":"TH\u1ea6M Y\u00caU"},"content":{"rendered":"<h2 id=\"input_line_0\" style=\"text-align: center;\"><strong><span id=\"input_part_0\" class=\"\" style=\"font-size: 120%;\" data-mention=\"B\u00f3 Hoa Th\u1ea7m Y\u00eau: G\u1eedi G\u1eafm L\u1eddi Y\u00eau Th\u01b0\u01a1ng Ch\u00e2n Th\u00e0nh V\u00e0 S\u00e2u S\u1eafc&quot;\">B\u00f3 Hoa Th\u1ea7m Y\u00eau: G\u1eedi G\u1eafm L\u1eddi Y\u00eau Th\u01b0\u01a1ng Ch\u00e2n Th\u00e0nh V\u00e0 S\u00e2u S\u1eafc<\/span><\/strong><\/h2>\n<div id=\"input_line_1\"><\/div>\n<div id=\"input_line_2\">\n<\/div>\n<div id=\"input_line_3\"><span id=\"input_part_0\" class=\"\" style=\"font-size: 120%;\" data-mention=\"&quot;Kh\u00e1m ph\u00e1 c\u00e1c m\u1eabu b\u00f3 hoa Th\u1ea7m Y\u00eau v\u1edbi thi\u1ebft k\u1ebf tinh t\u1ebf, g\u1eedi g\u1eafm th\u00f4ng \u0111i\u1ec7p y\u00eau th\u01b0\u01a1ng ch\u00e2n th\u00e0nh v\u00e0 s\u00e2u s\u1eafc \u0111\u1ebfn ng\u01b0\u1eddi b\u1ea1n th\u1ea7m y\u00eau. Ch\u1ecdn ngay m\u00f3n qu\u00e0 ho\u00e0n h\u1ea3o \u0111\u1ec3 th\u1ec3 hi\u1ec7n t\u00ecnh c\u1ea3m l\u00e3ng m\u1ea1n v\u00e0 \u00fd ngh\u0129a.&quot;\">&#8220;Kh\u00e1m ph\u00e1 c\u00e1c m\u1eabu b\u00f3 hoa Th\u1ea7m Y\u00eau v\u1edbi thi\u1ebft k\u1ebf tinh t\u1ebf, g\u1eedi g\u1eafm th\u00f4ng \u0111i\u1ec7p y\u00eau th\u01b0\u01a1ng ch\u00e2n th\u00e0nh v\u00e0 s\u00e2u s\u1eafc \u0111\u1ebfn ng\u01b0\u1eddi b\u1ea1n th\u1ea7m y\u00eau. Ch\u1ecdn ngay m\u00f3n qu\u00e0 ho\u00e0n h\u1ea3o \u0111\u1ec3 th\u1ec3 hi\u1ec7n t\u00ecnh c\u1ea3m l\u00e3ng m\u1ea1n v\u00e0 \u00fd ngh\u0129a.&#8221;<\/span><\/div>\n<div id=\"input_line_5\"><\/div>\n<div id=\"input_line_6\"><span id=\"input_part_0\" class=\"\" style=\"font-size: 120%;\" data-mention=\"B\u00f3 hoa Th\u1ea7m Y\u00eau l\u00e0 m\u00f3n qu\u00e0 tuy\u1ec7t v\u1eddi, t\u01b0\u1ee3ng tr\u01b0ng cho t\u00ecnh y\u00eau th\u1ea7m k\u00edn v\u00e0 l\u1eddi ch\u00fac ch\u00e2n th\u00e0nh. V\u1edbi s\u1ef1 k\u1ebft h\u1ee3p h\u00e0i h\u00f2a gi\u1eefa c\u00e1c lo\u1ea1i hoa v\u00e0 ph\u1ee5 ki\u1ec7n, m\u1ed7i b\u00f3 hoa mang \u0111\u1ebfn m\u1ed9t th\u00f4ng \u0111i\u1ec7p s\u00e2u s\u1eafc v\u00e0 t\u00ecnh c\u1ea3m \u1ea5m \u00e1p d\u00e0nh cho ng\u01b0\u1eddi nh\u1eadn.\">B\u00f3 hoa Th\u1ea7m Y\u00eau l\u00e0 m\u00f3n qu\u00e0 tuy\u1ec7t v\u1eddi, t\u01b0\u1ee3ng tr\u01b0ng cho t\u00ecnh y\u00eau th\u1ea7m k\u00edn v\u00e0 l\u1eddi ch\u00fac ch\u00e2n th\u00e0nh. V\u1edbi s\u1ef1 k\u1ebft h\u1ee3p h\u00e0i h\u00f2a gi\u1eefa c\u00e1c lo\u1ea1i hoa v\u00e0 ph\u1ee5 ki\u1ec7n, m\u1ed7i b\u00f3 hoa mang \u0111\u1ebfn m\u1ed9t th\u00f4ng \u0111i\u1ec7p s\u00e2u s\u1eafc v\u00e0 t\u00ecnh c\u1ea3m \u1ea5m \u00e1p d\u00e0nh cho ng\u01b0\u1eddi nh\u1eadn.<\/span><\/div>\n<div id=\"input_line_7\"><\/div>\n<div id=\"input_line_8\"><span style=\"font-size: 120%;\"><strong><span id=\"input_part_0\" class=\"\" data-mention=\"\u00dd Ngh\u0129a C\u1ee7a B\u00f3 Hoa Th\u1ea7m Y\u00eau\">\u00dd Ngh\u0129a C\u1ee7a B\u00f3 Hoa Th\u1ea7m Y\u00eau<\/span><\/strong><\/span><\/div>\n<div id=\"input_line_9\"><span id=\"input_part_0\" class=\"\" style=\"font-size: 120%;\" data-mention=\"Hoa Th\u1ea7m Y\u00eau th\u01b0\u1eddng \u0111\u01b0\u1ee3c ch\u1ecdn \u0111\u1ec3 truy\u1ec1n t\u1ea3i nh\u1eefng c\u1ea3m x\u00fac l\u00e3ng m\u1ea1n, y\u00eau th\u01b0\u01a1ng m\u00e0 ng\u01b0\u1eddi t\u1eb7ng mu\u1ed1n gi\u1eef k\u00edn. C\u00e1c lo\u1ea1i hoa nh\u01b0 hoa h\u1ed3ng, hoa baby, hoa tulip v\u00e0 hoa c\u1ea9m ch\u01b0\u1edbng th\u01b0\u1eddng \u0111\u01b0\u1ee3c s\u1eed d\u1ee5ng v\u1edbi m\u00e0u s\u1eafc nh\u1eb9 nh\u00e0ng v\u00e0 \u00fd ngh\u0129a s\u00e2u s\u1eafc. Hoa h\u1ed3ng bi\u1ec3u th\u1ecb t\u00ecnh y\u00eau v\u00e0 s\u1ef1 \u0111am m\u00ea, hoa baby t\u01b0\u1ee3ng tr\u01b0ng cho s\u1ef1 trong s\u00e1ng v\u00e0 ng\u00e2y th\u01a1, hoa tulip th\u1ec3 hi\u1ec7n t\u00ecnh y\u00eau ho\u00e0n m\u1ef9, trong khi hoa c\u1ea9m ch\u01b0\u1edbng mang l\u1ea1i s\u1ef1 l\u00e3ng m\u1ea1n v\u00e0 ch\u00e2n th\u00e0nh. S\u1ef1 k\u1ebft h\u1ee3p n\u00e0y kh\u00f4ng ch\u1ec9 t\u1ea1o n\u00ean m\u1ed9t b\u00f3 hoa \u0111\u1eb9p m\u1eaft m\u00e0 c\u00f2n mang l\u1ea1i nh\u1eefng l\u1eddi ch\u00fac t\u1ed1t \u0111\u1eb9p v\u00e0 t\u00ecnh c\u1ea3m s\u00e2u s\u1eafc t\u1eeb ng\u01b0\u1eddi t\u1eb7ng \u0111\u1ebfn ng\u01b0\u1eddi nh\u1eadn.\">Hoa Th\u1ea7m Y\u00eau th\u01b0\u1eddng \u0111\u01b0\u1ee3c ch\u1ecdn \u0111\u1ec3 truy\u1ec1n t\u1ea3i nh\u1eefng c\u1ea3m x\u00fac l\u00e3ng m\u1ea1n, y\u00eau th\u01b0\u01a1ng m\u00e0 ng\u01b0\u1eddi t\u1eb7ng mu\u1ed1n gi\u1eef k\u00edn. C\u00e1c lo\u1ea1i hoa nh\u01b0 hoa h\u1ed3ng, hoa baby, hoa tulip v\u00e0 hoa c\u1ea9m ch\u01b0\u1edbng th\u01b0\u1eddng \u0111\u01b0\u1ee3c s\u1eed d\u1ee5ng v\u1edbi m\u00e0u s\u1eafc nh\u1eb9 nh\u00e0ng v\u00e0 \u00fd ngh\u0129a s\u00e2u s\u1eafc. Hoa h\u1ed3ng bi\u1ec3u th\u1ecb t\u00ecnh y\u00eau v\u00e0 s\u1ef1 \u0111am m\u00ea, hoa baby t\u01b0\u1ee3ng tr\u01b0ng cho s\u1ef1 trong s\u00e1ng v\u00e0 ng\u00e2y th\u01a1, hoa tulip th\u1ec3 hi\u1ec7n t\u00ecnh y\u00eau ho\u00e0n m\u1ef9, trong khi hoa c\u1ea9m ch\u01b0\u1edbng mang l\u1ea1i s\u1ef1 l\u00e3ng m\u1ea1n v\u00e0 ch\u00e2n th\u00e0nh. S\u1ef1 k\u1ebft h\u1ee3p n\u00e0y kh\u00f4ng ch\u1ec9 t\u1ea1o n\u00ean m\u1ed9t b\u00f3 hoa \u0111\u1eb9p m\u1eaft m\u00e0 c\u00f2n mang l\u1ea1i nh\u1eefng l\u1eddi ch\u00fac t\u1ed1t \u0111\u1eb9p v\u00e0 t\u00ecnh c\u1ea3m s\u00e2u s\u1eafc t\u1eeb ng\u01b0\u1eddi t\u1eb7ng \u0111\u1ebfn ng\u01b0\u1eddi nh\u1eadn.<\/span><\/div>\n<div id=\"input_line_10\"><\/div>\n<div id=\"input_line_18\"><\/div>\n<p>&nbsp;<\/p>\n<figure id=\"attachment_302\" aria-describedby=\"caption-attachment-302\" style=\"width: 550px\" class=\"wp-caption aligncenter\"><img loading=\"lazy\" decoding=\"async\" class=\"wp-image-302\" src=\"http:\/\/shophoabentre.com\/wp-content\/uploads\/2021\/07\/33-768x1024.jpg\" alt=\"TH\u1ea6M Y\u00caU\" width=\"550\" height=\"733\" srcset=\"https:\/\/shophoabentre.com\/wp-content\/uploads\/2021\/07\/33-768x1024.jpg 768w, https:\/\/shophoabentre.com\/wp-content\/uploads\/2021\/07\/33-225x300.jpg 225w, https:\/\/shophoabentre.com\/wp-content\/uploads\/2021\/07\/33-510x680.jpg 510w, https:\/\/shophoabentre.com\/wp-content\/uploads\/2021\/07\/33-45x60.jpg 45w, https:\/\/shophoabentre.com\/wp-content\/uploads\/2021\/07\/33.jpg 864w\" sizes=\"auto, (max-width: 550px) 100vw, 550px\" \/><figcaption id=\"caption-attachment-302\" class=\"wp-caption-text\"><\/span> <span style=\"font-size: 120%;\">TH\u1ea6M Y\u00caU<\/span><\/figcaption><\/figure>\n<p>&nbsp;<\/p>\n<div id=\"input_line_11\"><span style=\"font-size: 120%;\"><strong><span id=\"input_part_0\" class=\"\" data-mention=\"Thi\u1ebft K\u1ebf Tinh T\u1ebf V\u00e0 Chi Ti\u1ebft Trang Tr\u00ed\">Thi\u1ebft K\u1ebf Tinh T\u1ebf V\u00e0 Chi Ti\u1ebft Trang Tr\u00ed<\/span><\/strong><\/span><\/div>\n<div id=\"input_line_12\"><span id=\"input_part_0\" class=\"\" style=\"font-size: 120%;\" data-mention=\"B\u00f3 hoa Th\u1ea7m Y\u00eau \u0111\u01b0\u1ee3c thi\u1ebft k\u1ebf v\u1edbi s\u1ef1 ch\u00fa \u00fd \u0111\u1ebfn t\u1eebng chi ti\u1ebft trang tr\u00ed v\u00e0 ch\u1ea5t li\u1ec7u. B\u00f3 hoa th\u01b0\u1eddng \u0111\u01b0\u1ee3c b\u1ecdc trong gi\u1ea5y cao c\u1ea5p ho\u1eb7c v\u1ea3i l\u1ee5a m\u1ec1m m\u1ea1i, gi\u00fap t\u0103ng th\u00eam v\u1ebb \u0111\u1eb9p v\u00e0 s\u1ef1 sang tr\u1ecdng cho s\u1ea3n ph\u1ea9m. C\u00e1c ph\u1ee5 ki\u1ec7n nh\u01b0 ruy b\u0103ng, l\u00e1 c\u00e2y v\u00e0 c\u00e1c v\u1eadt trang tr\u00ed kh\u00e1c \u0111\u01b0\u1ee3c s\u1eafp x\u1ebfp m\u1ed9t c\u00e1ch t\u1ec9 m\u1ec9 v\u00e0 h\u00e0i h\u00f2a, t\u1ea1o n\u00ean m\u1ed9t b\u1ee9c tranh hoa t\u01b0\u01a1i s\u00e1ng v\u00e0 sinh \u0111\u1ed9ng. Thi\u1ebft k\u1ebf c\u1ee7a b\u00f3 hoa ph\u1ea3i th\u1ec3 hi\u1ec7n \u0111\u01b0\u1ee3c s\u1ef1 trang tr\u1ecdng v\u00e0 ph\u00f9 h\u1ee3p v\u1edbi m\u1ecdi d\u1ecbp, t\u1eeb ng\u00e0y k\u1ef7 ni\u1ec7m \u0111\u1ebfn c\u00e1c d\u1ecbp l\u1ec5 quan tr\u1ecdng.\">B\u00f3 hoa Th\u1ea7m Y\u00eau \u0111\u01b0\u1ee3c thi\u1ebft k\u1ebf v\u1edbi s\u1ef1 ch\u00fa \u00fd \u0111\u1ebfn t\u1eebng chi ti\u1ebft trang tr\u00ed v\u00e0 ch\u1ea5t li\u1ec7u. B\u00f3 hoa th\u01b0\u1eddng \u0111\u01b0\u1ee3c b\u1ecdc trong gi\u1ea5y cao c\u1ea5p ho\u1eb7c v\u1ea3i l\u1ee5a m\u1ec1m m\u1ea1i, gi\u00fap t\u0103ng th\u00eam v\u1ebb \u0111\u1eb9p v\u00e0 s\u1ef1 sang tr\u1ecdng cho s\u1ea3n ph\u1ea9m. C\u00e1c ph\u1ee5 ki\u1ec7n nh\u01b0 ruy b\u0103ng, l\u00e1 c\u00e2y v\u00e0 c\u00e1c v\u1eadt trang tr\u00ed kh\u00e1c \u0111\u01b0\u1ee3c s\u1eafp x\u1ebfp m\u1ed9t c\u00e1ch t\u1ec9 m\u1ec9 v\u00e0 h\u00e0i h\u00f2a, t\u1ea1o n\u00ean m\u1ed9t b\u1ee9c tranh hoa t\u01b0\u01a1i s\u00e1ng v\u00e0 sinh \u0111\u1ed9ng. Thi\u1ebft k\u1ebf c\u1ee7a b\u00f3 hoa ph\u1ea3i th\u1ec3 hi\u1ec7n \u0111\u01b0\u1ee3c s\u1ef1 trang tr\u1ecdng v\u00e0 ph\u00f9 h\u1ee3p v\u1edbi m\u1ecdi d\u1ecbp, t\u1eeb ng\u00e0y k\u1ef7 ni\u1ec7m \u0111\u1ebfn c\u00e1c d\u1ecbp l\u1ec5 quan tr\u1ecdng.<\/span><\/div>\n<div id=\"input_line_13\"><\/div>\n<div id=\"input_line_14\"><span style=\"font-size: 120%;\"><strong><span id=\"input_part_0\" class=\"\" data-mention=\"S\u1ef1 C\u00e1 Nh\u00e2n H\u00f3a\">S\u1ef1 C\u00e1 Nh\u00e2n H\u00f3a<\/span><\/strong><\/span><\/div>\n<div id=\"input_line_15\"><span id=\"input_part_0\" class=\"\" style=\"font-size: 120%;\" data-mention=\"M\u1ed7i m\u1eabu b\u00f3 hoa Th\u1ea7m Y\u00eau \u0111\u1ec1u c\u00f3 th\u1ec3 \u0111\u01b0\u1ee3c c\u00e1 nh\u00e2n h\u00f3a theo s\u1edf th\u00edch v\u00e0 \u00fd ngh\u0129a c\u1ee7a ng\u01b0\u1eddi t\u1eb7ng. Vi\u1ec7c n\u00e0y gi\u00fap t\u0103ng th\u00eam gi\u00e1 tr\u1ecb tinh th\u1ea7n v\u00e0 s\u1ef1 g\u1eafn k\u1ebft t\u1edbi ng\u01b0\u1eddi nh\u1eadn, t\u1eeb vi\u1ec7c thay \u0111\u1ed5i lo\u1ea1i hoa, m\u00e0u s\u1eafc cho \u0111\u1ebfn vi\u1ec7c th\u00eam c\u00e1c chi ti\u1ebft c\u00e1 nh\u00e2n nh\u01b0 t\u00ean ng\u01b0\u1eddi nh\u1eadn, l\u1eddi ch\u00fac ho\u1eb7c h\u00ecnh \u1ea3nh k\u1ef7 ni\u1ec7m. \u0110i\u1ec1u n\u00e0y kh\u00f4ng ch\u1ec9 l\u00e0m cho b\u00f3 hoa tr\u1edf n\u00ean \u0111\u1ed9c \u0111\u00e1o m\u00e0 c\u00f2n l\u00e0 c\u00e1ch \u0111\u1ec3 th\u1ec3 hi\u1ec7n s\u1ef1 quan t\u00e2m v\u00e0 t\u00ecnh c\u1ea3m \u0111\u1eb7c bi\u1ec7t t\u1eeb ng\u01b0\u1eddi g\u1eedi \u0111\u1ebfn ng\u01b0\u1eddi nh\u1eadn.\">M\u1ed7i m\u1eabu b\u00f3 hoa Th\u1ea7m Y\u00eau \u0111\u1ec1u c\u00f3 th\u1ec3 \u0111\u01b0\u1ee3c c\u00e1 nh\u00e2n h\u00f3a theo s\u1edf th\u00edch v\u00e0 \u00fd ngh\u0129a c\u1ee7a ng\u01b0\u1eddi t\u1eb7ng. Vi\u1ec7c n\u00e0y gi\u00fap t\u0103ng th\u00eam gi\u00e1 tr\u1ecb tinh th\u1ea7n v\u00e0 s\u1ef1 g\u1eafn k\u1ebft t\u1edbi ng\u01b0\u1eddi nh\u1eadn, t\u1eeb vi\u1ec7c thay \u0111\u1ed5i lo\u1ea1i hoa, m\u00e0u s\u1eafc cho \u0111\u1ebfn vi\u1ec7c th\u00eam c\u00e1c chi ti\u1ebft c\u00e1 nh\u00e2n nh\u01b0 t\u00ean ng\u01b0\u1eddi nh\u1eadn, l\u1eddi ch\u00fac ho\u1eb7c h\u00ecnh \u1ea3nh k\u1ef7 ni\u1ec7m. \u0110i\u1ec1u n\u00e0y kh\u00f4ng ch\u1ec9 l\u00e0m cho b\u00f3 hoa tr\u1edf n\u00ean \u0111\u1ed9c \u0111\u00e1o m\u00e0 c\u00f2n l\u00e0 c\u00e1ch \u0111\u1ec3 th\u1ec3 hi\u1ec7n s\u1ef1 quan t\u00e2m v\u00e0 t\u00ecnh c\u1ea3m \u0111\u1eb7c bi\u1ec7t t\u1eeb ng\u01b0\u1eddi g\u1eedi \u0111\u1ebfn ng\u01b0\u1eddi nh\u1eadn.<\/span><\/div>\n<div id=\"input_line_16\"><\/div>\n<div id=\"input_line_17\"><span style=\"font-size: 120%;\"><strong><span id=\"input_part_0\" class=\"\" data-mention=\"D\u1ecbch V\u1ee5 T\u1eadn T\u00e2m V\u00e0 Chuy\u00ean Nghi\u1ec7p\">D\u1ecbch V\u1ee5 T\u1eadn T\u00e2m V\u00e0 Chuy\u00ean Nghi\u1ec7p<\/span><\/strong><\/span><\/div>\n<div id=\"input_line_18\"><span class=\"\" style=\"font-size: 120%;\" data-mention=\"C\u00e1c \u0111\u01a1n v\u1ecb cung c\u1ea5p b\u00f3 hoa Th\u1ea7m Y\u00eau th\u01b0\u1eddng c\u00f3 \u0111\u1ed9i ng\u0169 nh\u00e2n vi\u00ean gi\u00e0u kinh nghi\u1ec7m v\u00e0 t\u1eadn t\u00e2m. H\u1ecd kh\u00f4ng ch\u1ec9 gi\u00fap b\u1ea1n l\u1ef1a ch\u1ecdn m\u1eabu b\u00f3 hoa ph\u00f9 h\u1ee3p m\u00e0 c\u00f2n cung c\u1ea5p c\u00e1c d\u1ecbch v\u1ee5 \u0111i k\u00e8m nh\u01b0 giao hoa t\u1eadn n\u01a1i v\u00e0 t\u01b0 v\u1ea5n thi\u1ebft k\u1ebf. S\u1ef1 chuy\u00ean nghi\u1ec7p v\u00e0 t\u1eadn t\u00e2m c\u1ee7a h\u1ecd s\u1ebd gi\u00fap b\u1ea1n y\u00ean t\u00e2m v\u00e0 h\u00e0i l\u00f2ng khi t\u1eb7ng qu\u00e0 cho ng\u01b0\u1eddi th\u00e2n v\u00e0 b\u1ea1n b\u00e8 trong nh\u1eefng d\u1ecbp \u0111\u1eb7c bi\u1ec7t.\"><span class=\"\" data-mention=\"C\u00e1c \u0111\u01a1n v\u1ecb cung c\u1ea5p b\u00f3 hoa Th\u1ea7m Y\u00eau th\u01b0\u1eddng c\u00f3 \u0111\u1ed9i ng\u0169 nh\u00e2n vi\u00ean gi\u00e0u kinh nghi\u1ec7m v\u00e0 t\u1eadn t\u00e2m. H\u1ecd kh\u00f4ng ch\u1ec9 gi\u00fap b\u1ea1n l\u1ef1a ch\u1ecdn m\u1eabu b\u00f3 hoa ph\u00f9 h\u1ee3p m\u00e0 c\u00f2n cung c\u1ea5p c\u00e1c d\u1ecbch v\u1ee5 \u0111i k\u00e8m nh\u01b0 giao hoa t\u1eadn n\u01a1i v\u00e0 t\u01b0 v\u1ea5n thi\u1ebft k\u1ebf. S\u1ef1 chuy\u00ean nghi\u1ec7p v\u00e0 t\u1eadn t\u00e2m c\u1ee7a h\u1ecd s\u1ebd gi\u00fap b\u1ea1n y\u00ean t\u00e2m v\u00e0 h\u00e0i l\u00f2ng khi t\u1eb7ng qu\u00e0 cho ng\u01b0\u1eddi th\u00e2n v\u00e0 b\u1ea1n b\u00e8 trong nh\u1eefng d\u1ecbp \u0111\u1eb7c bi\u1ec7t.\">C\u00e1c \u0111\u01a1n v\u1ecb cung c\u1ea5p b\u00f3 hoa Th\u1ea7m Y\u00eau th\u01b0\u1eddng c\u00f3 \u0111\u1ed9i ng\u0169 nh\u00e2n vi\u00ean gi\u00e0u kinh nghi\u1ec7m v\u00e0 t\u1eadn t\u00e2m. H\u1ecd kh\u00f4ng ch\u1ec9 gi\u00fap b\u1ea1n l\u1ef1a ch\u1ecdn m\u1eabu b\u00f3 hoa ph\u00f9 h\u1ee3p m\u00e0 c\u00f2n cung c\u1ea5p c\u00e1c d\u1ecbch v\u1ee5 \u0111i k\u00e8m nh\u01b0 giao hoa t\u1eadn n\u01a1i v\u00e0 t\u01b0 v\u1ea5n thi\u1ebft k\u1ebf. S\u1ef1 chuy\u00ean nghi\u1ec7p v\u00e0 t\u1eadn t\u00e2m c\u1ee7a h\u1ecd s\u1ebd gi\u00fap b\u1ea1n y\u00ean t\u00e2m v\u00e0 h\u00e0i l\u00f2ng khi t\u1eb7ng qu\u00e0 cho ng\u01b0\u1eddi th\u00e2n v\u00e0 b\u1ea1n b\u00e8 trong nh\u1eefng d\u1ecbp \u0111\u1eb7c bi\u1ec7t.<\/p>\n<p><a href=\"https:\/\/shophoabentre.com\/dien-hoa-chia-buon-giao-tai-ba-tri\/\" target=\"_blank\" rel=\"noopener\">\u0110i\u1ec7n Hoa Chia Bu\u1ed3n Giao T\u1ea1i Ba Tri<\/a><\/p>\n<p><\/span><\/span><\/p>\n<div><span style=\"font-size: 120%;\"><b>Nh\u1eefng d\u1ecbch v\u1ee5 c\u1ee7a shop hoa t\u01b0\u01a1i c\u1ee7a ch\u00fang t\u00f4i<\/b><\/span><br \/>\n<span style=\"font-size: 120%;\">&#8211; Giao Hoa T\u1eadn N\u01a1i<\/span><br \/>\n<span style=\"font-size: 120%;\">&#8211; C\u00f3\u00a0<b>H\u00f3a \u0110\u01a1n \u0110\u1ecf<\/b>\u00a0Vat ( hoa \u0111\u01a1n \u0111i\u1ec7n t\u1eed )<\/span><br \/>\n<span style=\"font-size: 120%;\">&#8211; Ch\u1ee5p \u1ea2nh tr\u01b0\u1edbc khi giaoxem th\u00eam &gt;&gt;\u00a0<a href=\"https:\/\/shophoatuoidep.net\/danh-muc\/hoa-sinh-nhat-15\" target=\"_blank\" rel=\"noopener\">hoa sinh nh\u1eadt<\/a>,\u00a0<a href=\"https:\/\/shophoatuoidep.net\/danh-muc\/hoa-khai-truong-13\" target=\"_blank\" rel=\"noopener\">hoa khai tr\u01b0\u01a1ng<\/a>,\u00a0<a href=\"https:\/\/shophoatuoidep.net\/danh-muc\/hoa-chia-buon-7\" target=\"_blank\" rel=\"noopener\">hoa chia bu\u1ed3n<\/a>\u00a0,<\/span><\/div>\n<div><\/div>\n<div><span style=\"font-size: 120%;\"><a href=\"https:\/\/dienhoa24gio.net\/\" target=\"_blank\" rel=\"noopener\">\u00a0\u0111i\u1ec7n hoa 24gio\u00a0<\/a>.<a href=\"https:\/\/shopbanhoa.com\/\" target=\"_blank\" rel=\"noopener\">\u00a0shop hoa t\u01b0\u01a1i\u00a0<\/a>,\u00a0<a href=\"https:\/\/diachishophoa.com\/\" target=\"_blank\" rel=\"noopener\">shop hoa t\u01b0\u01a1i<\/a><\/span><\/div>\n<\/div>\n","protected":false},"excerpt":{"rendered":"<p><span id=\"input_part_0\" class=\"\" style=\"font-size: 120%;\" data-mention=\"B\u00f3 Hoa Th\u1ea7m Y\u00eau: G\u1eedi G\u1eafm L\u1eddi Y\u00eau Th\u01b0\u01a1ng Ch\u00e2n Th\u00e0nh V\u00e0 S\u00e2u S\u1eafc&quot;\">B\u00f3 Hoa Th\u1ea7m Y\u00eau: G\u1eedi G\u1eafm L\u1eddi Y\u00eau Th\u01b0\u01a1ng Ch\u00e2n Th\u00e0nh V\u00e0 S\u00e2u S\u1eafc<\/span><\/p>\n","protected":false},"featured_media":302,"comment_status":"open","ping_status":"closed","template":"","meta":[],"product_brand":[],"product_cat":[36],"product_tag":[68,66,62,61,64],"class_list":{"0":"post-301","1":"product","2":"type-product","3":"status-publish","4":"has-post-thumbnail","6":"product_cat-hoa-bo","7":"product_tag-bo-tham-yeu","8":"product_tag-bo-than-tang","9":"product_tag-chuc-mung-khai-truong","10":"product_tag-hoa-mung-sinh-nhat","11":"product_tag-lang-hoa-chuc-mung-dep","13":"first","14":"instock","15":"shipping-taxable","16":"purchasable","17":"product-type-simple"},"_links":{"self":[{"href":"https:\/\/shophoabentre.com\/index.php?rest_route=\/wp\/v2\/product\/301","targetHints":{"allow":["GET"]}}],"collection":[{"href":"https:\/\/shophoabentre.com\/index.php?rest_route=\/wp\/v2\/product"}],"about":[{"href":"https:\/\/shophoabentre.com\/index.php?rest_route=\/wp\/v2\/types\/product"}],"replies":[{"embeddable":true,"href":"https:\/\/shophoabentre.com\/index.php?rest_route=%2Fwp%2Fv2%2Fcomments&post=301"}],"wp:featuredmedia":[{"embeddable":true,"href":"https:\/\/shophoabentre.com\/index.php?rest_route=\/wp\/v2\/media\/302"}],"wp:attachment":[{"href":"https:\/\/shophoabentre.com\/index.php?rest_route=%2Fwp%2Fv2%2Fmedia&parent=301"}],"wp:term":[{"taxonomy":"product_brand","embeddable":true,"href":"https:\/\/shophoabentre.com\/index.php?rest_route=%2Fwp%2Fv2%2Fproduct_brand&post=301"},{"taxonomy":"product_cat","embeddable":true,"href":"https:\/\/shophoabentre.com\/index.php?rest_route=%2Fwp%2Fv2%2Fproduct_cat&post=301"},{"taxonomy":"product_tag","embeddable":true,"href":"https:\/\/shophoabentre.com\/index.php?rest_route=%2Fwp%2Fv2%2Fproduct_tag&post=301"}],"curies":[{"name":"wp","href":"https:\/\/api.w.org\/{rel}","templated":true}]}}