{"id":299,"date":"2021-07-06T02:32:13","date_gmt":"2021-07-06T02:32:13","guid":{"rendered":"https:\/\/shophoabentre.com\/?post_type=product&#038;p=299"},"modified":"2026-04-30T03:58:50","modified_gmt":"2026-04-30T03:58:50","slug":"mai-goi-em","status":"publish","type":"product","link":"https:\/\/shophoabentre.com\/?product=mai-goi-em","title":{"rendered":"M\u00c3I G\u1eccI EM"},"content":{"rendered":"<h2 id=\"input_line_0\" style=\"text-align: center;\"><span style=\"font-size: 120%;\"><strong><span id=\"input_part_0\" class=\"\" data-mention=\"B\u00f3 Hoa M\u00e3i G\u1ecdi Em: L\u1eddi Th\u01b0\u01a1ng Y\u00eau V\u0129nh C\u1eedu D\u00e0nh Cho Ng\u01b0\u1eddi \u0110\u1eb7c Bi\u1ec7t&quot;\">B\u00f3 Hoa M\u00e3i G\u1ecdi Em: L\u1eddi Th\u01b0\u01a1ng Y\u00eau V\u0129nh C\u1eedu D\u00e0nh Cho Ng\u01b0\u1eddi \u0110\u1eb7c Bi\u1ec7t<\/span><\/strong><\/span><\/h2>\n<div id=\"input_line_1\"><\/div>\n<div id=\"input_line_2\">\n<\/div>\n<div id=\"input_line_3\"><span id=\"input_part_0\" class=\"\" style=\"font-size: 120%;\" data-mention=\"&quot;T\u00ecm hi\u1ec3u v\u1ec1 c\u00e1c m\u1eabu b\u00f3 hoa M\u00e3i G\u1ecdi Em v\u1edbi thi\u1ebft k\u1ebf tinh t\u1ebf, g\u1eedi g\u1eafm th\u00f4ng \u0111i\u1ec7p y\u00eau th\u01b0\u01a1ng v\u0129nh c\u1eedu \u0111\u1ebfn ng\u01b0\u1eddi b\u1ea1n y\u00eau qu\u00fd. Ch\u1ecdn ngay m\u00f3n qu\u00e0 ho\u00e0n h\u1ea3o \u0111\u1ec3 th\u1ec3 hi\u1ec7n t\u00ecnh c\u1ea3m ch\u00e2n th\u00e0nh v\u00e0 l\u00e3ng m\u1ea1n.&quot;\">&#8220;T\u00ecm hi\u1ec3u v\u1ec1 c\u00e1c m\u1eabu b\u00f3 hoa M\u00e3i G\u1ecdi Em v\u1edbi thi\u1ebft k\u1ebf tinh t\u1ebf, g\u1eedi g\u1eafm th\u00f4ng \u0111i\u1ec7p y\u00eau th\u01b0\u01a1ng v\u0129nh c\u1eedu \u0111\u1ebfn ng\u01b0\u1eddi b\u1ea1n y\u00eau qu\u00fd. Ch\u1ecdn ngay m\u00f3n qu\u00e0 ho\u00e0n h\u1ea3o \u0111\u1ec3 th\u1ec3 hi\u1ec7n t\u00ecnh c\u1ea3m ch\u00e2n th\u00e0nh v\u00e0 l\u00e3ng m\u1ea1n.&#8221;<\/span><\/div>\n<div id=\"input_line_5\"><\/div>\n<div id=\"input_line_6\"><span id=\"input_part_0\" class=\"\" style=\"font-size: 120%;\" data-mention=\"B\u00f3 hoa M\u00e3i G\u1ecdi Em l\u00e0 m\u1ed9t m\u00f3n qu\u00e0 \u0111\u1eb7c bi\u1ec7t, bi\u1ec3u t\u01b0\u1ee3ng cho t\u00ecnh y\u00eau v\u0129nh c\u1eedu v\u00e0 l\u1eddi h\u1ee9a ch\u00e2n th\u00e0nh. V\u1edbi s\u1ef1 k\u1ebft h\u1ee3p tinh t\u1ebf gi\u1eefa c\u00e1c lo\u1ea1i hoa v\u00e0 ph\u1ee5 ki\u1ec7n, m\u1ed7i b\u00f3 hoa mang \u0111\u1ebfn m\u1ed9t th\u00f4ng \u0111i\u1ec7p s\u00e2u s\u1eafc v\u00e0 t\u00ecnh c\u1ea3m \u1ea5m \u00e1p d\u00e0nh cho ng\u01b0\u1eddi nh\u1eadn.\">B\u00f3 hoa M\u00e3i G\u1ecdi Em l\u00e0 m\u1ed9t m\u00f3n qu\u00e0 \u0111\u1eb7c bi\u1ec7t, bi\u1ec3u t\u01b0\u1ee3ng cho t\u00ecnh y\u00eau v\u0129nh c\u1eedu v\u00e0 l\u1eddi h\u1ee9a ch\u00e2n th\u00e0nh. V\u1edbi s\u1ef1 k\u1ebft h\u1ee3p tinh t\u1ebf gi\u1eefa c\u00e1c lo\u1ea1i hoa v\u00e0 ph\u1ee5 ki\u1ec7n, m\u1ed7i b\u00f3 hoa mang \u0111\u1ebfn m\u1ed9t th\u00f4ng \u0111i\u1ec7p s\u00e2u s\u1eafc v\u00e0 t\u00ecnh c\u1ea3m \u1ea5m \u00e1p d\u00e0nh cho ng\u01b0\u1eddi nh\u1eadn.<\/span><\/div>\n<div id=\"input_line_7\"><\/div>\n<div id=\"input_line_8\"><span style=\"font-size: 120%;\"><strong><span id=\"input_part_0\" class=\"\" data-mention=\"\u00dd Ngh\u0129a C\u1ee7a B\u00f3 Hoa M\u00e3i G\u1ecdi Em\">\u00dd Ngh\u0129a C\u1ee7a B\u00f3 Hoa M\u00e3i G\u1ecdi Em<\/span><\/strong><\/span><\/div>\n<div id=\"input_line_9\"><span id=\"input_part_0\" class=\"\" style=\"font-size: 120%;\" data-mention=\"Hoa M\u00e3i G\u1ecdi Em th\u01b0\u1eddng \u0111\u01b0\u1ee3c l\u1ef1a ch\u1ecdn \u0111\u1ec3 truy\u1ec1n t\u1ea3i l\u1eddi ch\u00fac ph\u00fac v\u1ec1 t\u00ecnh y\u00eau v\u0129nh c\u1eedu v\u00e0 s\u1ef1 g\u1eafn b\u00f3 b\u1ec1n ch\u1eb7t. C\u00e1c lo\u1ea1i hoa nh\u01b0 hoa h\u1ed3ng, hoa lan, hoa lily v\u00e0 hoa baby th\u01b0\u1eddng \u0111\u01b0\u1ee3c s\u1eed d\u1ee5ng v\u1edbi m\u00e0u s\u1eafc t\u01b0\u01a1i s\u00e1ng v\u00e0 \u00fd ngh\u0129a s\u00e2u s\u1eafc. Hoa h\u1ed3ng bi\u1ec3u th\u1ecb t\u00ecnh y\u00eau v\u00e0 s\u1ef1 l\u00e3ng m\u1ea1n, hoa lan t\u01b0\u1ee3ng tr\u01b0ng cho s\u1ef1 cao qu\u00fd v\u00e0 th\u1ecbnh v\u01b0\u1ee3ng, hoa lily mang l\u1ea1i s\u1ef1 tinh khi\u1ebft v\u00e0 thanh cao, trong khi hoa baby th\u1ec3 hi\u1ec7n s\u1ef1 nh\u1eb9 nh\u00e0ng v\u00e0 d\u1ecbu d\u00e0ng. S\u1ef1 k\u1ebft h\u1ee3p n\u00e0y kh\u00f4ng ch\u1ec9 t\u1ea1o n\u00ean m\u1ed9t b\u00f3 hoa \u0111\u1eb9p m\u1eaft m\u00e0 c\u00f2n mang l\u1ea1i nh\u1eefng l\u1eddi ch\u00fac t\u1ed1t \u0111\u1eb9p v\u00e0 t\u00ecnh c\u1ea3m s\u00e2u s\u1eafc t\u1eeb ng\u01b0\u1eddi t\u1eb7ng \u0111\u1ebfn ng\u01b0\u1eddi nh\u1eadn.\">Hoa M\u00e3i G\u1ecdi Em th\u01b0\u1eddng \u0111\u01b0\u1ee3c l\u1ef1a ch\u1ecdn \u0111\u1ec3 truy\u1ec1n t\u1ea3i l\u1eddi ch\u00fac ph\u00fac v\u1ec1 t\u00ecnh y\u00eau v\u0129nh c\u1eedu v\u00e0 s\u1ef1 g\u1eafn b\u00f3 b\u1ec1n ch\u1eb7t. C\u00e1c lo\u1ea1i hoa nh\u01b0 hoa h\u1ed3ng, hoa lan, hoa lily v\u00e0 hoa baby th\u01b0\u1eddng \u0111\u01b0\u1ee3c s\u1eed d\u1ee5ng v\u1edbi m\u00e0u s\u1eafc t\u01b0\u01a1i s\u00e1ng v\u00e0 \u00fd ngh\u0129a s\u00e2u s\u1eafc. Hoa h\u1ed3ng bi\u1ec3u th\u1ecb t\u00ecnh y\u00eau v\u00e0 s\u1ef1 l\u00e3ng m\u1ea1n, hoa lan t\u01b0\u1ee3ng tr\u01b0ng cho s\u1ef1 cao qu\u00fd v\u00e0 th\u1ecbnh v\u01b0\u1ee3ng, hoa lily mang l\u1ea1i s\u1ef1 tinh khi\u1ebft v\u00e0 thanh cao, trong khi hoa baby th\u1ec3 hi\u1ec7n s\u1ef1 nh\u1eb9 nh\u00e0ng v\u00e0 d\u1ecbu d\u00e0ng. S\u1ef1 k\u1ebft h\u1ee3p n\u00e0y kh\u00f4ng ch\u1ec9 t\u1ea1o n\u00ean m\u1ed9t b\u00f3 hoa \u0111\u1eb9p m\u1eaft m\u00e0 c\u00f2n mang l\u1ea1i nh\u1eefng l\u1eddi ch\u00fac t\u1ed1t \u0111\u1eb9p v\u00e0 t\u00ecnh c\u1ea3m s\u00e2u s\u1eafc t\u1eeb ng\u01b0\u1eddi t\u1eb7ng \u0111\u1ebfn ng\u01b0\u1eddi nh\u1eadn.<\/span><\/div>\n<div id=\"input_line_10\"><\/div>\n<div id=\"input_line_18\"><\/div>\n<p>&nbsp;<\/p>\n<figure id=\"attachment_300\" aria-describedby=\"caption-attachment-300\" style=\"width: 527px\" class=\"wp-caption aligncenter\"><img loading=\"lazy\" decoding=\"async\" class=\"wp-image-300 size-full\" src=\"http:\/\/shophoabentre.com\/wp-content\/uploads\/2021\/07\/19.jpg\" alt=\"M\u00c3I G\u1eccI EM\" width=\"527\" height=\"650\" srcset=\"https:\/\/shophoabentre.com\/wp-content\/uploads\/2021\/07\/19.jpg 527w, https:\/\/shophoabentre.com\/wp-content\/uploads\/2021\/07\/19-243x300.jpg 243w, https:\/\/shophoabentre.com\/wp-content\/uploads\/2021\/07\/19-510x629.jpg 510w, https:\/\/shophoabentre.com\/wp-content\/uploads\/2021\/07\/19-49x60.jpg 49w\" sizes=\"auto, (max-width: 527px) 100vw, 527px\" \/><figcaption id=\"caption-attachment-300\" class=\"wp-caption-text\"><\/span> <span style=\"font-size: 120%;\">M\u00c3I G\u1eccI EM<\/span><\/figcaption><\/figure>\n<p>&nbsp;<\/p>\n<div id=\"input_line_11\"><span style=\"font-size: 120%;\"><strong><span id=\"input_part_0\" class=\"\" data-mention=\"Thi\u1ebft K\u1ebf Tinh T\u1ebf V\u00e0 Chi Ti\u1ebft Trang Tr\u00ed\">Thi\u1ebft K\u1ebf Tinh T\u1ebf V\u00e0 Chi Ti\u1ebft Trang Tr\u00ed<\/span><\/strong><\/span><\/div>\n<div id=\"input_line_12\"><span id=\"input_part_0\" class=\"\" style=\"font-size: 120%;\" data-mention=\"B\u00f3 hoa M\u00e3i G\u1ecdi Em \u0111\u01b0\u1ee3c thi\u1ebft k\u1ebf v\u1edbi s\u1ef1 ch\u00fa \u00fd \u0111\u1ebfn t\u1eebng chi ti\u1ebft trang tr\u00ed v\u00e0 ch\u1ea5t li\u1ec7u. B\u00f3 hoa th\u01b0\u1eddng \u0111\u01b0\u1ee3c b\u1ecdc trong gi\u1ea5y cao c\u1ea5p ho\u1eb7c v\u1ea3i l\u1ee5a m\u1ec1m m\u1ea1i, gi\u00fap t\u0103ng th\u00eam v\u1ebb \u0111\u1eb9p v\u00e0 s\u1ef1 sang tr\u1ecdng cho s\u1ea3n ph\u1ea9m. C\u00e1c ph\u1ee5 ki\u1ec7n nh\u01b0 ruy b\u0103ng, l\u00e1 c\u00e2y v\u00e0 c\u00e1c v\u1eadt trang tr\u00ed kh\u00e1c \u0111\u01b0\u1ee3c s\u1eafp x\u1ebfp m\u1ed9t c\u00e1ch t\u1ec9 m\u1ec9 v\u00e0 h\u00e0i h\u00f2a, t\u1ea1o n\u00ean m\u1ed9t b\u1ee9c tranh hoa t\u01b0\u01a1i s\u00e1ng v\u00e0 sinh \u0111\u1ed9ng. Thi\u1ebft k\u1ebf c\u1ee7a b\u00f3 hoa ph\u1ea3i th\u1ec3 hi\u1ec7n \u0111\u01b0\u1ee3c s\u1ef1 trang tr\u1ecdng v\u00e0 ph\u00f9 h\u1ee3p v\u1edbi m\u1ecdi d\u1ecbp, t\u1eeb ng\u00e0y k\u1ef7 ni\u1ec7m \u0111\u1ebfn c\u00e1c d\u1ecbp l\u1ec5 quan tr\u1ecdng.\">B\u00f3 hoa M\u00e3i G\u1ecdi Em \u0111\u01b0\u1ee3c thi\u1ebft k\u1ebf v\u1edbi s\u1ef1 ch\u00fa \u00fd \u0111\u1ebfn t\u1eebng chi ti\u1ebft trang tr\u00ed v\u00e0 ch\u1ea5t li\u1ec7u. B\u00f3 hoa th\u01b0\u1eddng \u0111\u01b0\u1ee3c b\u1ecdc trong gi\u1ea5y cao c\u1ea5p ho\u1eb7c v\u1ea3i l\u1ee5a m\u1ec1m m\u1ea1i, gi\u00fap t\u0103ng th\u00eam v\u1ebb \u0111\u1eb9p v\u00e0 s\u1ef1 sang tr\u1ecdng cho s\u1ea3n ph\u1ea9m. C\u00e1c ph\u1ee5 ki\u1ec7n nh\u01b0 ruy b\u0103ng, l\u00e1 c\u00e2y v\u00e0 c\u00e1c v\u1eadt trang tr\u00ed kh\u00e1c \u0111\u01b0\u1ee3c s\u1eafp x\u1ebfp m\u1ed9t c\u00e1ch t\u1ec9 m\u1ec9 v\u00e0 h\u00e0i h\u00f2a, t\u1ea1o n\u00ean m\u1ed9t b\u1ee9c tranh hoa t\u01b0\u01a1i s\u00e1ng v\u00e0 sinh \u0111\u1ed9ng. Thi\u1ebft k\u1ebf c\u1ee7a b\u00f3 hoa ph\u1ea3i th\u1ec3 hi\u1ec7n \u0111\u01b0\u1ee3c s\u1ef1 trang tr\u1ecdng v\u00e0 ph\u00f9 h\u1ee3p v\u1edbi m\u1ecdi d\u1ecbp, t\u1eeb ng\u00e0y k\u1ef7 ni\u1ec7m \u0111\u1ebfn c\u00e1c d\u1ecbp l\u1ec5 quan tr\u1ecdng.<\/span><\/div>\n<div id=\"input_line_13\"><\/div>\n<div id=\"input_line_14\"><span style=\"font-size: 120%;\"><strong><span id=\"input_part_0\" class=\"\" data-mention=\"S\u1ef1 C\u00e1 Nh\u00e2n H\u00f3a\">S\u1ef1 C\u00e1 Nh\u00e2n H\u00f3a<\/span><\/strong><\/span><\/div>\n<div id=\"input_line_15\"><span id=\"input_part_0\" class=\"\" style=\"font-size: 120%;\" data-mention=\"M\u1ed7i m\u1eabu b\u00f3 hoa M\u00e3i G\u1ecdi Em \u0111\u1ec1u c\u00f3 th\u1ec3 \u0111\u01b0\u1ee3c c\u00e1 nh\u00e2n h\u00f3a theo s\u1edf th\u00edch v\u00e0 \u00fd ngh\u0129a c\u1ee7a ng\u01b0\u1eddi t\u1eb7ng. Vi\u1ec7c n\u00e0y gi\u00fap t\u0103ng th\u00eam gi\u00e1 tr\u1ecb tinh th\u1ea7n v\u00e0 s\u1ef1 g\u1eafn k\u1ebft t\u1edbi ng\u01b0\u1eddi nh\u1eadn, t\u1eeb vi\u1ec7c thay \u0111\u1ed5i lo\u1ea1i hoa, m\u00e0u s\u1eafc cho \u0111\u1ebfn vi\u1ec7c th\u00eam c\u00e1c chi ti\u1ebft c\u00e1 nh\u00e2n nh\u01b0 t\u00ean ng\u01b0\u1eddi nh\u1eadn, l\u1eddi ch\u00fac ho\u1eb7c h\u00ecnh \u1ea3nh k\u1ef7 ni\u1ec7m. \u0110i\u1ec1u n\u00e0y kh\u00f4ng ch\u1ec9 l\u00e0m cho b\u00f3 hoa tr\u1edf n\u00ean \u0111\u1ed9c \u0111\u00e1o m\u00e0 c\u00f2n l\u00e0 c\u00e1ch \u0111\u1ec3 th\u1ec3 hi\u1ec7n s\u1ef1 quan t\u00e2m v\u00e0 t\u00ecnh c\u1ea3m \u0111\u1eb7c bi\u1ec7t t\u1eeb ng\u01b0\u1eddi g\u1eedi \u0111\u1ebfn ng\u01b0\u1eddi nh\u1eadn.\">M\u1ed7i m\u1eabu b\u00f3 hoa M\u00e3i G\u1ecdi Em \u0111\u1ec1u c\u00f3 th\u1ec3 \u0111\u01b0\u1ee3c c\u00e1 nh\u00e2n h\u00f3a theo s\u1edf th\u00edch v\u00e0 \u00fd ngh\u0129a c\u1ee7a ng\u01b0\u1eddi t\u1eb7ng. Vi\u1ec7c n\u00e0y gi\u00fap t\u0103ng th\u00eam gi\u00e1 tr\u1ecb tinh th\u1ea7n v\u00e0 s\u1ef1 g\u1eafn k\u1ebft t\u1edbi ng\u01b0\u1eddi nh\u1eadn, t\u1eeb vi\u1ec7c thay \u0111\u1ed5i lo\u1ea1i hoa, m\u00e0u s\u1eafc cho \u0111\u1ebfn vi\u1ec7c th\u00eam c\u00e1c chi ti\u1ebft c\u00e1 nh\u00e2n nh\u01b0 t\u00ean ng\u01b0\u1eddi nh\u1eadn, l\u1eddi ch\u00fac ho\u1eb7c h\u00ecnh \u1ea3nh k\u1ef7 ni\u1ec7m. \u0110i\u1ec1u n\u00e0y kh\u00f4ng ch\u1ec9 l\u00e0m cho b\u00f3 hoa tr\u1edf n\u00ean \u0111\u1ed9c \u0111\u00e1o m\u00e0 c\u00f2n l\u00e0 c\u00e1ch \u0111\u1ec3 th\u1ec3 hi\u1ec7n s\u1ef1 quan t\u00e2m v\u00e0 t\u00ecnh c\u1ea3m \u0111\u1eb7c bi\u1ec7t t\u1eeb ng\u01b0\u1eddi g\u1eedi \u0111\u1ebfn ng\u01b0\u1eddi nh\u1eadn.<\/span><\/div>\n<div id=\"input_line_16\"><\/div>\n<div id=\"input_line_17\"><span style=\"font-size: 120%;\"><strong><span id=\"input_part_0\" class=\"\" data-mention=\"D\u1ecbch V\u1ee5 T\u1eadn T\u00e2m V\u00e0 Chuy\u00ean Nghi\u1ec7p\">D\u1ecbch V\u1ee5 T\u1eadn T\u00e2m V\u00e0 Chuy\u00ean Nghi\u1ec7p<\/span><\/strong><\/span><\/div>\n<div id=\"input_line_18\"><span class=\"\" style=\"font-size: 120%;\" data-mention=\"C\u00e1c \u0111\u01a1n v\u1ecb cung c\u1ea5p b\u00f3 hoa M\u00e3i G\u1ecdi Em th\u01b0\u1eddng c\u00f3 \u0111\u1ed9i ng\u0169 nh\u00e2n vi\u00ean gi\u00e0u kinh nghi\u1ec7m v\u00e0 t\u1eadn t\u00e2m. H\u1ecd kh\u00f4ng ch\u1ec9 gi\u00fap b\u1ea1n l\u1ef1a ch\u1ecdn m\u1eabu b\u00f3 hoa ph\u00f9 h\u1ee3p m\u00e0 c\u00f2n cung c\u1ea5p c\u00e1c d\u1ecbch v\u1ee5 \u0111i k\u00e8m nh\u01b0 giao hoa t\u1eadn n\u01a1i v\u00e0 t\u01b0 v\u1ea5n thi\u1ebft k\u1ebf. S\u1ef1 chuy\u00ean nghi\u1ec7p v\u00e0 t\u1eadn t\u00e2m c\u1ee7a h\u1ecd s\u1ebd gi\u00fap b\u1ea1n y\u00ean t\u00e2m v\u00e0 h\u00e0i l\u00f2ng khi t\u1eb7ng qu\u00e0 cho ng\u01b0\u1eddi th\u00e2n v\u00e0 b\u1ea1n b\u00e8 trong nh\u1eefng d\u1ecbp \u0111\u1eb7c bi\u1ec7t.\"><span class=\"\" data-mention=\"C\u00e1c \u0111\u01a1n v\u1ecb cung c\u1ea5p b\u00f3 hoa M\u00e3i G\u1ecdi Em th\u01b0\u1eddng c\u00f3 \u0111\u1ed9i ng\u0169 nh\u00e2n vi\u00ean gi\u00e0u kinh nghi\u1ec7m v\u00e0 t\u1eadn t\u00e2m. H\u1ecd kh\u00f4ng ch\u1ec9 gi\u00fap b\u1ea1n l\u1ef1a ch\u1ecdn m\u1eabu b\u00f3 hoa ph\u00f9 h\u1ee3p m\u00e0 c\u00f2n cung c\u1ea5p c\u00e1c d\u1ecbch v\u1ee5 \u0111i k\u00e8m nh\u01b0 giao hoa t\u1eadn n\u01a1i v\u00e0 t\u01b0 v\u1ea5n thi\u1ebft k\u1ebf. S\u1ef1 chuy\u00ean nghi\u1ec7p v\u00e0 t\u1eadn t\u00e2m c\u1ee7a h\u1ecd s\u1ebd gi\u00fap b\u1ea1n y\u00ean t\u00e2m v\u00e0 h\u00e0i l\u00f2ng khi t\u1eb7ng qu\u00e0 cho ng\u01b0\u1eddi th\u00e2n v\u00e0 b\u1ea1n b\u00e8 trong nh\u1eefng d\u1ecbp \u0111\u1eb7c bi\u1ec7t.\">C\u00e1c \u0111\u01a1n v\u1ecb cung c\u1ea5p b\u00f3 hoa M\u00e3i G\u1ecdi Em th\u01b0\u1eddng c\u00f3 \u0111\u1ed9i ng\u0169 nh\u00e2n vi\u00ean gi\u00e0u kinh nghi\u1ec7m v\u00e0 t\u1eadn t\u00e2m. H\u1ecd kh\u00f4ng ch\u1ec9 gi\u00fap b\u1ea1n l\u1ef1a ch\u1ecdn m\u1eabu b\u00f3 hoa ph\u00f9 h\u1ee3p m\u00e0 c\u00f2n cung c\u1ea5p c\u00e1c d\u1ecbch v\u1ee5 \u0111i k\u00e8m nh\u01b0 giao hoa t\u1eadn n\u01a1i v\u00e0 t\u01b0 v\u1ea5n thi\u1ebft k\u1ebf. S\u1ef1 chuy\u00ean nghi\u1ec7p v\u00e0 t\u1eadn t\u00e2m c\u1ee7a h\u1ecd s\u1ebd gi\u00fap b\u1ea1n y\u00ean t\u00e2m v\u00e0 h\u00e0i l\u00f2ng khi t\u1eb7ng qu\u00e0 cho ng\u01b0\u1eddi th\u00e2n v\u00e0 b\u1ea1n b\u00e8 trong nh\u1eefng d\u1ecbp \u0111\u1eb7c bi\u1ec7t.<\/p>\n<p><a href=\"https:\/\/shophoabentre.com\/dat-hoa-tang-ngay-8-thang-3-tai-binh-dai\/\" target=\"_blank\" rel=\"noopener\">\u0110\u1eb7t Hoa T\u1eb7ng Ng\u00e0y 8 Th\u00e1ng 3 T\u1ea1i B\u00ecnh \u0110\u1ea1i<\/a><\/p>\n<p><\/span><\/span><\/p>\n<div><span style=\"font-size: 120%;\"><b>Nh\u1eefng d\u1ecbch v\u1ee5 c\u1ee7a shop hoa t\u01b0\u01a1i c\u1ee7a ch\u00fang t\u00f4i<\/b><\/span><br \/>\n<span style=\"font-size: 120%;\">&#8211; Giao Hoa T\u1eadn N\u01a1i<\/span><br \/>\n<span style=\"font-size: 120%;\">&#8211; C\u00f3\u00a0<b>H\u00f3a \u0110\u01a1n \u0110\u1ecf<\/b>\u00a0Vat ( hoa \u0111\u01a1n \u0111i\u1ec7n t\u1eed )<\/span><br \/>\n<span style=\"font-size: 120%;\">&#8211; Ch\u1ee5p \u1ea2nh tr\u01b0\u1edbc khi giaoxem th\u00eam &gt;&gt;\u00a0<a href=\"https:\/\/shophoatuoidep.net\/danh-muc\/hoa-sinh-nhat-15\" target=\"_blank\" rel=\"noopener\">hoa sinh nh\u1eadt<\/a>,\u00a0<a href=\"https:\/\/shophoatuoidep.net\/danh-muc\/hoa-khai-truong-13\" target=\"_blank\" rel=\"noopener\">hoa khai tr\u01b0\u01a1ng<\/a>,\u00a0<a href=\"https:\/\/shophoatuoidep.net\/danh-muc\/hoa-chia-buon-7\" target=\"_blank\" rel=\"noopener\">hoa chia bu\u1ed3n<\/a>\u00a0,<\/span><\/div>\n<div><\/div>\n<div><span style=\"font-size: 120%;\"><a href=\"https:\/\/dienhoa24gio.net\/\" target=\"_blank\" rel=\"noopener\">\u00a0\u0111i\u1ec7n hoa 24gio\u00a0<\/a>.<a href=\"https:\/\/shopbanhoa.com\/\" target=\"_blank\" rel=\"noopener\">\u00a0shop hoa t\u01b0\u01a1i\u00a0<\/a>,\u00a0<a href=\"https:\/\/diachishophoa.com\/\" target=\"_blank\" rel=\"noopener\">shop hoa t\u01b0\u01a1i<\/a><\/span><\/div>\n<p><span id=\"input_part_0\" class=\"\" style=\"font-size: 120%;\" data-mention=\"C\u00e1c \u0111\u01a1n v\u1ecb cung c\u1ea5p b\u00f3 hoa M\u00e3i G\u1ecdi Em th\u01b0\u1eddng c\u00f3 \u0111\u1ed9i ng\u0169 nh\u00e2n vi\u00ean gi\u00e0u kinh nghi\u1ec7m v\u00e0 t\u1eadn t\u00e2m. H\u1ecd kh\u00f4ng ch\u1ec9 gi\u00fap b\u1ea1n l\u1ef1a ch\u1ecdn m\u1eabu b\u00f3 hoa ph\u00f9 h\u1ee3p m\u00e0 c\u00f2n cung c\u1ea5p c\u00e1c d\u1ecbch v\u1ee5 \u0111i k\u00e8m nh\u01b0 giao hoa t\u1eadn n\u01a1i v\u00e0 t\u01b0 v\u1ea5n thi\u1ebft k\u1ebf. S\u1ef1 chuy\u00ean nghi\u1ec7p v\u00e0 t\u1eadn t\u00e2m c\u1ee7a h\u1ecd s\u1ebd gi\u00fap b\u1ea1n y\u00ean t\u00e2m v\u00e0 h\u00e0i l\u00f2ng khi t\u1eb7ng qu\u00e0 cho ng\u01b0\u1eddi th\u00e2n v\u00e0 b\u1ea1n b\u00e8 trong nh\u1eefng d\u1ecbp \u0111\u1eb7c bi\u1ec7t.\"><br \/>\n<\/span><\/div>\n","protected":false},"excerpt":{"rendered":"<p><span id=\"input_part_0\" class=\"\" data-mention=\"B\u00f3 Hoa M\u00e3i G\u1ecdi Em: L\u1eddi Th\u01b0\u01a1ng Y\u00eau V\u0129nh C\u1eedu D\u00e0nh Cho Ng\u01b0\u1eddi \u0110\u1eb7c Bi\u1ec7t&quot;\">B\u00f3 Hoa M\u00e3i G\u1ecdi Em: L\u1eddi Th\u01b0\u01a1ng Y\u00eau V\u0129nh C\u1eedu D\u00e0nh Cho Ng\u01b0\u1eddi \u0110\u1eb7c Bi\u1ec7t<\/span><\/p>\n","protected":false},"featured_media":300,"comment_status":"open","ping_status":"closed","template":"","meta":[],"product_brand":[],"product_cat":[36],"product_tag":[66,47,67,51,57],"class_list":{"0":"post-299","1":"product","2":"type-product","3":"status-publish","4":"has-post-thumbnail","6":"product_cat-hoa-bo","7":"product_tag-bo-than-tang","8":"product_tag-luyen-tiec","9":"product_tag-mai-goi-em","10":"product_tag-thanh-than","11":"product_tag-tuong-lai-ruc-ro","13":"first","14":"instock","15":"shipping-taxable","16":"purchasable","17":"product-type-simple"},"_links":{"self":[{"href":"https:\/\/shophoabentre.com\/index.php?rest_route=\/wp\/v2\/product\/299","targetHints":{"allow":["GET"]}}],"collection":[{"href":"https:\/\/shophoabentre.com\/index.php?rest_route=\/wp\/v2\/product"}],"about":[{"href":"https:\/\/shophoabentre.com\/index.php?rest_route=\/wp\/v2\/types\/product"}],"replies":[{"embeddable":true,"href":"https:\/\/shophoabentre.com\/index.php?rest_route=%2Fwp%2Fv2%2Fcomments&post=299"}],"wp:featuredmedia":[{"embeddable":true,"href":"https:\/\/shophoabentre.com\/index.php?rest_route=\/wp\/v2\/media\/300"}],"wp:attachment":[{"href":"https:\/\/shophoabentre.com\/index.php?rest_route=%2Fwp%2Fv2%2Fmedia&parent=299"}],"wp:term":[{"taxonomy":"product_brand","embeddable":true,"href":"https:\/\/shophoabentre.com\/index.php?rest_route=%2Fwp%2Fv2%2Fproduct_brand&post=299"},{"taxonomy":"product_cat","embeddable":true,"href":"https:\/\/shophoabentre.com\/index.php?rest_route=%2Fwp%2Fv2%2Fproduct_cat&post=299"},{"taxonomy":"product_tag","embeddable":true,"href":"https:\/\/shophoabentre.com\/index.php?rest_route=%2Fwp%2Fv2%2Fproduct_tag&post=299"}],"curies":[{"name":"wp","href":"https:\/\/api.w.org\/{rel}","templated":true}]}}