{"id":297,"date":"2021-07-06T02:30:47","date_gmt":"2021-07-06T02:30:47","guid":{"rendered":"https:\/\/shophoabentre.com\/?post_type=product&#038;p=297"},"modified":"2026-05-04T18:10:58","modified_gmt":"2026-05-04T18:10:58","slug":"than-tang","status":"publish","type":"product","link":"https:\/\/shophoabentre.com\/?product=than-tang","title":{"rendered":"TH\u00c2N T\u1eb6NG"},"content":{"rendered":"<h1>### Th\u00e2n T\u1eb7ng: L\u1eddi Ch\u00fac Ch\u00e2n Th\u00e0nh T\u1eeb T\u1ea5m L\u00f2ng<\/h1>\n<div><\/div>\n<div>**Th\u00e2n t\u1eb7ng** l\u00e0 m\u1ed9t c\u00e1ch th\u1ec3 hi\u1ec7n s\u1ef1 ch\u00e2n th\u00e0nh v\u00e0 t\u00ecnh c\u1ea3m \u0111\u1ed1i v\u1edbi ng\u01b0\u1eddi nh\u1eadn qua nh\u1eefng m\u00f3n qu\u00e0 \u00fd ngh\u0129a. Trong b\u1ed1i c\u1ea3nh n\u00e0y, &#8220;Th\u00e2n t\u1eb7ng&#8221; th\u01b0\u1eddng \u0111\u01b0\u1ee3c s\u1eed d\u1ee5ng k\u00e8m theo m\u1ed9t b\u00f3 hoa ho\u1eb7c m\u00f3n qu\u00e0, mang theo th\u00f4ng \u0111i\u1ec7p y\u00eau th\u01b0\u01a1ng, s\u1ef1 quan t\u00e2m, v\u00e0 l\u00f2ng bi\u1ebft \u01a1n t\u1eeb ng\u01b0\u1eddi t\u1eb7ng \u0111\u1ebfn ng\u01b0\u1eddi nh\u1eadn.<\/div>\n<div><\/div>\n<div>#### C\u00e1c d\u1ecbp th\u00edch h\u1ee3p \u0111\u1ec3 g\u1eedi hoa v\u1edbi th\u00f4ng \u0111i\u1ec7p &#8220;Th\u00e2n t\u1eb7ng&#8221;:<\/div>\n<div><\/div>\n<div>1. **Sinh nh\u1eadt**:<\/div>\n<div>\u00a0 \u00a0&#8211; Hoa h\u1ed3ng, hoa c\u1ea9m ch\u01b0\u1edbng ho\u1eb7c hoa h\u01b0\u1edbng d\u01b0\u01a1ng k\u00e8m theo th\u00f4ng \u0111i\u1ec7p &#8220;Th\u00e2n t\u1eb7ng&#8221; s\u1ebd mang \u0111\u1ebfn ni\u1ec1m vui v\u00e0 s\u1ef1 b\u1ea5t ng\u1edd cho ng\u01b0\u1eddi nh\u1eadn.<\/div>\n<div><\/div>\n<div>2. **K\u1ef7 ni\u1ec7m**:<\/div>\n<div>\u00a0 \u00a0&#8211; \u0110\u1ed1i v\u1edbi c\u00e1c d\u1ecbp k\u1ef7 ni\u1ec7m, hoa lan, hoa lily ho\u1eb7c b\u00f3 hoa \u0111\u01b0\u1ee3c thi\u1ebft k\u1ebf ri\u00eang bi\u1ec7t s\u1ebd th\u1ec3 hi\u1ec7n s\u1ef1 tinh t\u1ebf v\u00e0 tr\u00e2n tr\u1ecdng.<\/div>\n<div><\/div>\n<div>3. **Ch\u00fac m\u1eebng**:<\/div>\n<div>\u00a0 \u00a0&#8211; Hoa ch\u00fac m\u1eebng nh\u01b0 hoa \u0111\u1ed3ng ti\u1ec1n, hoa tulip ho\u1eb7c hoa c\u00fac s\u1ebd mang th\u00f4ng \u0111i\u1ec7p ch\u00fac m\u1eebng th\u00e0nh c\u00f4ng, th\u00e0nh t\u1ef1u c\u1ee7a ng\u01b0\u1eddi nh\u1eadn.<\/div>\n<div><\/div>\n<div>4. **Th\u0103m h\u1ecfi**:<\/div>\n<div>\u00a0 \u00a0&#8211; Khi th\u0103m ng\u01b0\u1eddi b\u1ec7nh ho\u1eb7c ng\u01b0\u1eddi l\u1edbn tu\u1ed5i, hoa c\u1ea9m t\u00fa c\u1ea7u, hoa h\u1ed3ng ho\u1eb7c hoa c\u00fac tr\u1eafng s\u1ebd mang \u0111\u1ebfn s\u1ef1 \u1ea5m \u00e1p v\u00e0 l\u1eddi ch\u00fac s\u1ee9c kh\u1ecfe.<\/div>\n<div><\/div>\n<div>5. **L\u1ec5 t\u1ebft**:<\/div>\n<div>\u00a0 \u00a0&#8211; V\u00e0o d\u1ecbp l\u1ec5 t\u1ebft, hoa mai, hoa \u0111\u00e0o ho\u1eb7c nh\u1eefng gi\u1ecf hoa t\u01b0\u01a1i r\u1ef1c r\u1ee1 s\u1ebd mang \u0111\u1ebfn kh\u00f4ng kh\u00ed vui t\u01b0\u01a1i v\u00e0 ph\u1ea5n kh\u1edfi.<\/div>\n<div><\/div>\n<h3>#### C\u00e1c lo\u1ea1i hoa ph\u00f9 h\u1ee3p cho th\u00f4ng \u0111i\u1ec7p &#8220;Th\u00e2n t\u1eb7ng&#8221;:<\/h3>\n<div><\/div>\n<div>1. **Hoa h\u1ed3ng**:<\/div>\n<div>\u00a0 \u00a0&#8211; Hoa h\u1ed3ng \u0111\u1ecf bi\u1ec3u t\u01b0\u1ee3ng cho t\u00ecnh y\u00eau, hoa h\u1ed3ng v\u00e0ng cho t\u00ecnh b\u1ea1n v\u00e0 s\u1ef1 \u1ea5m \u00e1p, hoa h\u1ed3ng tr\u1eafng cho s\u1ef1 tinh khi\u1ebft v\u00e0 l\u00f2ng ch\u00e2n th\u00e0nh.<\/div>\n<div><\/div>\n<div>2. **Hoa c\u1ea9m ch\u01b0\u1edbng**:<\/div>\n<div>\u00a0 \u00a0&#8211; Bi\u1ec3u t\u01b0\u1ee3ng cho t\u00ecnh y\u00eau v\u00e0 l\u00f2ng bi\u1ebft \u01a1n, r\u1ea5t ph\u00f9 h\u1ee3p \u0111\u1ec3 t\u1eb7ng m\u1eb9, ng\u01b0\u1eddi th\u00e2n ho\u1eb7c b\u1ea1n b\u00e8.<\/div>\n<div><\/div>\n<div>3. **Hoa h\u01b0\u1edbng d\u01b0\u01a1ng**:<\/div>\n<div>\u00a0 \u00a0&#8211; Mang l\u1ea1i s\u1ef1 l\u1ea1c quan, ni\u1ec1m vui v\u00e0 hy v\u1ecdng, ph\u00f9 h\u1ee3p \u0111\u1ec3 t\u1eb7ng v\u00e0o c\u00e1c d\u1ecbp vui v\u1ebb v\u00e0 h\u1ea1nh ph\u00fac.<\/div>\n<div><\/div>\n<div>4. **Hoa lan**:<\/div>\n<div>\u00a0 \u00a0&#8211; T\u01b0\u1ee3ng tr\u01b0ng cho s\u1ef1 sang tr\u1ecdng, tinh t\u1ebf v\u00e0 l\u00f2ng k\u00ednh tr\u1ecdng, ph\u00f9 h\u1ee3p \u0111\u1ec3 t\u1eb7ng \u0111\u1ed1i t\u00e1c, kh\u00e1ch h\u00e0ng ho\u1eb7c ng\u01b0\u1eddi l\u1edbn tu\u1ed5i.<\/div>\n<div><\/div>\n<div>5. **Hoa lily**:<\/div>\n<div>\u00a0 \u00a0&#8211; Bi\u1ec3u t\u01b0\u1ee3ng cho s\u1ef1 trong s\u00e1ng, thanh khi\u1ebft v\u00e0 l\u00f2ng t\u00f4n tr\u1ecdng, ph\u00f9 h\u1ee3p cho nhi\u1ec1u d\u1ecbp kh\u00e1c nhau.<\/div>\n<div><\/div>\n<p>&nbsp;<\/p>\n<figure id=\"attachment_298\" aria-describedby=\"caption-attachment-298\" style=\"width: 527px\" class=\"wp-caption aligncenter\"><img loading=\"lazy\" decoding=\"async\" class=\"wp-image-298 size-full\" src=\"http:\/\/shophoabentre.com\/wp-content\/uploads\/2021\/07\/24.jpg\" alt=\"TH\u00c2N T\u1eb6NG\" width=\"527\" height=\"650\" srcset=\"https:\/\/shophoabentre.com\/wp-content\/uploads\/2021\/07\/24.jpg 527w, https:\/\/shophoabentre.com\/wp-content\/uploads\/2021\/07\/24-243x300.jpg 243w, https:\/\/shophoabentre.com\/wp-content\/uploads\/2021\/07\/24-510x629.jpg 510w, https:\/\/shophoabentre.com\/wp-content\/uploads\/2021\/07\/24-49x60.jpg 49w\" sizes=\"auto, (max-width: 527px) 100vw, 527px\" \/><figcaption id=\"caption-attachment-298\" class=\"wp-caption-text\">TH\u00c2N T\u1eb6NG<\/figcaption><\/figure>\n<h3><strong>#### C\u00e1ch vi\u1ebft l\u1eddi ch\u00fac &#8220;Th\u00e2n t\u1eb7ng&#8221;:<\/strong><\/h3>\n<div><\/div>\n<div>Khi k\u00e8m theo b\u00f3 hoa ho\u1eb7c m\u00f3n qu\u00e0, m\u1ed9t l\u1eddi ch\u00fac vi\u1ebft tay ho\u1eb7c in tr\u00ean thi\u1ec7p s\u1ebd l\u00e0m cho m\u00f3n qu\u00e0 tr\u1edf n\u00ean \u00fd ngh\u0129a h\u01a1n. D\u01b0\u1edbi \u0111\u00e2y l\u00e0 m\u1ed9t v\u00e0i g\u1ee3i \u00fd cho l\u1eddi ch\u00fac &#8220;Th\u00e2n t\u1eb7ng&#8221;:<\/div>\n<div><\/div>\n<div>1. **D\u00e0nh cho ng\u01b0\u1eddi th\u00e2n**:<\/div>\n<div>\u00a0 \u00a0&#8211; &#8220;Th\u00e2n t\u1eb7ng m\u1eb9 y\u00eau qu\u00fd, ch\u00fac m\u1eb9 lu\u00f4n m\u1ea1nh kh\u1ecfe v\u00e0 h\u1ea1nh ph\u00fac.&#8221;<\/div>\n<div>\u00a0 \u00a0&#8211; &#8220;Th\u00e2n t\u1eb7ng anh\/em, ch\u00fac anh\/em lu\u00f4n vui v\u1ebb v\u00e0 th\u00e0nh c\u00f4ng trong cu\u1ed9c s\u1ed1ng.&#8221;<\/div>\n<div><\/div>\n<div>2. **D\u00e0nh cho b\u1ea1n b\u00e8**:<\/div>\n<div>\u00a0 \u00a0&#8211; &#8220;Th\u00e2n t\u1eb7ng b\u1ea1n y\u00eau qu\u00fd, ch\u00fac b\u1ea1n m\u1ecdi \u0111i\u1ec1u t\u1ed1t \u0111\u1eb9p nh\u1ea5t!&#8221;<\/div>\n<div>\u00a0 \u00a0&#8211; &#8220;Th\u00e2n t\u1eb7ng ng\u01b0\u1eddi b\u1ea1n tuy\u1ec7t v\u1eddi nh\u1ea5t, lu\u00f4n gi\u1eef m\u00e3i n\u1ee5 c\u01b0\u1eddi tr\u00ean m\u00f4i nh\u00e9!&#8221;<\/div>\n<div><\/div>\n<div>3. **D\u00e0nh cho \u0111\u1ed3ng nghi\u1ec7p ho\u1eb7c \u0111\u1ed1i t\u00e1c**:<\/div>\n<div>\u00a0 \u00a0&#8211; &#8220;Th\u00e2n t\u1eb7ng qu\u00fd \u0111\u1ed1i t\u00e1c, ch\u00fac qu\u00fd c\u00f4ng ty ng\u00e0y c\u00e0ng ph\u00e1t tri\u1ec3n v\u00e0 th\u1ecbnh v\u01b0\u1ee3ng.&#8221;<\/div>\n<div>\u00a0 \u00a0&#8211; &#8220;Th\u00e2n t\u1eb7ng anh\/ch\u1ecb, ch\u00fac anh\/ch\u1ecb lu\u00f4n g\u1eb7t h\u00e1i nhi\u1ec1u th\u00e0nh c\u00f4ng trong c\u00f4ng vi\u1ec7c.&#8221;<\/div>\n<div><\/div>\n<div>#### K\u1ebft lu\u1eadn<\/div>\n<div><\/div>\n<div>Th\u00f4ng \u0111i\u1ec7p &#8220;Th\u00e2n t\u1eb7ng&#8221; k\u00e8m theo b\u00f3 hoa hay m\u00f3n qu\u00e0 l\u00e0 c\u00e1ch tuy\u1ec7t v\u1eddi \u0111\u1ec3 b\u00e0y t\u1ecf t\u00ecnh c\u1ea3m, s\u1ef1 quan t\u00e2m v\u00e0 l\u00f2ng bi\u1ebft \u01a1n \u0111\u1ed1i v\u1edbi ng\u01b0\u1eddi nh\u1eadn. L\u1ef1a ch\u1ecdn lo\u1ea1i hoa ph\u00f9 h\u1ee3p v\u00e0 l\u1eddi ch\u00fac ch\u00e2n th\u00e0nh s\u1ebd l\u00e0m cho m\u00f3n qu\u00e0 tr\u1edf n\u00ean \u00fd ngh\u0129a v\u00e0 \u0111\u00e1ng nh\u1edb h\u01a1n. H\u00e3y \u0111\u1ec3 nh\u1eefng b\u00f3 hoa t\u01b0\u01a1i th\u1eafm v\u00e0 th\u00f4ng \u0111i\u1ec7p &#8220;Th\u00e2n t\u1eb7ng&#8221; g\u1eedi g\u1eafm tr\u1ecdn v\u1eb9n t\u00ecnh c\u1ea3m v\u00e0 l\u1eddi ch\u00fac t\u1ed1t \u0111\u1eb9p c\u1ee7a b\u1ea1n \u0111\u1ebfn ng\u01b0\u1eddi th\u00e2n y\u00eau.<\/div>\n<p><a href=\"https:\/\/shophoabentre.com\/\">hoa t\u01b0\u01a1i b\u1ebfn tre\u00a0<\/a><\/p>\n","protected":false},"excerpt":{"rendered":"<p>Th\u00f4ng \u0111i\u1ec7p &#8220;Th\u00e2n t\u1eb7ng&#8221; k\u00e8m theo b\u00f3 hoa hay m\u00f3n qu\u00e0 l\u00e0 c\u00e1ch tuy\u1ec7t v\u1eddi \u0111\u1ec3 b\u00e0y t\u1ecf t\u00ecnh c\u1ea3m, s\u1ef1 quan t\u00e2m v\u00e0 l\u00f2ng bi\u1ebft \u01a1n \u0111\u1ed1i v\u1edbi ng\u01b0\u1eddi nh\u1eadn. L\u1ef1a ch\u1ecdn lo\u1ea1i hoa ph\u00f9 h\u1ee3p v\u00e0 l\u1eddi ch\u00fac ch\u00e2n th\u00e0nh s\u1ebd l\u00e0m cho m\u00f3n qu\u00e0 tr\u1edf n\u00ean \u00fd ngh\u0129a v\u00e0 \u0111\u00e1ng nh\u1edb h\u01a1n.<\/p>\n","protected":false},"featured_media":298,"comment_status":"open","ping_status":"closed","template":"","meta":[],"product_brand":[],"product_cat":[36],"product_tag":[66,44],"class_list":{"0":"post-297","1":"product","2":"type-product","3":"status-publish","4":"has-post-thumbnail","6":"product_cat-hoa-bo","7":"product_tag-bo-than-tang","8":"product_tag-dat-hoa-vieng-tang-le","10":"first","11":"instock","12":"shipping-taxable","13":"purchasable","14":"product-type-simple"},"_links":{"self":[{"href":"https:\/\/shophoabentre.com\/index.php?rest_route=\/wp\/v2\/product\/297","targetHints":{"allow":["GET"]}}],"collection":[{"href":"https:\/\/shophoabentre.com\/index.php?rest_route=\/wp\/v2\/product"}],"about":[{"href":"https:\/\/shophoabentre.com\/index.php?rest_route=\/wp\/v2\/types\/product"}],"replies":[{"embeddable":true,"href":"https:\/\/shophoabentre.com\/index.php?rest_route=%2Fwp%2Fv2%2Fcomments&post=297"}],"wp:featuredmedia":[{"embeddable":true,"href":"https:\/\/shophoabentre.com\/index.php?rest_route=\/wp\/v2\/media\/298"}],"wp:attachment":[{"href":"https:\/\/shophoabentre.com\/index.php?rest_route=%2Fwp%2Fv2%2Fmedia&parent=297"}],"wp:term":[{"taxonomy":"product_brand","embeddable":true,"href":"https:\/\/shophoabentre.com\/index.php?rest_route=%2Fwp%2Fv2%2Fproduct_brand&post=297"},{"taxonomy":"product_cat","embeddable":true,"href":"https:\/\/shophoabentre.com\/index.php?rest_route=%2Fwp%2Fv2%2Fproduct_cat&post=297"},{"taxonomy":"product_tag","embeddable":true,"href":"https:\/\/shophoabentre.com\/index.php?rest_route=%2Fwp%2Fv2%2Fproduct_tag&post=297"}],"curies":[{"name":"wp","href":"https:\/\/api.w.org\/{rel}","templated":true}]}}