{"id":295,"date":"2021-07-06T02:29:02","date_gmt":"2021-07-06T02:29:02","guid":{"rendered":"https:\/\/shophoabentre.com\/?post_type=product&#038;p=295"},"modified":"2026-05-03T03:48:14","modified_gmt":"2026-05-03T03:48:14","slug":"hanh-phuc-tuong-lai","status":"publish","type":"product","link":"https:\/\/shophoabentre.com\/?product=hanh-phuc-tuong-lai","title":{"rendered":"H\u1ea0NH PH\u00daC T\u01af\u01a0NG L\u1ea0I"},"content":{"rendered":"<h1>### B\u00f3 Hoa &#8220;H\u1ea1nh Ph\u00fac T\u01b0\u01a1ng Lai&#8221; t\u1ea1i TP B\u1ebfn Tre<\/h1>\n<div><\/div>\n<div>**B\u00f3 hoa &#8220;H\u1ea1nh Ph\u00fac T\u01b0\u01a1ng Lai&#8221;** l\u00e0 m\u1ed9t s\u1ef1 l\u1ef1a ch\u1ecdn ho\u00e0n h\u1ea3o \u0111\u1ec3 g\u1eedi g\u1eafm nh\u1eefng l\u1eddi ch\u00fac t\u1ed1t \u0111\u1eb9p v\u00e0 hy v\u1ecdng v\u00e0o m\u1ed9t t\u01b0\u01a1ng lai t\u01b0\u01a1i s\u00e1ng. \u0110\u00e2y l\u00e0 m\u00f3n qu\u00e0 \u00fd ngh\u0129a d\u00e0nh cho nh\u1eefng d\u1ecbp \u0111\u1eb7c bi\u1ec7t nh\u01b0 \u0111\u00e1m c\u01b0\u1edbi, k\u1ef7 ni\u1ec7m, ch\u00fac m\u1eebng th\u00e0nh c\u00f4ng hay b\u1ea5t k\u1ef3 s\u1ef1 ki\u1ec7n n\u00e0o \u0111\u00e1nh d\u1ea5u s\u1ef1 kh\u1edfi \u0111\u1ea7u m\u1edbi.<\/div>\n<div><\/div>\n<div>#### \u0110\u1eb7c \u0111i\u1ec3m n\u1ed5i b\u1eadt c\u1ee7a b\u00f3 hoa &#8220;H\u1ea1nh Ph\u00fac T\u01b0\u01a1ng Lai&#8221;:<\/div>\n<div><\/div>\n<div>1. **Thi\u1ebft k\u1ebf tinh t\u1ebf**:<\/div>\n<div>\u00a0 \u00a0&#8211; B\u00f3 hoa \u0111\u01b0\u1ee3c thi\u1ebft k\u1ebf v\u1edbi s\u1ef1 k\u1ebft h\u1ee3p ho\u00e0n h\u1ea3o gi\u1eefa c\u00e1c lo\u1ea1i hoa mang \u00fd ngh\u0129a t\u1ed1t \u0111\u1eb9p.<\/div>\n<div>\u00a0 \u00a0&#8211; Th\u01b0\u1eddng bao g\u1ed3m c\u00e1c lo\u1ea1i hoa nh\u01b0 hoa h\u1ed3ng, hoa lan, hoa lily v\u00e0 hoa h\u01b0\u1edbng d\u01b0\u01a1ng, t\u01b0\u1ee3ng tr\u01b0ng cho t\u00ecnh y\u00eau, h\u1ea1nh ph\u00fac, s\u1ef1 thanh cao v\u00e0 ni\u1ec1m vui.<\/div>\n<div><\/div>\n<div>2. **M\u00e0u s\u1eafc t\u01b0\u01a1i s\u00e1ng**:<\/div>\n<div>\u00a0 \u00a0&#8211; M\u00e0u tr\u1eafng c\u1ee7a hoa lily bi\u1ec3u t\u01b0\u1ee3ng cho s\u1ef1 thu\u1ea7n khi\u1ebft v\u00e0 b\u1eaft \u0111\u1ea7u m\u1edbi m\u1ebb.<\/div>\n<div>\u00a0 \u00a0&#8211; M\u00e0u v\u00e0ng c\u1ee7a hoa h\u01b0\u1edbng d\u01b0\u01a1ng mang l\u1ea1i c\u1ea3m gi\u00e1c \u1ea5m \u00e1p, hy v\u1ecdng v\u00e0 l\u1ea1c quan.<\/div>\n<div>\u00a0 \u00a0&#8211; M\u00e0u h\u1ed3ng c\u1ee7a hoa h\u1ed3ng th\u1ec3 hi\u1ec7n t\u00ecnh y\u00eau v\u00e0 s\u1ef1 ng\u1ecdt ng\u00e0o.<\/div>\n<div><\/div>\n<div>3. **Ch\u1ea5t l\u01b0\u1ee3ng hoa t\u01b0\u01a1i**:<\/div>\n<div>\u00a0 \u00a0&#8211; C\u00e1c b\u00f4ng hoa \u0111\u01b0\u1ee3c ch\u1ecdn l\u1ef1a k\u1ef9 c\u00e0ng t\u1eeb c\u00e1c nh\u00e0 v\u01b0\u1eddn uy t\u00edn, \u0111\u1ea3m b\u1ea3o \u0111\u1ed9 t\u01b0\u01a1i m\u1edbi v\u00e0 b\u1ec1n l\u00e2u.<\/div>\n<div>\u00a0 \u00a0&#8211; S\u1eed d\u1ee5ng k\u1ef9 thu\u1eadt b\u1ea3o qu\u1ea3n hi\u1ec7n \u0111\u1ea1i \u0111\u1ec3 gi\u1eef hoa lu\u00f4n t\u01b0\u01a1i t\u1eafn v\u00e0 r\u1ef1c r\u1ee1.<\/div>\n<div><\/div>\n<div>4. **D\u1ecbch v\u1ee5 t\u1eadn t\u00e2m**:<\/div>\n<div>\u00a0 \u00a0&#8211; T\u01b0 v\u1ea5n nhi\u1ec7t t\u00ecnh \u0111\u1ec3 kh\u00e1ch h\u00e0ng ch\u1ecdn \u0111\u01b0\u1ee3c b\u00f3 hoa ph\u00f9 h\u1ee3p nh\u1ea5t v\u1edbi th\u00f4ng \u0111i\u1ec7p mu\u1ed1n g\u1eedi g\u1eafm.<\/div>\n<div>\u00a0 \u00a0&#8211; Giao h\u00e0ng nhanh ch\u00f3ng v\u00e0 \u0111\u00fang h\u1eb9n, \u0111\u1ea3m b\u1ea3o hoa \u0111\u1ebfn tay ng\u01b0\u1eddi nh\u1eadn trong t\u00ecnh tr\u1ea1ng t\u1ed1t nh\u1ea5t.<\/div>\n<div><\/div>\n<div><\/div>\n<p>&nbsp;<\/p>\n<p><img loading=\"lazy\" decoding=\"async\" class=\"alignnone wp-image-296 size-full aligncenter\" src=\"http:\/\/shophoabentre.com\/wp-content\/uploads\/2021\/07\/23.jpg\" alt=\"H\u1ea0NH PH\u00daC T\u01af\u01a0NG L\u1ea0I\" width=\"527\" height=\"650\" srcset=\"https:\/\/shophoabentre.com\/wp-content\/uploads\/2021\/07\/23.jpg 527w, https:\/\/shophoabentre.com\/wp-content\/uploads\/2021\/07\/23-243x300.jpg 243w, https:\/\/shophoabentre.com\/wp-content\/uploads\/2021\/07\/23-510x629.jpg 510w, https:\/\/shophoabentre.com\/wp-content\/uploads\/2021\/07\/23-49x60.jpg 49w\" sizes=\"auto, (max-width: 527px) 100vw, 527px\" \/><\/p>\n<p>&nbsp;<\/p>\n<h3>#### \u00dd ngh\u0129a c\u1ee7a b\u00f3 hoa &#8220;H\u1ea1nh Ph\u00fac T\u01b0\u01a1ng Lai&#8221;:<\/h3>\n<div><\/div>\n<div>&#8211; **T\u00ecnh y\u00eau v\u00e0 h\u1ea1nh ph\u00fac**: Hoa h\u1ed3ng v\u00e0 hoa lan bi\u1ec3u t\u01b0\u1ee3ng cho t\u00ecnh y\u00eau n\u1ed3ng ch\u00e1y v\u00e0 h\u1ea1nh ph\u00fac vi\u00ean m\u00e3n.<\/div>\n<div>&#8211; **Kh\u1edfi \u0111\u1ea7u m\u1edbi**: Hoa lily tr\u1eafng v\u00e0 h\u01b0\u1edbng d\u01b0\u01a1ng t\u01b0\u1ee3ng tr\u01b0ng cho s\u1ef1 kh\u1edfi \u0111\u1ea7u m\u1edbi m\u1ebb v\u00e0 \u0111\u1ea7y hy v\u1ecdng.<\/div>\n<div>&#8211; **S\u1ef1 th\u00e0nh c\u00f4ng v\u00e0 th\u1ecbnh v\u01b0\u1ee3ng**: Hoa h\u01b0\u1edbng d\u01b0\u01a1ng v\u00e0 c\u00e1c lo\u1ea1i hoa t\u01b0\u01a1i s\u00e1ng kh\u00e1c mang l\u1ea1i c\u1ea3m gi\u00e1c l\u1ea1c quan v\u00e0 ni\u1ec1m tin v\u00e0o t\u01b0\u01a1ng lai th\u00e0nh c\u00f4ng.<\/div>\n<div><\/div>\n<div><a href=\"https:\/\/shophoabentre.com\/\">\u0111i\u1ec7n hoa b\u1ebfn tre\u00a0<\/a><\/div>\n<div><\/div>\n<div><\/div>\n<div>### K\u1ebft lu\u1eadn<\/div>\n<div><\/div>\n<div>B\u00f3 hoa &#8220;H\u1ea1nh Ph\u00fac T\u01b0\u01a1ng Lai&#8221; kh\u00f4ng ch\u1ec9 l\u00e0 m\u1ed9t m\u00f3n qu\u00e0 \u0111\u1eb9p m\u1eaft m\u00e0 c\u00f2n mang nhi\u1ec1u \u00fd ngh\u0129a s\u00e2u s\u1eafc, g\u1eedi g\u1eafm nh\u1eefng l\u1eddi ch\u00fac t\u1ed1t \u0111\u1eb9p v\u00e0 hy v\u1ecdng v\u00e0o m\u1ed9t t\u01b0\u01a1ng lai t\u01b0\u01a1i s\u00e1ng. H\u00e3y \u0111\u1ebfn v\u1edbi c\u00e1c c\u1eeda h\u00e0ng hoa t\u1ea1i TP B\u1ebfn Tre \u0111\u1ec3 ch\u1ecdn l\u1ef1a cho m\u00ecnh b\u00f3 hoa &#8220;H\u1ea1nh Ph\u00fac T\u01b0\u01a1ng Lai&#8221; v\u00e0 mang \u0111\u1ebfn ni\u1ec1m vui, s\u1ef1 h\u1ea1nh ph\u00fac cho nh\u1eefng ng\u01b0\u1eddi th\u00e2n y\u00eau trong nh\u1eefng d\u1ecbp \u0111\u1eb7c bi\u1ec7t.<\/div>\n","protected":false},"excerpt":{"rendered":"<p>B\u00f3 hoa &#8220;H\u1ea1nh Ph\u00fac T\u01b0\u01a1ng Lai&#8221; kh\u00f4ng ch\u1ec9 l\u00e0 m\u1ed9t m\u00f3n qu\u00e0 \u0111\u1eb9p m\u1eaft m\u00e0 c\u00f2n mang nhi\u1ec1u \u00fd ngh\u0129a s\u00e2u s\u1eafc, g\u1eedi g\u1eafm nh\u1eefng l\u1eddi ch\u00fac t\u1ed1t \u0111\u1eb9p v\u00e0 hy v\u1ecdng v\u00e0o m\u1ed9t t\u01b0\u01a1ng lai t\u01b0\u01a1i s\u00e1ng. H\u00e3y \u0111\u1ebfn v\u1edbi c\u00e1c c\u1eeda h\u00e0ng hoa t\u1ea1i TP B\u1ebfn Tre \u0111\u1ec3 ch\u1ecdn l\u1ef1a cho m\u00ecnh b\u00f3 hoa &#8220;H\u1ea1nh Ph\u00fac T\u01b0\u01a1ng Lai&#8221;<\/p>\n","protected":false},"featured_media":296,"comment_status":"open","ping_status":"closed","template":"","meta":[],"product_brand":[],"product_cat":[36],"product_tag":[59,65,48],"class_list":{"0":"post-295","1":"product","2":"type-product","3":"status-publish","4":"has-post-thumbnail","6":"product_cat-hoa-bo","7":"product_tag-diu-dang-huong-hoa","8":"product_tag-hanh-phuc-tuong-lai","9":"product_tag-ve-voi-coi-nguon","11":"first","12":"instock","13":"shipping-taxable","14":"purchasable","15":"product-type-simple"},"_links":{"self":[{"href":"https:\/\/shophoabentre.com\/index.php?rest_route=\/wp\/v2\/product\/295","targetHints":{"allow":["GET"]}}],"collection":[{"href":"https:\/\/shophoabentre.com\/index.php?rest_route=\/wp\/v2\/product"}],"about":[{"href":"https:\/\/shophoabentre.com\/index.php?rest_route=\/wp\/v2\/types\/product"}],"replies":[{"embeddable":true,"href":"https:\/\/shophoabentre.com\/index.php?rest_route=%2Fwp%2Fv2%2Fcomments&post=295"}],"wp:featuredmedia":[{"embeddable":true,"href":"https:\/\/shophoabentre.com\/index.php?rest_route=\/wp\/v2\/media\/296"}],"wp:attachment":[{"href":"https:\/\/shophoabentre.com\/index.php?rest_route=%2Fwp%2Fv2%2Fmedia&parent=295"}],"wp:term":[{"taxonomy":"product_brand","embeddable":true,"href":"https:\/\/shophoabentre.com\/index.php?rest_route=%2Fwp%2Fv2%2Fproduct_brand&post=295"},{"taxonomy":"product_cat","embeddable":true,"href":"https:\/\/shophoabentre.com\/index.php?rest_route=%2Fwp%2Fv2%2Fproduct_cat&post=295"},{"taxonomy":"product_tag","embeddable":true,"href":"https:\/\/shophoabentre.com\/index.php?rest_route=%2Fwp%2Fv2%2Fproduct_tag&post=295"}],"curies":[{"name":"wp","href":"https:\/\/api.w.org\/{rel}","templated":true}]}}