{"id":291,"date":"2021-07-06T01:54:48","date_gmt":"2021-07-06T01:54:48","guid":{"rendered":"https:\/\/shophoabentre.com\/?post_type=product&#038;p=291"},"modified":"2024-10-04T05:42:09","modified_gmt":"2024-10-04T05:42:09","slug":"luon-toa-sac","status":"publish","type":"product","link":"https:\/\/shophoabentre.com\/?product=luon-toa-sac","title":{"rendered":"LU\u00d4N T\u1eceA S\u1eaeC"},"content":{"rendered":"<h1><strong>\u00a0L\u1eb5ng Hoa &#8220;Lu\u00f4n T\u1ecfa S\u1eafc&#8221; t\u1ea1i TP B\u1ebfn Tre<\/strong><\/h1>\n<div><\/div>\n<div>**L\u1eb5ng hoa &#8220;Lu\u00f4n T\u1ecfa S\u1eafc&#8221;** l\u00e0 m\u1ed9t s\u1ef1 l\u1ef1a ch\u1ecdn ho\u00e0n h\u1ea3o \u0111\u1ec3 g\u1eedi g\u1eafm nh\u1eefng l\u1eddi ch\u00fac t\u1ed1t \u0111\u1eb9p v\u00e0 ni\u1ec1m vui r\u1ef1c r\u1ee1 trong c\u00e1c d\u1ecbp \u0111\u1eb7c bi\u1ec7t nh\u01b0 khai tr\u01b0\u01a1ng, sinh nh\u1eadt, k\u1ef7 ni\u1ec7m, hay ch\u00fac m\u1eebng th\u00e0nh c\u00f4ng. V\u1edbi thi\u1ebft k\u1ebf tinh t\u1ebf v\u00e0 m\u00e0u s\u1eafc t\u01b0\u01a1i s\u00e1ng, l\u1eb5ng hoa n\u00e0y ch\u1eafc ch\u1eafn s\u1ebd l\u00e0m h\u00e0i l\u00f2ng ng\u01b0\u1eddi nh\u1eadn v\u00e0 mang l\u1ea1i kh\u00f4ng gian th\u00eam ph\u1ea7n lung linh v\u00e0 \u1ea5m \u00e1p.<\/div>\n<div><\/div>\n<div>#### \u0110\u1eb7c \u0111i\u1ec3m n\u1ed5i b\u1eadt c\u1ee7a l\u1eb5ng hoa &#8220;Lu\u00f4n T\u1ecfa S\u1eafc&#8221;:<\/div>\n<div><\/div>\n<div>1. **Thi\u1ebft k\u1ebf sang tr\u1ecdng v\u00e0 tinh t\u1ebf**:<\/div>\n<div>\u00a0 \u00a0&#8211; L\u1eb5ng hoa \u0111\u01b0\u1ee3c thi\u1ebft k\u1ebf v\u1edbi s\u1ef1 k\u1ebft h\u1ee3p h\u00e0i h\u00f2a c\u1ee7a nhi\u1ec1u lo\u1ea1i hoa t\u01b0\u01a1i, t\u1ea1o n\u00ean v\u1ebb \u0111\u1eb9p n\u1ed5i b\u1eadt v\u00e0 b\u1eaft m\u1eaft.<\/div>\n<div>\u00a0 \u00a0&#8211; C\u00e1c lo\u1ea1i hoa th\u01b0\u1eddng d\u00f9ng bao g\u1ed3m hoa h\u1ed3ng, hoa lan, hoa ly, hoa h\u01b0\u1edbng d\u01b0\u01a1ng v\u00e0 hoa c\u1ea9m t\u00fa c\u1ea7u, mang l\u1ea1i s\u1ef1 phong ph\u00fa v\u00e0 \u0111a d\u1ea1ng v\u1ec1 m\u00e0u s\u1eafc.<\/div>\n<div><\/div>\n<div>2. **M\u00e0u s\u1eafc t\u01b0\u01a1i s\u00e1ng v\u00e0 r\u1ef1c r\u1ee1**:<\/div>\n<div>\u00a0 \u00a0&#8211; M\u00e0u \u0111\u1ecf c\u1ee7a hoa h\u1ed3ng t\u01b0\u1ee3ng tr\u01b0ng cho t\u00ecnh y\u00eau v\u00e0 s\u1ef1 n\u1ed3ng nhi\u1ec7t.<\/div>\n<div>\u00a0 \u00a0&#8211; M\u00e0u v\u00e0ng c\u1ee7a hoa h\u01b0\u1edbng d\u01b0\u01a1ng mang l\u1ea1i c\u1ea3m gi\u00e1c \u1ea5m \u00e1p, ni\u1ec1m vui v\u00e0 l\u1ea1c quan.<\/div>\n<div>\u00a0 \u00a0&#8211; M\u00e0u tr\u1eafng c\u1ee7a hoa ly v\u00e0 m\u00e0u t\u00edm c\u1ee7a hoa lan th\u1ec3 hi\u1ec7n s\u1ef1 tinh khi\u1ebft v\u00e0 thanh l\u1ecbch.<\/div>\n<div><\/div>\n<div>3. **Ch\u1ea5t l\u01b0\u1ee3ng hoa t\u01b0\u01a1i**:<\/div>\n<div>\u00a0 \u00a0&#8211; Hoa \u0111\u01b0\u1ee3c ch\u1ecdn l\u1ef1a k\u1ef9 c\u00e0ng t\u1eeb c\u00e1c v\u01b0\u1eddn hoa uy t\u00edn, \u0111\u1ea3m b\u1ea3o \u0111\u1ed9 t\u01b0\u01a1i m\u1edbi v\u00e0 b\u1ec1n l\u00e2u.<\/div>\n<div>\u00a0 \u00a0&#8211; S\u1eed d\u1ee5ng c\u00e1c k\u1ef9 thu\u1eadt b\u1ea3o qu\u1ea3n hi\u1ec7n \u0111\u1ea1i \u0111\u1ec3 gi\u1eef hoa lu\u00f4n t\u01b0\u01a1i t\u1eafn v\u00e0 \u0111\u1eb9p m\u1eaft.<\/div>\n<div><\/div>\n<div>4. **D\u1ecbch v\u1ee5 t\u1eadn t\u00e2m**:<\/div>\n<div>\u00a0 \u00a0&#8211; T\u01b0 v\u1ea5n nhi\u1ec7t t\u00ecnh gi\u00fap kh\u00e1ch h\u00e0ng ch\u1ecdn \u0111\u01b0\u1ee3c l\u1eb5ng hoa ph\u00f9 h\u1ee3p nh\u1ea5t v\u1edbi th\u00f4ng \u0111i\u1ec7p mu\u1ed1n g\u1eedi g\u1eafm.<\/div>\n<div>\u00a0 \u00a0&#8211; D\u1ecbch v\u1ee5 giao hoa nhanh ch\u00f3ng v\u00e0 \u0111\u00fang h\u1eb9n, \u0111\u1ea3m b\u1ea3o hoa \u0111\u1ebfn tay ng\u01b0\u1eddi nh\u1eadn trong t\u00ecnh tr\u1ea1ng t\u1ed1t nh\u1ea5t.<\/div>\n<div><\/div>\n<p><img loading=\"lazy\" decoding=\"async\" class=\"size-medium wp-image-292 aligncenter\" src=\"http:\/\/shophoabentre.com\/wp-content\/uploads\/2021\/07\/gio-dep-243x300.jpg\" alt=\"\" width=\"243\" height=\"300\" srcset=\"https:\/\/shophoabentre.com\/wp-content\/uploads\/2021\/07\/gio-dep-243x300.jpg 243w, https:\/\/shophoabentre.com\/wp-content\/uploads\/2021\/07\/gio-dep-510x629.jpg 510w, https:\/\/shophoabentre.com\/wp-content\/uploads\/2021\/07\/gio-dep-49x60.jpg 49w, https:\/\/shophoabentre.com\/wp-content\/uploads\/2021\/07\/gio-dep.jpg 527w\" sizes=\"auto, (max-width: 243px) 100vw, 243px\" \/><\/p>\n<p>&nbsp;<\/p>\n<h3>#### \u00dd ngh\u0129a c\u1ee7a l\u1eb5ng hoa &#8220;Lu\u00f4n T\u1ecfa S\u1eafc&#8221;:<\/h3>\n<div><\/div>\n<div>&#8211; **S\u1ef1 r\u1ef1c r\u1ee1 v\u00e0 n\u1ed5i b\u1eadt**: L\u1eb5ng hoa mang l\u1ea1i v\u1ebb \u0111\u1eb9p r\u1ef1c r\u1ee1 v\u00e0 n\u1ed5i b\u1eadt, th\u1ec3 hi\u1ec7n s\u1ef1 ch\u00fac m\u1eebng n\u1ed3ng nhi\u1ec7t v\u00e0 ni\u1ec1m vui tr\u00e0n \u0111\u1ea7y.<\/div>\n<div>&#8211; **Tinh t\u1ebf v\u00e0 thanh l\u1ecbch**: S\u1ef1 k\u1ebft h\u1ee3p c\u1ee7a c\u00e1c lo\u1ea1i hoa tinh t\u1ebf v\u00e0 m\u00e0u s\u1eafc t\u01b0\u01a1i s\u00e1ng mang l\u1ea1i c\u1ea3m gi\u00e1c thanh l\u1ecbch v\u00e0 sang tr\u1ecdng.<\/div>\n<div>&#8211; **Ni\u1ec1m vui v\u00e0 h\u1ea1nh ph\u00fac**: M\u00e0u s\u1eafc t\u01b0\u01a1i s\u00e1ng c\u1ee7a c\u00e1c lo\u1ea1i hoa bi\u1ec3u t\u01b0\u1ee3ng cho ni\u1ec1m vui, h\u1ea1nh ph\u00fac v\u00e0 s\u1ef1 l\u1ea1c quan trong cu\u1ed9c s\u1ed1ng.<\/div>\n<div><\/div>\n<div>#### \u0110\u1ecba ch\u1ec9 v\u00e0 th\u00f4ng tin li\u00ean h\u1ec7 \u0111\u1ec3 \u0111\u1eb7t l\u1eb5ng hoa &#8220;Lu\u00f4n T\u1ecfa S\u1eafc&#8221;:<\/div>\n<div><\/div>\n<div><a href=\"https:\/\/shophoabentre.com\/\">https:\/\/shophoabentre.com\/<\/a><\/div>\n<div>### K\u1ebft lu\u1eadn<\/div>\n<div><\/div>\n<div>L\u1eb5ng hoa &#8220;Lu\u00f4n T\u1ecfa S\u1eafc&#8221; kh\u00f4ng ch\u1ec9 l\u00e0 m\u1ed9t m\u00f3n qu\u00e0 \u0111\u1eb9p m\u1eaft m\u00e0 c\u00f2n mang nhi\u1ec1u \u00fd ngh\u0129a s\u00e2u s\u1eafc, g\u1eedi g\u1eafm nh\u1eefng l\u1eddi ch\u00fac t\u1ed1t \u0111\u1eb9p v\u00e0 ni\u1ec1m vui r\u1ef1c r\u1ee1. H\u00e3y \u0111\u1ebfn v\u1edbi c\u00e1c c\u1eeda h\u00e0ng hoa t\u1ea1i TP B\u1ebfn Tre \u0111\u1ec3 ch\u1ecdn l\u1ef1a cho m\u00ecnh l\u1eb5ng hoa &#8220;Lu\u00f4n T\u1ecfa S\u1eafc&#8221; v\u00e0 mang \u0111\u1ebfn ni\u1ec1m vui, s\u1ef1 r\u1ef1c r\u1ee1 v\u00e0 nh\u1eefng c\u1ea3m x\u00fac t\u00edch c\u1ef1c cho nh\u1eefng ng\u01b0\u1eddi th\u00e2n y\u00eau trong nh\u1eefng d\u1ecbp \u0111\u1eb7c bi\u1ec7t.<\/div>\n<p>&nbsp;<\/p>\n","protected":false},"excerpt":{"rendered":"<p>L\u1eb5ng hoa &#8220;Lu\u00f4n T\u1ecfa S\u1eafc&#8221; kh\u00f4ng ch\u1ec9 l\u00e0 m\u1ed9t m\u00f3n qu\u00e0 \u0111\u1eb9p m\u1eaft m\u00e0 c\u00f2n mang nhi\u1ec1u \u00fd ngh\u0129a s\u00e2u s\u1eafc, g\u1eedi g\u1eafm nh\u1eefng l\u1eddi ch\u00fac t\u1ed1t \u0111\u1eb9p v\u00e0 ni\u1ec1m vui r\u1ef1c r\u1ee1. H\u00e3y \u0111\u1ebfn v\u1edbi c\u00e1c c\u1eeda h\u00e0ng hoa t\u1ea1i TP B\u1ebfn Tre \u0111\u1ec3 ch\u1ecdn l\u1ef1a cho m\u00ecnh l\u1eb5ng hoa &#8220;Lu\u00f4n T\u1ecfa S\u1eafc&#8221; v\u00e0 mang \u0111\u1ebfn ni\u1ec1m vui, s\u1ef1 r\u1ef1c r\u1ee1 v\u00e0 nh\u1eefng c\u1ea3m x\u00fac t\u00edch c\u1ef1c cho nh\u1eefng ng\u01b0\u1eddi th\u00e2n y\u00eau trong nh\u1eefng d\u1ecbp \u0111\u1eb7c bi\u1ec7t.<\/p>\n","protected":false},"featured_media":292,"comment_status":"open","ping_status":"closed","template":"","meta":[],"product_brand":[],"product_cat":[37],"product_tag":[43,63,52],"class_list":{"0":"post-291","1":"product","2":"type-product","3":"status-publish","4":"has-post-thumbnail","6":"product_cat-hoa-gio","7":"product_tag-hoa-chuc-mung_sang-trong","8":"product_tag-luon-toa-sac","9":"product_tag-phat-tai-phat-loc","11":"first","12":"instock","13":"shipping-taxable","14":"purchasable","15":"product-type-simple"},"_links":{"self":[{"href":"https:\/\/shophoabentre.com\/index.php?rest_route=\/wp\/v2\/product\/291","targetHints":{"allow":["GET"]}}],"collection":[{"href":"https:\/\/shophoabentre.com\/index.php?rest_route=\/wp\/v2\/product"}],"about":[{"href":"https:\/\/shophoabentre.com\/index.php?rest_route=\/wp\/v2\/types\/product"}],"replies":[{"embeddable":true,"href":"https:\/\/shophoabentre.com\/index.php?rest_route=%2Fwp%2Fv2%2Fcomments&post=291"}],"wp:featuredmedia":[{"embeddable":true,"href":"https:\/\/shophoabentre.com\/index.php?rest_route=\/wp\/v2\/media\/292"}],"wp:attachment":[{"href":"https:\/\/shophoabentre.com\/index.php?rest_route=%2Fwp%2Fv2%2Fmedia&parent=291"}],"wp:term":[{"taxonomy":"product_brand","embeddable":true,"href":"https:\/\/shophoabentre.com\/index.php?rest_route=%2Fwp%2Fv2%2Fproduct_brand&post=291"},{"taxonomy":"product_cat","embeddable":true,"href":"https:\/\/shophoabentre.com\/index.php?rest_route=%2Fwp%2Fv2%2Fproduct_cat&post=291"},{"taxonomy":"product_tag","embeddable":true,"href":"https:\/\/shophoabentre.com\/index.php?rest_route=%2Fwp%2Fv2%2Fproduct_tag&post=291"}],"curies":[{"name":"wp","href":"https:\/\/api.w.org\/{rel}","templated":true}]}}