{"id":289,"date":"2021-07-06T01:40:38","date_gmt":"2021-07-06T01:40:38","guid":{"rendered":"https:\/\/shophoabentre.com\/?post_type=product&#038;p=289"},"modified":"2024-10-04T05:42:09","modified_gmt":"2024-10-04T05:42:09","slug":"chuc-mung-khai-truong","status":"publish","type":"product","link":"https:\/\/shophoabentre.com\/?product=chuc-mung-khai-truong","title":{"rendered":"CH\u00daC M\u1eeaNG KHAI TR\u01af\u01a0NG"},"content":{"rendered":"<h1>### L\u1eb5ng Hoa &#8220;Ch\u00fac M\u1eebng Khai Tr\u01b0\u01a1ng&#8221; t\u1ea1i TP B\u1ebfn Tre<\/h1>\n<div><\/div>\n<div>**L\u1eb5ng hoa &#8220;Ch\u00fac M\u1eebng Khai Tr\u01b0\u01a1ng&#8221;** l\u00e0 m\u1ed9t m\u00f3n qu\u00e0 tuy\u1ec7t v\u1eddi \u0111\u1ec3 ch\u00fac m\u1eebng v\u00e0 mang l\u1ea1i s\u1ef1 may m\u1eafn, th\u1ecbnh v\u01b0\u1ee3ng cho c\u00e1c s\u1ef1 ki\u1ec7n khai tr\u01b0\u01a1ng c\u1eeda h\u00e0ng, c\u00f4ng ty, ho\u1eb7c b\u1ea5t k\u1ef3 ho\u1ea1t \u0111\u1ed9ng kinh doanh m\u1edbi n\u00e0o. V\u1edbi thi\u1ebft k\u1ebf trang tr\u1ecdng v\u00e0 r\u1ef1c r\u1ee1, l\u1eb5ng hoa n\u00e0y ch\u1eafc ch\u1eafn s\u1ebd l\u00e0m kh\u00f4ng gian s\u1ef1 ki\u1ec7n th\u00eam ph\u1ea7n n\u1ed5i b\u1eadt v\u00e0 mang l\u1ea1i ni\u1ec1m vui cho ch\u1ee7 nh\u00e2n.<\/div>\n<div><\/div>\n<div>#### \u0110\u1eb7c \u0111i\u1ec3m n\u1ed5i b\u1eadt c\u1ee7a l\u1eb5ng hoa &#8220;Ch\u00fac M\u1eebng Khai Tr\u01b0\u01a1ng&#8221;:<\/div>\n<div><\/div>\n<div>1. **Thi\u1ebft k\u1ebf sang tr\u1ecdng v\u00e0 tinh t\u1ebf**:<\/div>\n<div>\u00a0 \u00a0&#8211; L\u1eb5ng hoa \u0111\u01b0\u1ee3c thi\u1ebft k\u1ebf v\u1edbi s\u1ef1 k\u1ebft h\u1ee3p c\u1ee7a nhi\u1ec1u lo\u1ea1i hoa t\u01b0\u01a1i, t\u1ea1o n\u00ean v\u1ebb \u0111\u1eb9p n\u1ed5i b\u1eadt v\u00e0 b\u1eaft m\u1eaft.<\/div>\n<div>\u00a0 \u00a0&#8211; C\u00e1c lo\u1ea1i hoa th\u01b0\u1eddng \u0111\u01b0\u1ee3c s\u1eed d\u1ee5ng bao g\u1ed3m hoa h\u1ed3ng \u0111\u1ecf, hoa \u0111\u1ed3ng ti\u1ec1n, hoa c\u1ea9m t\u00fa c\u1ea7u, hoa lan v\u00e0 hoa ly, mang l\u1ea1i s\u1ef1 phong ph\u00fa v\u00e0 \u0111a d\u1ea1ng v\u1ec1 m\u00e0u s\u1eafc.<\/div>\n<div><\/div>\n<div>2. **M\u00e0u s\u1eafc r\u1ef1c r\u1ee1**:<\/div>\n<div>\u00a0 \u00a0&#8211; M\u00e0u \u0111\u1ecf c\u1ee7a hoa h\u1ed3ng v\u00e0 hoa \u0111\u1ed3ng ti\u1ec1n bi\u1ec3u t\u01b0\u1ee3ng cho s\u1ef1 may m\u1eafn, th\u1ecbnh v\u01b0\u1ee3ng v\u00e0 th\u00e0nh c\u00f4ng.<\/div>\n<div>\u00a0 \u00a0&#8211; M\u00e0u v\u00e0ng c\u1ee7a hoa h\u01b0\u1edbng d\u01b0\u01a1ng v\u00e0 hoa \u0111\u1ed3ng ti\u1ec1n mang l\u1ea1i c\u1ea3m gi\u00e1c \u1ea5m \u00e1p, ni\u1ec1m vui v\u00e0 l\u1ea1c quan.<\/div>\n<div>\u00a0 \u00a0&#8211; M\u00e0u tr\u1eafng v\u00e0 t\u00edm c\u1ee7a hoa lan v\u00e0 hoa ly th\u1ec3 hi\u1ec7n s\u1ef1 tinh khi\u1ebft v\u00e0 sang tr\u1ecdng.<\/div>\n<div><\/div>\n<div>3. **Ch\u1ea5t l\u01b0\u1ee3ng hoa t\u01b0\u01a1i**:<\/div>\n<div>\u00a0 \u00a0&#8211; Hoa \u0111\u01b0\u1ee3c ch\u1ecdn l\u1ef1a k\u1ef9 c\u00e0ng t\u1eeb c\u00e1c v\u01b0\u1eddn hoa uy t\u00edn, \u0111\u1ea3m b\u1ea3o \u0111\u1ed9 t\u01b0\u01a1i m\u1edbi v\u00e0 b\u1ec1n l\u00e2u.<\/div>\n<div>\u00a0 \u00a0&#8211; S\u1eed d\u1ee5ng c\u00e1c k\u1ef9 thu\u1eadt b\u1ea3o qu\u1ea3n hi\u1ec7n \u0111\u1ea1i \u0111\u1ec3 gi\u1eef hoa lu\u00f4n t\u01b0\u01a1i t\u1eafn v\u00e0 \u0111\u1eb9p m\u1eaft.<\/div>\n<div><\/div>\n<div>4. **D\u1ecbch v\u1ee5 t\u1eadn t\u00e2m**:<\/div>\n<div>\u00a0 \u00a0&#8211; T\u01b0 v\u1ea5n nhi\u1ec7t t\u00ecnh \u0111\u1ec3 gi\u00fap kh\u00e1ch h\u00e0ng ch\u1ecdn \u0111\u01b0\u1ee3c l\u1eb5ng hoa ph\u00f9 h\u1ee3p nh\u1ea5t v\u1edbi th\u00f4ng \u0111i\u1ec7p mu\u1ed1n g\u1eedi g\u1eafm.<\/div>\n<div>\u00a0 \u00a0&#8211; D\u1ecbch v\u1ee5 giao hoa nhanh ch\u00f3ng v\u00e0 \u0111\u00fang h\u1eb9n, \u0111\u1ea3m b\u1ea3o hoa \u0111\u1ebfn tay ng\u01b0\u1eddi nh\u1eadn trong t\u00ecnh tr\u1ea1ng t\u1ed1t nh\u1ea5t.<\/div>\n<div><\/div>\n<div><\/div>\n<p><img loading=\"lazy\" decoding=\"async\" class=\"alignnone wp-image-290 size-full aligncenter\" src=\"http:\/\/shophoabentre.com\/wp-content\/uploads\/2021\/07\/sanh-buoc.jpg\" alt=\"\" width=\"572\" height=\"650\" srcset=\"https:\/\/shophoabentre.com\/wp-content\/uploads\/2021\/07\/sanh-buoc.jpg 572w, https:\/\/shophoabentre.com\/wp-content\/uploads\/2021\/07\/sanh-buoc-264x300.jpg 264w, https:\/\/shophoabentre.com\/wp-content\/uploads\/2021\/07\/sanh-buoc-510x580.jpg 510w, https:\/\/shophoabentre.com\/wp-content\/uploads\/2021\/07\/sanh-buoc-53x60.jpg 53w\" sizes=\"auto, (max-width: 572px) 100vw, 572px\" \/><\/p>\n<p>&nbsp;<\/p>\n<h3><strong>#### \u00dd ngh\u0129a c\u1ee7a l\u1eb5ng hoa &#8220;Ch\u00fac M\u1eebng Khai Tr\u01b0\u01a1ng&#8221;:<\/strong><\/h3>\n<div><\/div>\n<div>&#8211; **May m\u1eafn v\u00e0 th\u1ecbnh v\u01b0\u1ee3ng**: M\u00e0u \u0111\u1ecf c\u1ee7a hoa h\u1ed3ng v\u00e0 hoa \u0111\u1ed3ng ti\u1ec1n t\u01b0\u1ee3ng tr\u01b0ng cho s\u1ef1 may m\u1eafn v\u00e0 th\u1ecbnh v\u01b0\u1ee3ng, ch\u00fac cho c\u00f4ng vi\u1ec7c kinh doanh ph\u00e1t \u0111\u1ea1t v\u00e0 th\u00e0nh c\u00f4ng.<\/div>\n<div>&#8211; **Ni\u1ec1m vui v\u00e0 l\u1ea1c quan**: M\u00e0u v\u00e0ng c\u1ee7a hoa h\u01b0\u1edbng d\u01b0\u01a1ng v\u00e0 hoa \u0111\u1ed3ng ti\u1ec1n mang l\u1ea1i ni\u1ec1m vui, s\u1ef1 l\u1ea1c quan v\u00e0 hy v\u1ecdng v\u00e0o t\u01b0\u01a1ng lai t\u01b0\u01a1i s\u00e1ng.<\/div>\n<div>&#8211; **Tinh t\u1ebf v\u00e0 sang tr\u1ecdng**: S\u1ef1 k\u1ebft h\u1ee3p c\u1ee7a c\u00e1c lo\u1ea1i hoa tinh t\u1ebf v\u00e0 m\u00e0u s\u1eafc r\u1ef1c r\u1ee1 mang l\u1ea1i c\u1ea3m gi\u00e1c thanh l\u1ecbch v\u00e0 trang tr\u1ecdng, ph\u00f9 h\u1ee3p v\u1edbi c\u00e1c s\u1ef1 ki\u1ec7n quan tr\u1ecdng.<\/div>\n<div><\/div>\n<div>#### \u0110\u1ecba ch\u1ec9 v\u00e0 th\u00f4ng tin li\u00ean h\u1ec7 \u0111\u1ec3 \u0111\u1eb7t l\u1eb5ng hoa &#8220;Ch\u00fac M\u1eebng Khai Tr\u01b0\u01a1ng&#8221;:<\/div>\n<div><\/div>\n<div>&#8211; **\u0110\u1ecba ch\u1ec9**: [Cung c\u1ea5p \u0111\u1ecba ch\u1ec9 c\u1ee5 th\u1ec3 c\u1ee7a shop hoa t\u1ea1i TP B\u1ebfn Tre]<\/div>\n<div>&#8211; **S\u1ed1 \u0111i\u1ec7n tho\u1ea1i**: [S\u1ed1 \u0111i\u1ec7n tho\u1ea1i li\u00ean h\u1ec7 c\u1ee7a shop]<\/div>\n<div>&#8211; **Website**: <a href=\"https:\/\/shophoabentre.com\/\">https:\/\/shophoabentre.com\/<\/a><\/div>\n<div>&#8211; **Facebook**: [Link Facebook c\u1ee7a shop, n\u1ebfu c\u00f3]<\/div>\n<div><\/div>\n<div>### K\u1ebft lu\u1eadn<\/div>\n<div><\/div>\n<div>L\u1eb5ng hoa &#8220;Ch\u00fac M\u1eebng Khai Tr\u01b0\u01a1ng&#8221; kh\u00f4ng ch\u1ec9 l\u00e0 m\u00f3n qu\u00e0 \u0111\u1eb9p m\u1eaft m\u00e0 c\u00f2n mang nhi\u1ec1u \u00fd ngh\u0129a s\u00e2u s\u1eafc, g\u1eedi g\u1eafm nh\u1eefng l\u1eddi ch\u00fac t\u1ed1t \u0111\u1eb9p v\u00e0 ni\u1ec1m vui r\u1ef1c r\u1ee1. H\u00e3y \u0111\u1ebfn v\u1edbi c\u00e1c c\u1eeda h\u00e0ng hoa t\u1ea1i TP B\u1ebfn Tre \u0111\u1ec3 ch\u1ecdn l\u1ef1a cho m\u00ecnh l\u1eb5ng hoa &#8220;Ch\u00fac M\u1eebng Khai Tr\u01b0\u01a1ng&#8221; v\u00e0 mang \u0111\u1ebfn s\u1ef1 may m\u1eafn, th\u1ecbnh v\u01b0\u1ee3ng v\u00e0 nh\u1eefng c\u1ea3m x\u00fac t\u00edch c\u1ef1c cho nh\u1eefng ng\u01b0\u1eddi th\u00e2n y\u00eau trong ng\u00e0y khai tr\u01b0\u01a1ng \u0111\u1eb7c bi\u1ec7t.<\/div>\n","protected":false},"excerpt":{"rendered":"<p>L\u1eb5ng hoa &#8220;Ch\u00fac M\u1eebng Khai Tr\u01b0\u01a1ng&#8221; kh\u00f4ng ch\u1ec9 l\u00e0 m\u00f3n qu\u00e0 \u0111\u1eb9p m\u1eaft m\u00e0 c\u00f2n mang nhi\u1ec1u \u00fd ngh\u0129a s\u00e2u s\u1eafc, g\u1eedi g\u1eafm nh\u1eefng l\u1eddi ch\u00fac t\u1ed1t \u0111\u1eb9p v\u00e0 ni\u1ec1m vui r\u1ef1c r\u1ee1. H\u00e3y \u0111\u1ebfn v\u1edbi c\u00e1c c\u1eeda h\u00e0ng hoa t\u1ea1i TP B\u1ebfn Tre \u0111\u1ec3 ch\u1ecdn l\u1ef1a cho m\u00ecnh l\u1eb5ng hoa &#8220;Ch\u00fac M\u1eebng Khai Tr\u01b0\u01a1ng&#8221; v\u00e0 mang \u0111\u1ebfn s\u1ef1 may m\u1eafn, th\u1ecbnh v\u01b0\u1ee3ng v\u00e0 nh\u1eefng c\u1ea3m x\u00fac t\u00edch c\u1ef1c cho nh\u1eefng ng\u01b0\u1eddi th\u00e2n y\u00eau trong ng\u00e0y khai tr\u01b0\u01a1ng \u0111\u1eb7c bi\u1ec7t.<\/p>\n","protected":false},"featured_media":290,"comment_status":"open","ping_status":"closed","template":"","meta":[],"product_brand":[],"product_cat":[37],"product_tag":[62,46],"class_list":{"0":"post-289","1":"product","2":"type-product","3":"status-publish","4":"has-post-thumbnail","6":"product_cat-hoa-gio","7":"product_tag-chuc-mung-khai-truong","8":"product_tag-vong-hoa-tang-le","10":"first","11":"instock","12":"shipping-taxable","13":"purchasable","14":"product-type-simple"},"_links":{"self":[{"href":"https:\/\/shophoabentre.com\/index.php?rest_route=\/wp\/v2\/product\/289","targetHints":{"allow":["GET"]}}],"collection":[{"href":"https:\/\/shophoabentre.com\/index.php?rest_route=\/wp\/v2\/product"}],"about":[{"href":"https:\/\/shophoabentre.com\/index.php?rest_route=\/wp\/v2\/types\/product"}],"replies":[{"embeddable":true,"href":"https:\/\/shophoabentre.com\/index.php?rest_route=%2Fwp%2Fv2%2Fcomments&post=289"}],"wp:featuredmedia":[{"embeddable":true,"href":"https:\/\/shophoabentre.com\/index.php?rest_route=\/wp\/v2\/media\/290"}],"wp:attachment":[{"href":"https:\/\/shophoabentre.com\/index.php?rest_route=%2Fwp%2Fv2%2Fmedia&parent=289"}],"wp:term":[{"taxonomy":"product_brand","embeddable":true,"href":"https:\/\/shophoabentre.com\/index.php?rest_route=%2Fwp%2Fv2%2Fproduct_brand&post=289"},{"taxonomy":"product_cat","embeddable":true,"href":"https:\/\/shophoabentre.com\/index.php?rest_route=%2Fwp%2Fv2%2Fproduct_cat&post=289"},{"taxonomy":"product_tag","embeddable":true,"href":"https:\/\/shophoabentre.com\/index.php?rest_route=%2Fwp%2Fv2%2Fproduct_tag&post=289"}],"curies":[{"name":"wp","href":"https:\/\/api.w.org\/{rel}","templated":true}]}}