{"id":283,"date":"2021-07-06T01:00:59","date_gmt":"2021-07-06T01:00:59","guid":{"rendered":"https:\/\/shophoabentre.com\/?post_type=product&#038;p=283"},"modified":"2024-10-04T05:42:09","modified_gmt":"2024-10-04T05:42:09","slug":"chuc-mung-sep","status":"publish","type":"product","link":"https:\/\/shophoabentre.com\/?product=chuc-mung-sep","title":{"rendered":"CH\u00daC M\u1eeaNG S\u1ebeP"},"content":{"rendered":"<h1>### L\u1eb5ng Hoa &#8220;Ch\u00fac M\u1eebng S\u1ebfp&#8221; t\u1ea1i TP B\u1ebfn Tre<\/h1>\n<p>&nbsp;<\/p>\n<p><strong>**L\u1eb5ng hoa &#8220;Ch\u00fac M\u1eebng S\u1ebfp<\/strong>&#8220;** l\u00e0 m\u00f3n qu\u00e0 tuy\u1ec7t v\u1eddi \u0111\u1ec3 g\u1eedi l\u1eddi ch\u00fac m\u1eebng v\u00e0 b\u00e0y t\u1ecf s\u1ef1 k\u00ednh tr\u1ecdng, bi\u1ebft \u01a1n \u0111\u1ed1i v\u1edbi s\u1ebfp trong c\u00e1c d\u1ecbp \u0111\u1eb7c bi\u1ec7t nh\u01b0 th\u0103ng ch\u1ee9c, k\u1ef7 ni\u1ec7m th\u00e0nh l\u1eadp c\u00f4ng ty, sinh nh\u1eadt ho\u1eb7c c\u00e1c s\u1ef1 ki\u1ec7n quan tr\u1ecdng kh\u00e1c. V\u1edbi thi\u1ebft k\u1ebf sang tr\u1ecdng v\u00e0 tinh t\u1ebf, l\u1eb5ng hoa n\u00e0y ch\u1eafc ch\u1eafn s\u1ebd l\u00e0m s\u1ebfp c\u1ee7a b\u1ea1n c\u1ea3m th\u1ea5y \u0111\u01b0\u1ee3c tr\u00e2n tr\u1ecdng v\u00e0 t\u00f4n vinh.<\/p>\n<h2>#### \u0110\u1eb7c \u0111i\u1ec3m n\u1ed5i b\u1eadt c\u1ee7a l\u1eb5ng hoa &#8220;Ch\u00fac M\u1eebng S\u1ebfp&#8221;:<\/h2>\n<p>1. **Thi\u1ebft k\u1ebf sang tr\u1ecdng v\u00e0 \u0111\u1eb3ng c\u1ea5p**:<br \/>\n&#8211; L\u1eb5ng hoa \u0111\u01b0\u1ee3c thi\u1ebft k\u1ebf v\u1edbi s\u1ef1 k\u1ebft h\u1ee3p h\u00e0i h\u00f2a gi\u1eefa c\u00e1c lo\u1ea1i hoa t\u01b0\u01a1i, t\u1ea1o n\u00ean v\u1ebb \u0111\u1eb9p n\u1ed5i b\u1eadt v\u00e0 b\u1eaft m\u1eaft.<br \/>\n&#8211; C\u00e1c lo\u1ea1i hoa th\u01b0\u1eddng \u0111\u01b0\u1ee3c s\u1eed d\u1ee5ng bao g\u1ed3m hoa h\u1ed3ng, hoa lan, hoa lily, hoa h\u01b0\u1edbng d\u01b0\u01a1ng v\u00e0 hoa \u0111\u1ed3ng ti\u1ec1n, mang l\u1ea1i s\u1ef1 phong ph\u00fa v\u00e0 \u0111a d\u1ea1ng v\u1ec1 m\u00e0u s\u1eafc.<\/p>\n<p>2. **M\u00e0u s\u1eafc trang nh\u00e3 v\u00e0 \u00fd ngh\u0129a**:<br \/>\n&#8211; M\u00e0u \u0111\u1ecf v\u00e0 v\u00e0ng c\u1ee7a hoa h\u1ed3ng v\u00e0 hoa h\u01b0\u1edbng d\u01b0\u01a1ng bi\u1ec3u t\u01b0\u1ee3ng cho s\u1ef1 th\u1ecbnh v\u01b0\u1ee3ng, th\u00e0nh c\u00f4ng v\u00e0 ni\u1ec1m vui.<br \/>\n&#8211; M\u00e0u tr\u1eafng c\u1ee7a hoa lily th\u1ec3 hi\u1ec7n s\u1ef1 tinh khi\u1ebft, thanh l\u1ecbch v\u00e0 trang tr\u1ecdng.<br \/>\n&#8211; M\u00e0u t\u00edm c\u1ee7a hoa lan mang l\u1ea1i c\u1ea3m gi\u00e1c qu\u00fd ph\u00e1i v\u00e0 sang tr\u1ecdng.<\/p>\n<p>3. **Ch\u1ea5t l\u01b0\u1ee3ng hoa t\u01b0\u01a1i**:<br \/>\n&#8211; Hoa \u0111\u01b0\u1ee3c ch\u1ecdn l\u1ef1a k\u1ef9 c\u00e0ng t\u1eeb c\u00e1c v\u01b0\u1eddn hoa uy t\u00edn, \u0111\u1ea3m b\u1ea3o \u0111\u1ed9 t\u01b0\u01a1i m\u1edbi v\u00e0 b\u1ec1n l\u00e2u.<br \/>\n&#8211; S\u1eed d\u1ee5ng c\u00e1c k\u1ef9 thu\u1eadt b\u1ea3o qu\u1ea3n hi\u1ec7n \u0111\u1ea1i \u0111\u1ec3 gi\u1eef hoa lu\u00f4n t\u01b0\u01a1i t\u1eafn v\u00e0 \u0111\u1eb9p m\u1eaft.<\/p>\n<p>4. **D\u1ecbch v\u1ee5 t\u1eadn t\u00e2m**:<br \/>\n&#8211; T\u01b0 v\u1ea5n nhi\u1ec7t t\u00ecnh gi\u00fap kh\u00e1ch h\u00e0ng ch\u1ecdn \u0111\u01b0\u1ee3c l\u1eb5ng hoa ph\u00f9 h\u1ee3p nh\u1ea5t v\u1edbi th\u00f4ng \u0111i\u1ec7p mu\u1ed1n g\u1eedi g\u1eafm.<br \/>\n&#8211; D\u1ecbch v\u1ee5 giao hoa nhanh ch\u00f3ng v\u00e0 \u0111\u00fang h\u1eb9n, \u0111\u1ea3m b\u1ea3o hoa \u0111\u1ebfn tay ng\u01b0\u1eddi nh\u1eadn trong t\u00ecnh tr\u1ea1ng t\u1ed1t nh\u1ea5t.<\/p>\n<p>&nbsp;<\/p>\n<p><img loading=\"lazy\" decoding=\"async\" class=\"aligncenter wp-image-284 size-full\" src=\"http:\/\/shophoabentre.com\/wp-content\/uploads\/2021\/07\/vung-manh.jpg\" alt=\"CH\u00daC M\u1eeaNG S\u1ebeP\" width=\"572\" height=\"650\" srcset=\"https:\/\/shophoabentre.com\/wp-content\/uploads\/2021\/07\/vung-manh.jpg 572w, https:\/\/shophoabentre.com\/wp-content\/uploads\/2021\/07\/vung-manh-264x300.jpg 264w, https:\/\/shophoabentre.com\/wp-content\/uploads\/2021\/07\/vung-manh-510x580.jpg 510w, https:\/\/shophoabentre.com\/wp-content\/uploads\/2021\/07\/vung-manh-53x60.jpg 53w\" sizes=\"auto, (max-width: 572px) 100vw, 572px\" \/><\/p>\n<h3>#### \u00dd ngh\u0129a c\u1ee7a l\u1eb5ng hoa &#8220;Ch\u00fac M\u1eebng S\u1ebfp&#8221;:<\/h3>\n<p>&#8211; **Th\u00e0nh c\u00f4ng v\u00e0 th\u1ecbnh v\u01b0\u1ee3ng**: M\u00e0u \u0111\u1ecf v\u00e0 v\u00e0ng c\u1ee7a hoa h\u1ed3ng v\u00e0 hoa h\u01b0\u1edbng d\u01b0\u01a1ng t\u01b0\u1ee3ng tr\u01b0ng cho s\u1ef1 th\u00e0nh c\u00f4ng, th\u1ecbnh v\u01b0\u1ee3ng v\u00e0 ni\u1ec1m vui, l\u00e0 l\u1eddi ch\u00fac m\u1eebng ch\u00e2n th\u00e0nh v\u00e0 t\u1ed1t \u0111\u1eb9p d\u00e0nh cho s\u1ebfp.<br \/>\n&#8211; **Tinh t\u1ebf v\u00e0 thanh l\u1ecbch**: Hoa lily tr\u1eafng v\u00e0 hoa lan t\u00edm bi\u1ec3u t\u01b0\u1ee3ng cho s\u1ef1 tinh khi\u1ebft, thanh l\u1ecbch v\u00e0 sang tr\u1ecdng, th\u1ec3 hi\u1ec7n s\u1ef1 k\u00ednh tr\u1ecdng v\u00e0 t\u00f4n vinh.<br \/>\n&#8211; **Ni\u1ec1m vui v\u00e0 h\u1ea1nh ph\u00fac**: M\u00e0u s\u1eafc t\u01b0\u01a1i s\u00e1ng c\u1ee7a c\u00e1c lo\u1ea1i hoa mang l\u1ea1i c\u1ea3m gi\u00e1c vui t\u01b0\u01a1i, h\u1ea1nh ph\u00fac v\u00e0 l\u1ea1c quan, l\u00e0 l\u1eddi ch\u00fac s\u1ebfp lu\u00f4n vui v\u1ebb v\u00e0 h\u1ea1nh ph\u00fac.<\/p>\n<p>#### \u0110\u1ecba ch\u1ec9 v\u00e0 th\u00f4ng tin li\u00ean h\u1ec7 \u0111\u1ec3 \u0111\u1eb7t l\u1eb5ng hoa &#8220;Ch\u00fac M\u1eebng S\u1ebfp&#8221;:<\/p>\n<p>&#8211; **\u0110\u1ecba ch\u1ec9**: [Cung c\u1ea5p \u0111\u1ecba ch\u1ec9 c\u1ee5 th\u1ec3 c\u1ee7a shop hoa t\u1ea1i TP B\u1ebfn Tre]\n&#8211; **S\u1ed1 \u0111i\u1ec7n tho\u1ea1i**: [S\u1ed1 \u0111i\u1ec7n tho\u1ea1i li\u00ean h\u1ec7 c\u1ee7a shop]\n&#8211; **Website**:<a href=\"https:\/\/shophoabentre.com\/\"> https:\/\/shophoabentre.com\/<\/a><br \/>\n&#8211; **Facebook**: [Link Facebook c\u1ee7a shop, n\u1ebfu c\u00f3]\n<p>### K\u1ebft lu\u1eadn<\/p>\n<p>L\u1eb5ng hoa &#8220;Ch\u00fac M\u1eebng S\u1ebfp&#8221; kh\u00f4ng ch\u1ec9 l\u00e0 m\u00f3n qu\u00e0 \u0111\u1eb9p m\u1eaft m\u00e0 c\u00f2n mang nhi\u1ec1u \u00fd ngh\u0129a s\u00e2u s\u1eafc, g\u1eedi g\u1eafm nh\u1eefng l\u1eddi ch\u00fac t\u1ed1t \u0111\u1eb9p v\u00e0 s\u1ef1 k\u00ednh tr\u1ecdng ch\u00e2n th\u00e0nh. H\u00e3y \u0111\u1ebfn v\u1edbi c\u00e1c c\u1eeda h\u00e0ng hoa t\u1ea1i TP B\u1ebfn Tre \u0111\u1ec3 ch\u1ecdn l\u1ef1a cho m\u00ecnh l\u1eb5ng hoa &#8220;Ch\u00fac M\u1eebng S\u1ebfp&#8221; v\u00e0 mang \u0111\u1ebfn ni\u1ec1m vui, s\u1ef1 t\u00f4n vinh v\u00e0 nh\u1eefng c\u1ea3m x\u00fac t\u00edch c\u1ef1c cho s\u1ebfp c\u1ee7a b\u1ea1n trong nh\u1eefng d\u1ecbp \u0111\u1eb7c bi\u1ec7t.<\/p>\n","protected":false},"excerpt":{"rendered":"<p>L\u1eb5ng hoa &#8220;Ch\u00fac M\u1eebng S\u1ebfp&#8221; kh\u00f4ng ch\u1ec9 l\u00e0 m\u00f3n qu\u00e0 \u0111\u1eb9p m\u1eaft m\u00e0 c\u00f2n mang nhi\u1ec1u \u00fd ngh\u0129a s\u00e2u s\u1eafc, g\u1eedi g\u1eafm nh\u1eefng l\u1eddi ch\u00fac t\u1ed1t \u0111\u1eb9p v\u00e0 s\u1ef1 k\u00ednh tr\u1ecdng ch\u00e2n th\u00e0nh. H\u00e3y \u0111\u1ebfn v\u1edbi c\u00e1c c\u1eeda h\u00e0ng hoa t\u1ea1i TP B\u1ebfn Tre \u0111\u1ec3 ch\u1ecdn l\u1ef1a cho m\u00ecnh l\u1eb5ng hoa &#8220;Ch\u00fac M\u1eebng S\u1ebfp&#8221; v\u00e0 mang \u0111\u1ebfn ni\u1ec1m vui, s\u1ef1 t\u00f4n vinh v\u00e0 nh\u1eefng c\u1ea3m x\u00fac t\u00edch c\u1ef1c cho s\u1ebfp c\u1ee7a b\u1ea1n trong nh\u1eefng d\u1ecbp \u0111\u1eb7c bi\u1ec7t.<\/p>\n","protected":false},"featured_media":284,"comment_status":"open","ping_status":"closed","template":"","meta":[],"product_brand":[],"product_cat":[37],"product_tag":[59,45,43,47,46],"class_list":{"0":"post-283","1":"product","2":"type-product","3":"status-publish","4":"has-post-thumbnail","6":"product_cat-hoa-gio","7":"product_tag-diu-dang-huong-hoa","8":"product_tag-dat-vong-hoa-tang-le","9":"product_tag-hoa-chuc-mung_sang-trong","10":"product_tag-luyen-tiec","11":"product_tag-vong-hoa-tang-le","13":"first","14":"instock","15":"shipping-taxable","16":"purchasable","17":"product-type-simple"},"_links":{"self":[{"href":"https:\/\/shophoabentre.com\/index.php?rest_route=\/wp\/v2\/product\/283","targetHints":{"allow":["GET"]}}],"collection":[{"href":"https:\/\/shophoabentre.com\/index.php?rest_route=\/wp\/v2\/product"}],"about":[{"href":"https:\/\/shophoabentre.com\/index.php?rest_route=\/wp\/v2\/types\/product"}],"replies":[{"embeddable":true,"href":"https:\/\/shophoabentre.com\/index.php?rest_route=%2Fwp%2Fv2%2Fcomments&post=283"}],"wp:featuredmedia":[{"embeddable":true,"href":"https:\/\/shophoabentre.com\/index.php?rest_route=\/wp\/v2\/media\/284"}],"wp:attachment":[{"href":"https:\/\/shophoabentre.com\/index.php?rest_route=%2Fwp%2Fv2%2Fmedia&parent=283"}],"wp:term":[{"taxonomy":"product_brand","embeddable":true,"href":"https:\/\/shophoabentre.com\/index.php?rest_route=%2Fwp%2Fv2%2Fproduct_brand&post=283"},{"taxonomy":"product_cat","embeddable":true,"href":"https:\/\/shophoabentre.com\/index.php?rest_route=%2Fwp%2Fv2%2Fproduct_cat&post=283"},{"taxonomy":"product_tag","embeddable":true,"href":"https:\/\/shophoabentre.com\/index.php?rest_route=%2Fwp%2Fv2%2Fproduct_tag&post=283"}],"curies":[{"name":"wp","href":"https:\/\/api.w.org\/{rel}","templated":true}]}}