{"id":267,"date":"2021-06-30T05:10:58","date_gmt":"2021-06-30T05:10:58","guid":{"rendered":"https:\/\/shophoabentre.com\/?post_type=product&#038;p=267"},"modified":"2024-10-04T05:42:09","modified_gmt":"2024-10-04T05:42:09","slug":"khai-truong-phat-loc","status":"publish","type":"product","link":"https:\/\/shophoabentre.com\/?product=khai-truong-phat-loc","title":{"rendered":"khai tr\u01b0\u01a1ng ph\u00e1t l\u1ed9c"},"content":{"rendered":"<h2 id=\"input_line_0\" style=\"text-align: center;\"><span style=\"font-size: 120%;\"><strong><span id=\"input_part_0\" class=\"\" data-mention=\"K\u1ec7 Hoa Khai Tr\u01b0\u01a1ng Ph\u00e1t L\u1ed9c \u2013 M\u00f3n Qu\u00e0 May M\u1eafn v\u00e0 \u00dd Ngh\u0129a Cho Ng\u00e0y Khai Tr\u01b0\u01a1ng\">K\u1ec7 Hoa Khai Tr\u01b0\u01a1ng Ph\u00e1t L\u1ed9c \u2013 M\u00f3n Qu\u00e0 May M\u1eafn v\u00e0 \u00dd Ngh\u0129a\u00a0<\/span><\/strong><\/span><\/h2>\n<div id=\"input_line_1\"><\/div>\n<div id=\"input_line_2\">\n<\/div>\n<div id=\"input_line_3\"><span id=\"input_part_0\" class=\"\" style=\"font-size: 120%;\" data-mention=\"Kh\u00e1m ph\u00e1 k\u1ec7 hoa khai tr\u01b0\u01a1ng ph\u00e1t l\u1ed9c tuy\u1ec7t \u0111\u1eb9p, mang \u0111\u1ebfn may m\u1eafn v\u00e0 t\u00e0i l\u1ed9c cho ng\u00e0y khai tr\u01b0\u01a1ng. \u0110\u01b0\u1ee3c thi\u1ebft k\u1ebf tinh t\u1ebf v\u00e0 sang tr\u1ecdng, k\u1ec7 hoa n\u00e0y l\u00e0 m\u00f3n qu\u00e0 l\u00fd t\u01b0\u1edfng \u0111\u1ec3 ch\u00fac m\u1eebng kh\u1edfi \u0111\u1ea7u th\u00e0nh c\u00f4ng. H\u00e3y ch\u1ecdn k\u1ec7 hoa khai tr\u01b0\u01a1ng ph\u00e1t l\u1ed9c \u0111\u1ec3 g\u1eedi g\u1eafm l\u1eddi ch\u00fac t\u1ed1t \u0111\u1eb9p nh\u1ea5t!\">Kh\u00e1m ph\u00e1 k\u1ec7 hoa khai tr\u01b0\u01a1ng ph\u00e1t l\u1ed9c tuy\u1ec7t \u0111\u1eb9p, mang \u0111\u1ebfn may m\u1eafn v\u00e0 t\u00e0i l\u1ed9c cho ng\u00e0y khai tr\u01b0\u01a1ng. \u0110\u01b0\u1ee3c thi\u1ebft k\u1ebf tinh t\u1ebf v\u00e0 sang tr\u1ecdng, k\u1ec7 hoa n\u00e0y l\u00e0 m\u00f3n qu\u00e0 l\u00fd t\u01b0\u1edfng \u0111\u1ec3 ch\u00fac m\u1eebng kh\u1edfi \u0111\u1ea7u th\u00e0nh c\u00f4ng. H\u00e3y ch\u1ecdn k\u1ec7 hoa khai tr\u01b0\u01a1ng ph\u00e1t l\u1ed9c \u0111\u1ec3 g\u1eedi g\u1eafm l\u1eddi ch\u00fac t\u1ed1t \u0111\u1eb9p nh\u1ea5t!<\/span><\/div>\n<div id=\"input_line_5\"><\/div>\n<div id=\"input_line_6\"><span style=\"font-size: 120%;\"><strong><span id=\"input_part_0\" class=\"\" data-mention=\"K\u1ec7 Hoa Khai Tr\u01b0\u01a1ng Ph\u00e1t L\u1ed9c \u2013 M\u00f3n Qu\u00e0 May M\u1eafn v\u00e0 \u00dd Ngh\u0129a Cho Ng\u00e0y Khai Tr\u01b0\u01a1ng\">K\u1ec7 Hoa Khai Tr\u01b0\u01a1ng Ph\u00e1t L\u1ed9c \u2013 M\u00f3n Qu\u00e0 May M\u1eafn v\u00e0 \u00dd Ngh\u0129a Cho Ng\u00e0y Khai Tr\u01b0\u01a1ng<\/span><\/strong><\/span><\/div>\n<div id=\"input_line_7\"><span id=\"input_part_0\" class=\"\" style=\"font-size: 120%;\" data-mention=\"Khai tr\u01b0\u01a1ng l\u00e0 m\u1ed9t d\u1ecbp \u0111\u1eb7c bi\u1ec7t v\u00e0 quan tr\u1ecdng, \u0111\u00e1nh d\u1ea5u s\u1ef1 kh\u1edfi \u0111\u1ea7u c\u1ee7a m\u1ed9t doanh nghi\u1ec7p m\u1edbi ho\u1eb7c m\u1edf r\u1ed9ng kinh doanh. Trong ng\u00e0y tr\u1ecdng \u0111\u1ea1i n\u00e0y, m\u1ed9t k\u1ec7 hoa khai tr\u01b0\u01a1ng ph\u00e1t l\u1ed9c kh\u00f4ng ch\u1ec9 l\u00e0m \u0111\u1eb9p kh\u00f4ng gian m\u00e0 c\u00f2n mang \u0111\u1ebfn nhi\u1ec1u may m\u1eafn v\u00e0 t\u00e0i l\u1ed9c cho ch\u1ee7 nh\u00e2n. H\u00e3y c\u00f9ng kh\u00e1m ph\u00e1 v\u1ec1 \u00fd ngh\u0129a v\u00e0 c\u00e1ch l\u1ef1a ch\u1ecdn k\u1ec7 hoa khai tr\u01b0\u01a1ng ph\u00e1t l\u1ed9c ho\u00e0n h\u1ea3o nh\u00e9!\">Khai tr\u01b0\u01a1ng l\u00e0 m\u1ed9t d\u1ecbp \u0111\u1eb7c bi\u1ec7t v\u00e0 quan tr\u1ecdng, \u0111\u00e1nh d\u1ea5u s\u1ef1 kh\u1edfi \u0111\u1ea7u c\u1ee7a m\u1ed9t doanh nghi\u1ec7p m\u1edbi ho\u1eb7c m\u1edf r\u1ed9ng kinh doanh. Trong ng\u00e0y tr\u1ecdng \u0111\u1ea1i n\u00e0y, m\u1ed9t k\u1ec7 hoa khai tr\u01b0\u01a1ng ph\u00e1t l\u1ed9c kh\u00f4ng ch\u1ec9 l\u00e0m \u0111\u1eb9p kh\u00f4ng gian m\u00e0 c\u00f2n mang \u0111\u1ebfn nhi\u1ec1u may m\u1eafn v\u00e0 t\u00e0i l\u1ed9c cho ch\u1ee7 nh\u00e2n. H\u00e3y c\u00f9ng kh\u00e1m ph\u00e1 v\u1ec1 \u00fd ngh\u0129a v\u00e0 c\u00e1ch l\u1ef1a ch\u1ecdn k\u1ec7 hoa khai tr\u01b0\u01a1ng ph\u00e1t l\u1ed9c ho\u00e0n h\u1ea3o nh\u00e9!<\/span><\/div>\n<div id=\"input_line_8\"><\/div>\n<div id=\"input_line_9\"><span style=\"font-size: 120%;\"><strong><span id=\"input_part_0\" class=\"\" data-mention=\"\u00dd ngh\u0129a c\u1ee7a k\u1ec7 hoa khai tr\u01b0\u01a1ng ph\u00e1t l\u1ed9c\">\u00dd ngh\u0129a c\u1ee7a k\u1ec7 hoa khai tr\u01b0\u01a1ng ph\u00e1t l\u1ed9c<\/span><\/strong><\/span><\/div>\n<div id=\"input_line_10\"><span id=\"input_part_0\" class=\"\" style=\"font-size: 120%;\" data-mention=\"K\u1ec7 hoa khai tr\u01b0\u01a1ng ph\u00e1t l\u1ed9c kh\u00f4ng ch\u1ec9 l\u00e0 m\u1ed9t m\u00f3n qu\u00e0 trang tr\u00ed m\u00e0 c\u00f2n ch\u1ee9a \u0111\u1ef1ng nhi\u1ec1u \u00fd ngh\u0129a phong th\u1ee7y v\u00e0 t\u00e2m linh. Trong v\u0103n h\u00f3a \u00c1 \u0110\u00f4ng, hoa lu\u00f4n \u0111\u01b0\u1ee3c xem l\u00e0 bi\u1ec3u t\u01b0\u1ee3ng c\u1ee7a s\u1ef1 t\u01b0\u01a1i m\u1edbi, s\u1ef1 s\u1ed1ng v\u00e0 s\u1ef1 ph\u00e1t tri\u1ec3n. M\u1ed9t k\u1ec7 hoa khai tr\u01b0\u01a1ng ph\u00e1t l\u1ed9c \u0111\u01b0\u1ee3c ch\u1ecdn l\u1ecdc k\u1ef9 l\u01b0\u1ee1ng v\u1edbi c\u00e1c lo\u00e0i hoa mang \u00fd ngh\u0129a t\u1ed1t \u0111\u1eb9p nh\u01b0:\">K\u1ec7 hoa khai tr\u01b0\u01a1ng ph\u00e1t l\u1ed9c kh\u00f4ng ch\u1ec9 l\u00e0 m\u1ed9t m\u00f3n qu\u00e0 trang tr\u00ed m\u00e0 c\u00f2n ch\u1ee9a \u0111\u1ef1ng nhi\u1ec1u \u00fd ngh\u0129a phong th\u1ee7y v\u00e0 t\u00e2m linh. Trong v\u0103n h\u00f3a \u00c1 \u0110\u00f4ng, hoa lu\u00f4n \u0111\u01b0\u1ee3c xem l\u00e0 bi\u1ec3u t\u01b0\u1ee3ng c\u1ee7a s\u1ef1 t\u01b0\u01a1i m\u1edbi, s\u1ef1 s\u1ed1ng v\u00e0 s\u1ef1 ph\u00e1t tri\u1ec3n. M\u1ed9t k\u1ec7 hoa khai tr\u01b0\u01a1ng ph\u00e1t l\u1ed9c \u0111\u01b0\u1ee3c ch\u1ecdn l\u1ecdc k\u1ef9 l\u01b0\u1ee1ng v\u1edbi c\u00e1c lo\u00e0i hoa mang \u00fd ngh\u0129a t\u1ed1t \u0111\u1eb9p nh\u01b0:<\/span><\/div>\n<div id=\"input_line_11\"><\/div>\n<div id=\"input_line_12\"><span id=\"input_part_0\" class=\"\" style=\"font-size: 120%;\" data-mention=\"Hoa h\u1ed3ng: Bi\u1ec3u t\u01b0\u1ee3ng c\u1ee7a t\u00ecnh y\u00eau v\u00e0 s\u1ef1 th\u1ecbnh v\u01b0\u1ee3ng.\">Hoa h\u1ed3ng: Bi\u1ec3u t\u01b0\u1ee3ng c\u1ee7a t\u00ecnh y\u00eau v\u00e0 s\u1ef1 th\u1ecbnh v\u01b0\u1ee3ng.<\/span><\/div>\n<div id=\"input_line_13\"><span id=\"input_part_0\" class=\"\" style=\"font-size: 120%;\" data-mention=\"Hoa lan: T\u01b0\u1ee3ng tr\u01b0ng cho s\u1ef1 cao qu\u00fd, sang tr\u1ecdng v\u00e0 may m\u1eafn.\">Hoa lan: T\u01b0\u1ee3ng tr\u01b0ng cho s\u1ef1 cao qu\u00fd, sang tr\u1ecdng v\u00e0 may m\u1eafn.<\/span><\/div>\n<div id=\"input_line_14\"><span id=\"input_part_0\" class=\"\" style=\"font-size: 120%;\" data-mention=\"Hoa \u0111\u1ed3ng ti\u1ec1n: Mang \u00fd ngh\u0129a t\u00e0i l\u1ed9c, ti\u1ec1n t\u00e0i v\u00e0 th\u00e0nh c\u00f4ng.\">Hoa \u0111\u1ed3ng ti\u1ec1n: Mang \u00fd ngh\u0129a t\u00e0i l\u1ed9c, ti\u1ec1n t\u00e0i v\u00e0 th\u00e0nh c\u00f4ng.<\/span><\/div>\n<div id=\"input_line_15\"><span id=\"input_part_0\" class=\"\" style=\"font-size: 120%;\" data-mention=\"Hoa c\u00fac: \u0110\u1ea1i di\u1ec7n cho s\u1ef1 tr\u01b0\u1eddng th\u1ecd v\u00e0 ph\u00fac l\u1ed9c.\">Hoa c\u00fac: \u0110\u1ea1i di\u1ec7n cho s\u1ef1 tr\u01b0\u1eddng th\u1ecd v\u00e0 ph\u00fac l\u1ed9c.<\/p>\n<p><\/span><\/div>\n<div id=\"input_line_28\"><\/div>\n<p>&nbsp;<\/p>\n<figure id=\"attachment_268\" aria-describedby=\"caption-attachment-268\" style=\"width: 527px\" class=\"wp-caption aligncenter\"><img loading=\"lazy\" decoding=\"async\" class=\"wp-image-268 size-full\" src=\"http:\/\/shophoabentre.com\/wp-content\/uploads\/2021\/06\/lang-hoa-khai-truong.jpg\" alt=\"khai tr\u01b0\u01a1ng ph\u00e1t l\u1ed9c\" width=\"527\" height=\"650\" srcset=\"https:\/\/shophoabentre.com\/wp-content\/uploads\/2021\/06\/lang-hoa-khai-truong.jpg 527w, https:\/\/shophoabentre.com\/wp-content\/uploads\/2021\/06\/lang-hoa-khai-truong-243x300.jpg 243w, https:\/\/shophoabentre.com\/wp-content\/uploads\/2021\/06\/lang-hoa-khai-truong-510x629.jpg 510w, https:\/\/shophoabentre.com\/wp-content\/uploads\/2021\/06\/lang-hoa-khai-truong-49x60.jpg 49w\" sizes=\"auto, (max-width: 527px) 100vw, 527px\" \/><figcaption id=\"caption-attachment-268\" class=\"wp-caption-text\"><\/span> <span style=\"font-size: 120%;\">khai tr\u01b0\u01a1ng ph\u00e1t l\u1ed9c<\/span><\/figcaption><\/figure>\n<p>&nbsp;<\/p>\n<div id=\"input_line_16\"><span id=\"input_part_0\" class=\"\" style=\"font-size: 120%;\" data-mention=\"Nh\u1eefng b\u00f4ng hoa n\u00e0y khi \u0111\u01b0\u1ee3c k\u1ebft h\u1ee3p trong m\u1ed9t k\u1ec7 hoa khai tr\u01b0\u01a1ng s\u1ebd t\u1ea1o n\u00ean m\u1ed9t th\u00f4ng \u0111i\u1ec7p ch\u00fac m\u1eebng \u0111\u1ea7y \u00fd ngh\u0129a, th\u1ec3 hi\u1ec7n s\u1ef1 quan t\u00e2m v\u00e0 l\u1eddi ch\u00fac t\u1ed1t \u0111\u1eb9p \u0111\u1ebfn ng\u01b0\u1eddi nh\u1eadn.\">Nh\u1eefng b\u00f4ng hoa n\u00e0y khi \u0111\u01b0\u1ee3c k\u1ebft h\u1ee3p trong m\u1ed9t k\u1ec7 hoa khai tr\u01b0\u01a1ng s\u1ebd t\u1ea1o n\u00ean m\u1ed9t th\u00f4ng \u0111i\u1ec7p ch\u00fac m\u1eebng \u0111\u1ea7y \u00fd ngh\u0129a, th\u1ec3 hi\u1ec7n s\u1ef1 quan t\u00e2m v\u00e0 l\u1eddi ch\u00fac t\u1ed1t \u0111\u1eb9p \u0111\u1ebfn ng\u01b0\u1eddi nh\u1eadn.<\/span><\/div>\n<div id=\"input_line_17\"><\/div>\n<div id=\"input_line_18\"><span style=\"font-size: 120%;\"><strong><span id=\"input_part_0\" class=\"\" data-mention=\"C\u00e1ch ch\u1ecdn k\u1ec7 hoa khai tr\u01b0\u01a1ng ph\u00e1t l\u1ed9c\">C\u00e1ch ch\u1ecdn k\u1ec7 hoa khai tr\u01b0\u01a1ng ph\u00e1t l\u1ed9c<\/span><\/strong><\/span><\/div>\n<div id=\"input_line_19\"><span id=\"input_part_0\" class=\"\" style=\"font-size: 120%;\" data-mention=\"\u0110\u1ec3 ch\u1ecdn \u0111\u01b0\u1ee3c k\u1ec7 hoa khai tr\u01b0\u01a1ng ph\u00e1t l\u1ed9c \u01b0ng \u00fd, b\u1ea1n c\u1ea7n l\u01b0u \u00fd m\u1ed9t s\u1ed1 y\u1ebfu t\u1ed1 sau:\">\u0110\u1ec3 ch\u1ecdn \u0111\u01b0\u1ee3c k\u1ec7 hoa khai tr\u01b0\u01a1ng ph\u00e1t l\u1ed9c \u01b0ng \u00fd, b\u1ea1n c\u1ea7n l\u01b0u \u00fd m\u1ed9t s\u1ed1 y\u1ebfu t\u1ed1 sau:<\/span><\/div>\n<div id=\"input_line_20\"><\/div>\n<div id=\"input_line_21\"><span id=\"input_part_0\" class=\"\" style=\"font-size: 120%;\" data-mention=\"Ch\u1ecdn hoa t\u01b0\u01a1i v\u00e0 \u0111\u1eb9p: \u0110\u1ea3m b\u1ea3o c\u00e1c b\u00f4ng hoa \u0111\u1ec1u t\u01b0\u01a1i m\u1edbi, kh\u00f4ng b\u1ecb h\u00e9o \u00faa hay d\u1eadp n\u00e1t. Hoa t\u01b0\u01a1i s\u1ebd gi\u1eef \u0111\u01b0\u1ee3c v\u1ebb \u0111\u1eb9p v\u00e0 \u00fd ngh\u0129a phong th\u1ee7y l\u00e2u d\u00e0i.\">Ch\u1ecdn hoa t\u01b0\u01a1i v\u00e0 \u0111\u1eb9p: \u0110\u1ea3m b\u1ea3o c\u00e1c b\u00f4ng hoa \u0111\u1ec1u t\u01b0\u01a1i m\u1edbi, kh\u00f4ng b\u1ecb h\u00e9o \u00faa hay d\u1eadp n\u00e1t. Hoa t\u01b0\u01a1i s\u1ebd gi\u1eef \u0111\u01b0\u1ee3c v\u1ebb \u0111\u1eb9p v\u00e0 \u00fd ngh\u0129a phong th\u1ee7y l\u00e2u d\u00e0i.<\/p>\n<p><\/span><\/div>\n<div id=\"input_line_22\"><span id=\"input_part_0\" class=\"\" style=\"font-size: 120%;\" data-mention=\"K\u1ebft h\u1ee3p m\u00e0u s\u1eafc h\u00e0i h\u00f2a: K\u1ec7 hoa khai tr\u01b0\u01a1ng th\u01b0\u1eddng \u0111\u01b0\u1ee3c k\u1ebft h\u1ee3p t\u1eeb nhi\u1ec1u lo\u1ea1i hoa v\u1edbi m\u00e0u s\u1eafc kh\u00e1c nhau. M\u00e0u \u0111\u1ecf t\u01b0\u1ee3ng tr\u01b0ng cho may m\u1eafn, m\u00e0u v\u00e0ng cho s\u1ef1 gi\u00e0u sang, v\u00e0 m\u00e0u xanh l\u00e1 c\u00e2y bi\u1ec3u th\u1ecb cho s\u1ef1 ph\u00e1t tri\u1ec3n b\u1ec1n v\u1eefng.\">K\u1ebft h\u1ee3p m\u00e0u s\u1eafc h\u00e0i h\u00f2a: K\u1ec7 hoa khai tr\u01b0\u01a1ng th\u01b0\u1eddng \u0111\u01b0\u1ee3c k\u1ebft h\u1ee3p t\u1eeb nhi\u1ec1u lo\u1ea1i hoa v\u1edbi m\u00e0u s\u1eafc kh\u00e1c nhau. M\u00e0u \u0111\u1ecf t\u01b0\u1ee3ng tr\u01b0ng cho may m\u1eafn, m\u00e0u v\u00e0ng cho s\u1ef1 gi\u00e0u sang, v\u00e0 m\u00e0u xanh l\u00e1 c\u00e2y bi\u1ec3u th\u1ecb cho s\u1ef1 ph\u00e1t tri\u1ec3n b\u1ec1n v\u1eefng.<\/span><\/div>\n<div id=\"input_line_23\"><span id=\"input_part_0\" class=\"\" style=\"font-size: 120%;\" data-mention=\"Thi\u1ebft k\u1ebf sang tr\u1ecdng: Ch\u1ecdn k\u1ec7 hoa c\u00f3 thi\u1ebft k\u1ebf tinh t\u1ebf, sang tr\u1ecdng, ph\u00f9 h\u1ee3p v\u1edbi kh\u00f4ng gian khai tr\u01b0\u01a1ng. K\u1ec7 hoa kh\u00f4ng ch\u1ec9 l\u00e0m \u0111\u1eb9p kh\u00f4ng gian m\u00e0 c\u00f2n th\u1ec3 hi\u1ec7n s\u1ef1 t\u00f4n tr\u1ecdng v\u00e0 ch\u00fac m\u1eebng n\u1ed3ng nhi\u1ec7t \u0111\u1ebfn ch\u1ee7 nh\u00e2n.\">Thi\u1ebft k\u1ebf sang tr\u1ecdng: Ch\u1ecdn k\u1ec7 hoa c\u00f3 thi\u1ebft k\u1ebf tinh t\u1ebf, sang tr\u1ecdng, ph\u00f9 h\u1ee3p v\u1edbi kh\u00f4ng gian khai tr\u01b0\u01a1ng. K\u1ec7 hoa kh\u00f4ng ch\u1ec9 l\u00e0m \u0111\u1eb9p kh\u00f4ng gian m\u00e0 c\u00f2n th\u1ec3 hi\u1ec7n s\u1ef1 t\u00f4n tr\u1ecdng v\u00e0 ch\u00fac m\u1eebng n\u1ed3ng nhi\u1ec7t \u0111\u1ebfn ch\u1ee7 nh\u00e2n.<\/span><\/div>\n<div id=\"input_line_24\"><span id=\"input_part_0\" class=\"\" style=\"font-size: 120%;\" data-mention=\"K\u00edch th\u01b0\u1edbc ph\u00f9 h\u1ee3p: K\u1ec7 hoa khai tr\u01b0\u01a1ng th\u01b0\u1eddng c\u00f3 k\u00edch th\u01b0\u1edbc l\u1edbn, \u0111\u1eb7t \u1edf v\u1ecb tr\u00ed n\u1ed5i b\u1eadt nh\u01b0 l\u1ed1i v\u00e0o ho\u1eb7c khu v\u1ef1c trung t\u00e2m. Tuy nhi\u00ean, c\u1ea7n ch\u1ecdn k\u1ec7 hoa c\u00f3 k\u00edch th\u01b0\u1edbc ph\u00f9 h\u1ee3p v\u1edbi kh\u00f4ng gian \u0111\u1ec3 tr\u00e1nh g\u00e2y c\u1ea3n tr\u1edf.\">K\u00edch th\u01b0\u1edbc ph\u00f9 h\u1ee3p: K\u1ec7 hoa khai tr\u01b0\u01a1ng th\u01b0\u1eddng c\u00f3 k\u00edch th\u01b0\u1edbc l\u1edbn, \u0111\u1eb7t \u1edf v\u1ecb tr\u00ed n\u1ed5i b\u1eadt nh\u01b0 l\u1ed1i v\u00e0o ho\u1eb7c khu v\u1ef1c trung t\u00e2m. Tuy nhi\u00ean, c\u1ea7n ch\u1ecdn k\u1ec7 hoa c\u00f3 k\u00edch th\u01b0\u1edbc ph\u00f9 h\u1ee3p v\u1edbi kh\u00f4ng gian \u0111\u1ec3 tr\u00e1nh g\u00e2y c\u1ea3n tr\u1edf.<\/p>\n<p><\/span><\/div>\n<div id=\"input_line_25\"><span style=\"font-size: 120%;\"><strong><span id=\"input_part_0\" class=\"\" data-mention=\"\u0110\u1eb7t mua k\u1ec7 hoa khai tr\u01b0\u01a1ng ph\u00e1t l\u1ed9c \u1edf \u0111\u00e2u?\">\u0110\u1eb7t mua k\u1ec7 hoa khai tr\u01b0\u01a1ng ph\u00e1t l\u1ed9c \u1edf \u0111\u00e2u?<\/span><\/strong><\/span><\/div>\n<div id=\"input_line_26\"><span id=\"input_part_0\" class=\"\" style=\"font-size: 120%;\" data-mention=\"Hi\u1ec7n nay, c\u00f3 nhi\u1ec1u c\u1eeda h\u00e0ng hoa cung c\u1ea5p d\u1ecbch v\u1ee5 \u0111\u1eb7t k\u1ec7 hoa khai tr\u01b0\u01a1ng ph\u00e1t l\u1ed9c. B\u1ea1n c\u00f3 th\u1ec3 d\u1ec5 d\u00e0ng t\u00ecm th\u1ea5y c\u00e1c m\u1eabu k\u1ec7 hoa \u0111a d\u1ea1ng v\u1ec1 ki\u1ec3u d\u00e1ng, m\u00e0u s\u1eafc v\u00e0 gi\u00e1 c\u1ea3. M\u1ed9t s\u1ed1 c\u1eeda h\u00e0ng uy t\u00edn c\u00f2n cung c\u1ea5p d\u1ecbch v\u1ee5 giao hoa t\u1eadn n\u01a1i, gi\u00fap b\u1ea1n ti\u1ebft ki\u1ec7m th\u1eddi gian v\u00e0 c\u00f4ng s\u1ee9c.\">Hi\u1ec7n nay, c\u00f3 nhi\u1ec1u c\u1eeda h\u00e0ng hoa cung c\u1ea5p d\u1ecbch v\u1ee5 \u0111\u1eb7t k\u1ec7 hoa khai tr\u01b0\u01a1ng ph\u00e1t l\u1ed9c. B\u1ea1n c\u00f3 th\u1ec3 d\u1ec5 d\u00e0ng t\u00ecm th\u1ea5y c\u00e1c m\u1eabu k\u1ec7 hoa \u0111a d\u1ea1ng v\u1ec1 ki\u1ec3u d\u00e1ng, m\u00e0u s\u1eafc v\u00e0 gi\u00e1 c\u1ea3. M\u1ed9t s\u1ed1 c\u1eeda h\u00e0ng uy t\u00edn c\u00f2n cung c\u1ea5p d\u1ecbch v\u1ee5 giao hoa t\u1eadn n\u01a1i, gi\u00fap b\u1ea1n ti\u1ebft ki\u1ec7m th\u1eddi gian v\u00e0 c\u00f4ng s\u1ee9c.<\/span><\/div>\n<div id=\"input_line_27\"><\/div>\n<div id=\"input_line_28\"><span class=\"\" style=\"font-size: 120%;\" data-mention=\"Khi \u0111\u1eb7t mua k\u1ec7 hoa khai tr\u01b0\u01a1ng, h\u00e3y ch\u1ecdn c\u1eeda h\u00e0ng c\u00f3 uy t\u00edn, c\u00f3 d\u1ecbch v\u1ee5 ch\u0103m s\u00f3c kh\u00e1ch h\u00e0ng t\u1ed1t v\u00e0 \u0111\u1ea3m b\u1ea3o hoa t\u01b0\u01a1i ch\u1ea5t l\u01b0\u1ee3ng. B\u1ea1n c\u00f3 th\u1ec3 tham kh\u1ea3o \u00fd ki\u1ebfn t\u1eeb b\u1ea1n b\u00e8, ng\u01b0\u1eddi th\u00e2n ho\u1eb7c t\u00ecm ki\u1ebfm \u0111\u00e1nh gi\u00e1 tr\u00ean m\u1ea1ng \u0111\u1ec3 c\u00f3 s\u1ef1 l\u1ef1a ch\u1ecdn t\u1ed1t nh\u1ea5t.\"><span class=\"\" data-mention=\"Khi \u0111\u1eb7t mua k\u1ec7 hoa khai tr\u01b0\u01a1ng, h\u00e3y ch\u1ecdn c\u1eeda h\u00e0ng c\u00f3 uy t\u00edn, c\u00f3 d\u1ecbch v\u1ee5 ch\u0103m s\u00f3c kh\u00e1ch h\u00e0ng t\u1ed1t v\u00e0 \u0111\u1ea3m b\u1ea3o hoa t\u01b0\u01a1i ch\u1ea5t l\u01b0\u1ee3ng. B\u1ea1n c\u00f3 th\u1ec3 tham kh\u1ea3o \u00fd ki\u1ebfn t\u1eeb b\u1ea1n b\u00e8, ng\u01b0\u1eddi th\u00e2n ho\u1eb7c t\u00ecm ki\u1ebfm \u0111\u00e1nh gi\u00e1 tr\u00ean m\u1ea1ng \u0111\u1ec3 c\u00f3 s\u1ef1 l\u1ef1a ch\u1ecdn t\u1ed1t nh\u1ea5t.\">Khi \u0111\u1eb7t mua k\u1ec7 hoa khai tr\u01b0\u01a1ng, h\u00e3y ch\u1ecdn c\u1eeda h\u00e0ng c\u00f3 uy t\u00edn, c\u00f3 d\u1ecbch v\u1ee5 ch\u0103m s\u00f3c kh\u00e1ch h\u00e0ng t\u1ed1t v\u00e0 \u0111\u1ea3m b\u1ea3o hoa t\u01b0\u01a1i ch\u1ea5t l\u01b0\u1ee3ng. B\u1ea1n c\u00f3 th\u1ec3 tham kh\u1ea3o \u00fd ki\u1ebfn t\u1eeb b\u1ea1n b\u00e8, ng\u01b0\u1eddi th\u00e2n ho\u1eb7c t\u00ecm ki\u1ebfm \u0111\u00e1nh gi\u00e1 tr\u00ean m\u1ea1ng \u0111\u1ec3 c\u00f3 s\u1ef1 l\u1ef1a ch\u1ecdn t\u1ed1t nh\u1ea5t.<\/p>\n<p><a href=\"https:\/\/shophoabentre.com\/shop-hoa-online-chau-thanh\/\" target=\"_blank\" rel=\"noopener\">Shop Hoa Online Ch\u00e2u Th\u00e0nh<\/a>.\u00a0 ,\u00a0\u00a0<a href=\"https:\/\/shophoabentre.com\/cua-hang-hoa-tuoi-binh-dai\/\" target=\"_blank\" rel=\"noopener\">C\u1eeda H\u00e0ng Hoa T\u01b0\u01a1i B\u00ecnh \u0110\u1ea1i<\/a><\/p>\n<p><\/span><\/span><\/p>\n<div><span style=\"font-size: 120%;\"><b>Nh\u1eefng d\u1ecbch v\u1ee5 c\u1ee7a shop hoa t\u01b0\u01a1i c\u1ee7a ch\u00fang t\u00f4i<\/b><\/span><br \/>\n<span style=\"font-size: 120%;\">&#8211; Giao Hoa T\u1eadn N\u01a1i<\/span><br \/>\n<span style=\"font-size: 120%;\">&#8211; C\u00f3\u00a0<b>H\u00f3a \u0110\u01a1n \u0110\u1ecf<\/b>\u00a0Vat ( hoa \u0111\u01a1n \u0111i\u1ec7n t\u1eed )<\/span><br \/>\n<span style=\"font-size: 120%;\">&#8211; Ch\u1ee5p \u1ea2nh tr\u01b0\u1edbc khi giaoxem th\u00eam &gt;&gt;\u00a0<a href=\"https:\/\/shophoatuoidep.net\/danh-muc\/hoa-sinh-nhat-15\" target=\"_blank\" rel=\"noopener\">hoa sinh nh\u1eadt<\/a>,\u00a0<a href=\"https:\/\/shophoatuoidep.net\/danh-muc\/hoa-khai-truong-13\" target=\"_blank\" rel=\"noopener\">hoa khai tr\u01b0\u01a1ng<\/a>,\u00a0<a href=\"https:\/\/shophoatuoidep.net\/danh-muc\/hoa-chia-buon-7\" target=\"_blank\" rel=\"noopener\">hoa chia bu\u1ed3n<\/a>\u00a0,<\/span><\/div>\n<div><\/div>\n<div><span style=\"font-size: 120%;\"><a href=\"https:\/\/dienhoa24gio.net\/\" target=\"_blank\" rel=\"noopener\">\u00a0\u0111i\u1ec7n hoa 24gio\u00a0<\/a>.<a href=\"https:\/\/shopbanhoa.com\/\" target=\"_blank\" rel=\"noopener\">\u00a0shop hoa t\u01b0\u01a1i\u00a0<\/a>,\u00a0<a href=\"https:\/\/diachishophoa.com\/\" target=\"_blank\" rel=\"noopener\">shop hoa t\u01b0\u01a1i<\/a><\/span><\/div>\n<p><span id=\"input_part_0\" class=\"\" style=\"font-size: 120%;\" data-mention=\"Khi \u0111\u1eb7t mua k\u1ec7 hoa khai tr\u01b0\u01a1ng, h\u00e3y ch\u1ecdn c\u1eeda h\u00e0ng c\u00f3 uy t\u00edn, c\u00f3 d\u1ecbch v\u1ee5 ch\u0103m s\u00f3c kh\u00e1ch h\u00e0ng t\u1ed1t v\u00e0 \u0111\u1ea3m b\u1ea3o hoa t\u01b0\u01a1i ch\u1ea5t l\u01b0\u1ee3ng. B\u1ea1n c\u00f3 th\u1ec3 tham kh\u1ea3o \u00fd ki\u1ebfn t\u1eeb b\u1ea1n b\u00e8, ng\u01b0\u1eddi th\u00e2n ho\u1eb7c t\u00ecm ki\u1ebfm \u0111\u00e1nh gi\u00e1 tr\u00ean m\u1ea1ng \u0111\u1ec3 c\u00f3 s\u1ef1 l\u1ef1a ch\u1ecdn t\u1ed1t nh\u1ea5t.\"><br \/>\n<\/span><\/div>\n","protected":false},"excerpt":{"rendered":"<p><span id=\"input_part_0\" class=\"\" data-mention=\"K\u1ec7 Hoa Khai Tr\u01b0\u01a1ng Ph\u00e1t L\u1ed9c \u2013 M\u00f3n Qu\u00e0 May M\u1eafn v\u00e0 \u00dd Ngh\u0129a Cho Ng\u00e0y Khai Tr\u01b0\u01a1ng\">K\u1ec7 Hoa Khai Tr\u01b0\u01a1ng Ph\u00e1t L\u1ed9c \u2013 M\u00f3n Qu\u00e0 May M\u1eafn v\u00e0 \u00dd Ngh\u0129a\u00a0<\/span><\/p>\n","protected":false},"featured_media":268,"comment_status":"open","ping_status":"closed","template":"","meta":[],"product_brand":[],"product_cat":[38],"product_tag":[43,47,46],"class_list":{"0":"post-267","1":"product","2":"type-product","3":"status-publish","4":"has-post-thumbnail","6":"product_cat-hoa-khai-truong","7":"product_tag-hoa-chuc-mung_sang-trong","8":"product_tag-luyen-tiec","9":"product_tag-vong-hoa-tang-le","11":"first","12":"instock","13":"shipping-taxable","14":"purchasable","15":"product-type-simple"},"_links":{"self":[{"href":"https:\/\/shophoabentre.com\/index.php?rest_route=\/wp\/v2\/product\/267","targetHints":{"allow":["GET"]}}],"collection":[{"href":"https:\/\/shophoabentre.com\/index.php?rest_route=\/wp\/v2\/product"}],"about":[{"href":"https:\/\/shophoabentre.com\/index.php?rest_route=\/wp\/v2\/types\/product"}],"replies":[{"embeddable":true,"href":"https:\/\/shophoabentre.com\/index.php?rest_route=%2Fwp%2Fv2%2Fcomments&post=267"}],"wp:featuredmedia":[{"embeddable":true,"href":"https:\/\/shophoabentre.com\/index.php?rest_route=\/wp\/v2\/media\/268"}],"wp:attachment":[{"href":"https:\/\/shophoabentre.com\/index.php?rest_route=%2Fwp%2Fv2%2Fmedia&parent=267"}],"wp:term":[{"taxonomy":"product_brand","embeddable":true,"href":"https:\/\/shophoabentre.com\/index.php?rest_route=%2Fwp%2Fv2%2Fproduct_brand&post=267"},{"taxonomy":"product_cat","embeddable":true,"href":"https:\/\/shophoabentre.com\/index.php?rest_route=%2Fwp%2Fv2%2Fproduct_cat&post=267"},{"taxonomy":"product_tag","embeddable":true,"href":"https:\/\/shophoabentre.com\/index.php?rest_route=%2Fwp%2Fv2%2Fproduct_tag&post=267"}],"curies":[{"name":"wp","href":"https:\/\/api.w.org\/{rel}","templated":true}]}}