{"id":263,"date":"2021-06-30T02:52:12","date_gmt":"2021-06-30T02:52:12","guid":{"rendered":"https:\/\/shophoabentre.com\/?post_type=product&#038;p=263"},"modified":"2024-10-04T05:42:09","modified_gmt":"2024-10-04T05:42:09","slug":"van-su-thanh-cong","status":"publish","type":"product","link":"https:\/\/shophoabentre.com\/?product=van-su-thanh-cong","title":{"rendered":"V\u1ea0N S\u1ef0 TH\u00c0NH C\u00d4NG"},"content":{"rendered":"<h2 id=\"input_line_2\" style=\"text-align: center;\"><span style=\"font-size: 120%;\"><strong><span id=\"input_part_0\" class=\"\" data-mention=\"K\u1ec7 Hoa V\u1ea1n S\u1ef1 Th\u00e0nh C\u00f4ng: L\u1eddi Ch\u00fac May M\u1eafn V\u00e0 Th\u00e0nh C\u00f4ng Trong M\u1ecdi D\u1ecbp&quot;\">K\u1ec7 Hoa V\u1ea1n S\u1ef1 Th\u00e0nh C\u00f4ng: L\u1eddi Ch\u00fac May M\u1eafn V\u00e0 Th\u00e0nh C\u00f4ng\u00a0<\/span><\/strong><\/span><\/h2>\n<div id=\"input_line_3\">\n<\/div>\n<div id=\"input_line_4\"><\/div>\n<div id=\"input_line_5\"><span id=\"input_part_0\" class=\"\" style=\"font-size: 120%;\" data-mention=\"&quot;Kh\u00e1m ph\u00e1 c\u00e1c m\u1eabu k\u1ec7 hoa V\u1ea1n S\u1ef1 Th\u00e0nh C\u00f4ng, thi\u1ebft k\u1ebf tinh t\u1ebf v\u00e0 \u0111\u1ea7y \u00fd ngh\u0129a \u0111\u1ec3 mang l\u1ea1i may m\u1eafn v\u00e0 th\u00e0nh c\u00f4ng cho ng\u01b0\u1eddi nh\u1eadn. T\u00ecm hi\u1ec3u ngay \u0111\u1ec3 l\u1ef1a ch\u1ecdn m\u00f3n qu\u00e0 ho\u00e0n h\u1ea3o cho c\u00e1c d\u1ecbp k\u1ef7 ni\u1ec7m, khai tr\u01b0\u01a1ng v\u00e0 s\u1ef1 ki\u1ec7n \u0111\u1eb7c bi\u1ec7t.&quot;\">&#8220;Kh\u00e1m ph\u00e1 c\u00e1c m\u1eabu k\u1ec7 hoa V\u1ea1n S\u1ef1 Th\u00e0nh C\u00f4ng, thi\u1ebft k\u1ebf tinh t\u1ebf v\u00e0 \u0111\u1ea7y \u00fd ngh\u0129a \u0111\u1ec3 mang l\u1ea1i may m\u1eafn v\u00e0 th\u00e0nh c\u00f4ng cho ng\u01b0\u1eddi nh\u1eadn. T\u00ecm hi\u1ec3u ngay \u0111\u1ec3 l\u1ef1a ch\u1ecdn m\u00f3n qu\u00e0 ho\u00e0n h\u1ea3o cho c\u00e1c d\u1ecbp k\u1ef7 ni\u1ec7m, khai tr\u01b0\u01a1ng v\u00e0 s\u1ef1 ki\u1ec7n \u0111\u1eb7c bi\u1ec7t.&#8221;<\/span><\/div>\n<div id=\"input_line_7\"><\/div>\n<div id=\"input_line_8\"><span id=\"input_part_0\" class=\"\" style=\"font-size: 120%;\" data-mention=\"K\u1ec7 hoa V\u1ea1n S\u1ef1 Th\u00e0nh C\u00f4ng kh\u00f4ng ch\u1ec9 l\u00e0 m\u1ed9t m\u00f3n qu\u00e0 \u00fd ngh\u0129a m\u00e0 c\u00f2n l\u00e0 bi\u1ec3u t\u01b0\u1ee3ng c\u1ee7a s\u1ef1 may m\u1eafn v\u00e0 th\u00e0nh c\u00f4ng trong m\u1ecdi d\u1ecbp \u0111\u1eb7c bi\u1ec7t. V\u1edbi s\u1ef1 k\u1ebft h\u1ee3p tinh t\u1ebf gi\u1eefa c\u00e1c lo\u1ea1i hoa v\u00e0 ph\u1ee5 ki\u1ec7n, m\u1ed7i chi\u1ebfc k\u1ec7 hoa mang \u0111\u1ebfn m\u1ed9t th\u00f4ng \u0111i\u1ec7p s\u00e2u l\u1eafng v\u00e0 ch\u00fac ph\u00fac cho ng\u01b0\u1eddi nh\u1eadn.\">K\u1ec7 hoa V\u1ea1n S\u1ef1 Th\u00e0nh C\u00f4ng kh\u00f4ng ch\u1ec9 l\u00e0 m\u1ed9t m\u00f3n qu\u00e0 \u00fd ngh\u0129a m\u00e0 c\u00f2n l\u00e0 bi\u1ec3u t\u01b0\u1ee3ng c\u1ee7a s\u1ef1 may m\u1eafn v\u00e0 th\u00e0nh c\u00f4ng trong m\u1ecdi d\u1ecbp \u0111\u1eb7c bi\u1ec7t. V\u1edbi s\u1ef1 k\u1ebft h\u1ee3p tinh t\u1ebf gi\u1eefa c\u00e1c lo\u1ea1i hoa v\u00e0 ph\u1ee5 ki\u1ec7n, m\u1ed7i chi\u1ebfc k\u1ec7 hoa mang \u0111\u1ebfn m\u1ed9t th\u00f4ng \u0111i\u1ec7p s\u00e2u l\u1eafng v\u00e0 ch\u00fac ph\u00fac cho ng\u01b0\u1eddi nh\u1eadn.<\/span><\/div>\n<div id=\"input_line_9\"><\/div>\n<div id=\"input_line_10\"><span style=\"font-size: 120%;\"><strong><span id=\"input_part_0\" class=\"\" data-mention=\"\u00dd Ngh\u0129a C\u1ee7a K\u1ec7 Hoa V\u1ea1n S\u1ef1 Th\u00e0nh C\u00f4ng\">\u00dd Ngh\u0129a C\u1ee7a K\u1ec7 Hoa V\u1ea1n S\u1ef1 Th\u00e0nh C\u00f4ng<\/span><\/strong><\/span><\/div>\n<div id=\"input_line_11\"><span id=\"input_part_0\" class=\"\" style=\"font-size: 120%;\" data-mention=\"Hoa V\u1ea1n S\u1ef1 Th\u00e0nh C\u00f4ng th\u01b0\u1eddng \u0111\u01b0\u1ee3c l\u1ef1a ch\u1ecdn \u0111\u1ec3 truy\u1ec1n t\u1ea3i l\u1eddi ch\u00fac ph\u00fac v\u1ec1 s\u1ef1 may m\u1eafn v\u00e0 th\u00e0nh c\u00f4ng trong m\u1ecdi l\u0129nh v\u1ef1c. C\u00e1c lo\u1ea1i hoa nh\u01b0 hoa h\u1ed3ng, hoa lan, hoa lily th\u01b0\u1eddng \u0111\u01b0\u1ee3c s\u1eed d\u1ee5ng v\u1edbi m\u00e0u s\u1eafc phong ph\u00fa v\u00e0 \u00fd ngh\u0129a s\u00e2u s\u1eafc. Hoa h\u1ed3ng bi\u1ec3u th\u1ecb t\u00ecnh y\u00eau v\u00e0 l\u00f2ng th\u00e0nh, hoa lan t\u01b0\u1ee3ng tr\u01b0ng cho s\u1ef1 cao qu\u00fd v\u00e0 gi\u00e0u sang, trong khi hoa lily mang \u0111\u1ebfn s\u1ef1 thu\u1ea7n khi\u1ebft v\u00e0 thanh cao. S\u1ef1 k\u1ebft h\u1ee3p n\u00e0y kh\u00f4ng ch\u1ec9 t\u1ea1o n\u00ean m\u1ed9t b\u00f3 hoa \u0111\u1eb9p m\u1eaft m\u00e0 c\u00f2n mang l\u1ea1i nh\u1eefng l\u1eddi ch\u00fac t\u1ed1t \u0111\u1eb9p t\u1eeb ng\u01b0\u1eddi t\u1eb7ng \u0111\u1ebfn ng\u01b0\u1eddi nh\u1eadn.\">Hoa V\u1ea1n S\u1ef1 Th\u00e0nh C\u00f4ng th\u01b0\u1eddng \u0111\u01b0\u1ee3c l\u1ef1a ch\u1ecdn \u0111\u1ec3 truy\u1ec1n t\u1ea3i l\u1eddi ch\u00fac ph\u00fac v\u1ec1 s\u1ef1 may m\u1eafn v\u00e0 th\u00e0nh c\u00f4ng trong m\u1ecdi l\u0129nh v\u1ef1c. C\u00e1c lo\u1ea1i hoa nh\u01b0 hoa h\u1ed3ng, hoa lan, hoa lily th\u01b0\u1eddng \u0111\u01b0\u1ee3c s\u1eed d\u1ee5ng v\u1edbi m\u00e0u s\u1eafc phong ph\u00fa v\u00e0 \u00fd ngh\u0129a s\u00e2u s\u1eafc. Hoa h\u1ed3ng bi\u1ec3u th\u1ecb t\u00ecnh y\u00eau v\u00e0 l\u00f2ng th\u00e0nh, hoa lan t\u01b0\u1ee3ng tr\u01b0ng cho s\u1ef1 cao qu\u00fd v\u00e0 gi\u00e0u sang, trong khi hoa lily mang \u0111\u1ebfn s\u1ef1 thu\u1ea7n khi\u1ebft v\u00e0 thanh cao. S\u1ef1 k\u1ebft h\u1ee3p n\u00e0y kh\u00f4ng ch\u1ec9 t\u1ea1o n\u00ean m\u1ed9t b\u00f3 hoa \u0111\u1eb9p m\u1eaft m\u00e0 c\u00f2n mang l\u1ea1i nh\u1eefng l\u1eddi ch\u00fac t\u1ed1t \u0111\u1eb9p t\u1eeb ng\u01b0\u1eddi t\u1eb7ng \u0111\u1ebfn ng\u01b0\u1eddi nh\u1eadn.<\/span><\/div>\n<div id=\"input_line_12\"><\/div>\n<p>&nbsp;<\/p>\n<p>&nbsp;<\/p>\n<p>&nbsp;<\/p>\n<figure id=\"attachment_264\" aria-describedby=\"caption-attachment-264\" style=\"width: 527px\" class=\"wp-caption aligncenter\"><img loading=\"lazy\" decoding=\"async\" class=\"wp-image-264 size-full\" src=\"http:\/\/shophoabentre.com\/wp-content\/uploads\/2021\/06\/9.jpg\" alt=\"V\u1ea0N S\u1ef0 TH\u00c0NH C\u00d4NG\" width=\"527\" height=\"650\" srcset=\"https:\/\/shophoabentre.com\/wp-content\/uploads\/2021\/06\/9.jpg 527w, https:\/\/shophoabentre.com\/wp-content\/uploads\/2021\/06\/9-243x300.jpg 243w, https:\/\/shophoabentre.com\/wp-content\/uploads\/2021\/06\/9-510x629.jpg 510w, https:\/\/shophoabentre.com\/wp-content\/uploads\/2021\/06\/9-49x60.jpg 49w\" sizes=\"auto, (max-width: 527px) 100vw, 527px\" \/><figcaption id=\"caption-attachment-264\" class=\"wp-caption-text\"><\/span> <span style=\"font-size: 120%;\">V\u1ea0N S\u1ef0 TH\u00c0NH C\u00d4NG<\/span><\/figcaption><\/figure>\n<p>&nbsp;<\/p>\n<div id=\"input_line_13\"><span style=\"font-size: 120%;\"><strong><span id=\"input_part_0\" class=\"\" data-mention=\"Thi\u1ebft K\u1ebf Tinh T\u1ebf V\u00e0 Chi Ti\u1ebft Trang Tr\u00ed\">Thi\u1ebft K\u1ebf Tinh T\u1ebf V\u00e0 Chi Ti\u1ebft Trang Tr\u00ed<\/span><\/strong><\/span><\/div>\n<div id=\"input_line_14\"><span id=\"input_part_0\" class=\"\" style=\"font-size: 120%;\" data-mention=\"K\u1ec7 hoa V\u1ea1n S\u1ef1 Th\u00e0nh C\u00f4ng \u0111\u01b0\u1ee3c thi\u1ebft k\u1ebf v\u1edbi s\u1ef1 ch\u00fa \u00fd \u0111\u1ebfn t\u1eebng chi ti\u1ebft trang tr\u00ed v\u00e0 ch\u1ea5t li\u1ec7u. Khung k\u1ec7 c\u00f3 th\u1ec3 l\u00e0m t\u1eeb g\u1ed7 ho\u1eb7c kim lo\u1ea1i cao c\u1ea5p, gi\u00fap \u0111\u1ea3m b\u1ea3o \u0111\u1ed9 b\u1ec1n v\u00e0 t\u00ednh th\u1ea9m m\u1ef9 cho s\u1ea3n ph\u1ea9m. C\u00e1c ph\u1ee5 ki\u1ec7n nh\u01b0 ruy b\u0103ng, l\u00e1 c\u00e2y v\u00e0 c\u00e1c v\u1eadt trang tr\u00ed kh\u00e1c \u0111\u01b0\u1ee3c s\u1eafp x\u1ebfp m\u1ed9t c\u00e1ch t\u1ec9 m\u1ec9 v\u00e0 h\u00e0i h\u00f2a, t\u1ea1o n\u00ean m\u1ed9t b\u1ee9c tranh hoa t\u01b0\u01a1i s\u00e1ng v\u00e0 sinh \u0111\u1ed9ng.\">K\u1ec7 hoa V\u1ea1n S\u1ef1 Th\u00e0nh C\u00f4ng \u0111\u01b0\u1ee3c thi\u1ebft k\u1ebf v\u1edbi s\u1ef1 ch\u00fa \u00fd \u0111\u1ebfn t\u1eebng chi ti\u1ebft trang tr\u00ed v\u00e0 ch\u1ea5t li\u1ec7u. Khung k\u1ec7 c\u00f3 th\u1ec3 l\u00e0m t\u1eeb g\u1ed7 ho\u1eb7c kim lo\u1ea1i cao c\u1ea5p, gi\u00fap \u0111\u1ea3m b\u1ea3o \u0111\u1ed9 b\u1ec1n v\u00e0 t\u00ednh th\u1ea9m m\u1ef9 cho s\u1ea3n ph\u1ea9m. C\u00e1c ph\u1ee5 ki\u1ec7n nh\u01b0 ruy b\u0103ng, l\u00e1 c\u00e2y v\u00e0 c\u00e1c v\u1eadt trang tr\u00ed kh\u00e1c \u0111\u01b0\u1ee3c s\u1eafp x\u1ebfp m\u1ed9t c\u00e1ch t\u1ec9 m\u1ec9 v\u00e0 h\u00e0i h\u00f2a, t\u1ea1o n\u00ean m\u1ed9t b\u1ee9c tranh hoa t\u01b0\u01a1i s\u00e1ng v\u00e0 sinh \u0111\u1ed9ng.<\/span><\/div>\n<div id=\"input_line_15\"><\/div>\n<div id=\"input_line_16\"><span style=\"font-size: 120%;\"><strong><span id=\"input_part_0\" class=\"\" data-mention=\"S\u1ef1 C\u00e1 Nh\u00e2n H\u00f3a\">S\u1ef1 C\u00e1 Nh\u00e2n H\u00f3a<\/span><\/strong><\/span><\/div>\n<div id=\"input_line_17\"><span id=\"input_part_0\" class=\"\" style=\"font-size: 120%;\" data-mention=\"M\u1ed7i m\u1eabu k\u1ec7 hoa V\u1ea1n S\u1ef1 Th\u00e0nh C\u00f4ng \u0111\u1ec1u c\u00f3 th\u1ec3 \u0111\u01b0\u1ee3c c\u00e1 nh\u00e2n h\u00f3a theo s\u1edf th\u00edch v\u00e0 \u00fd ngh\u0129a c\u1ee7a ng\u01b0\u1eddi t\u1eb7ng. Vi\u1ec7c n\u00e0y gi\u00fap t\u0103ng th\u00eam gi\u00e1 tr\u1ecb tinh th\u1ea7n v\u00e0 s\u1ef1 g\u1eafn k\u1ebft t\u1edbi ng\u01b0\u1eddi nh\u1eadn, t\u1eeb vi\u1ec7c thay \u0111\u1ed5i lo\u1ea1i hoa, m\u00e0u s\u1eafc cho \u0111\u1ebfn vi\u1ec7c th\u00eam c\u00e1c chi ti\u1ebft c\u00e1 nh\u00e2n nh\u01b0 t\u00ean ng\u01b0\u1eddi nh\u1eadn, l\u1eddi ch\u00fac ho\u1eb7c h\u00ecnh \u1ea3nh k\u1ef7 ni\u1ec7m. \u0110i\u1ec1u n\u00e0y kh\u00f4ng ch\u1ec9 l\u00e0m cho k\u1ec7 hoa tr\u1edf n\u00ean \u0111\u1ed9c \u0111\u00e1o m\u00e0 c\u00f2n l\u00e0 c\u00e1ch \u0111\u1ec3 th\u1ec3 hi\u1ec7n s\u1ef1 quan t\u00e2m v\u00e0 t\u00ecnh c\u1ea3m \u0111\u1eb7c bi\u1ec7t t\u1eeb ng\u01b0\u1eddi g\u1eedi \u0111\u1ebfn ng\u01b0\u1eddi nh\u1eadn.\">M\u1ed7i m\u1eabu k\u1ec7 hoa V\u1ea1n S\u1ef1 Th\u00e0nh C\u00f4ng \u0111\u1ec1u c\u00f3 th\u1ec3 \u0111\u01b0\u1ee3c c\u00e1 nh\u00e2n h\u00f3a theo s\u1edf th\u00edch v\u00e0 \u00fd ngh\u0129a c\u1ee7a ng\u01b0\u1eddi t\u1eb7ng. Vi\u1ec7c n\u00e0y gi\u00fap t\u0103ng th\u00eam gi\u00e1 tr\u1ecb tinh th\u1ea7n v\u00e0 s\u1ef1 g\u1eafn k\u1ebft t\u1edbi ng\u01b0\u1eddi nh\u1eadn, t\u1eeb vi\u1ec7c thay \u0111\u1ed5i lo\u1ea1i hoa, m\u00e0u s\u1eafc cho \u0111\u1ebfn vi\u1ec7c th\u00eam c\u00e1c chi ti\u1ebft c\u00e1 nh\u00e2n nh\u01b0 t\u00ean ng\u01b0\u1eddi nh\u1eadn, l\u1eddi ch\u00fac ho\u1eb7c h\u00ecnh \u1ea3nh k\u1ef7 ni\u1ec7m. \u0110i\u1ec1u n\u00e0y kh\u00f4ng ch\u1ec9 l\u00e0m cho k\u1ec7 hoa tr\u1edf n\u00ean \u0111\u1ed9c \u0111\u00e1o m\u00e0 c\u00f2n l\u00e0 c\u00e1ch \u0111\u1ec3 th\u1ec3 hi\u1ec7n s\u1ef1 quan t\u00e2m v\u00e0 t\u00ecnh c\u1ea3m \u0111\u1eb7c bi\u1ec7t t\u1eeb ng\u01b0\u1eddi g\u1eedi \u0111\u1ebfn ng\u01b0\u1eddi nh\u1eadn.<\/span><\/div>\n<div id=\"input_line_18\"><\/div>\n<div id=\"input_line_19\"><span style=\"font-size: 120%;\"><strong><span id=\"input_part_0\" class=\"\" data-mention=\"D\u1ecbch V\u1ee5 T\u1eadn T\u00e2m V\u00e0 Chuy\u00ean Nghi\u1ec7p\">D\u1ecbch V\u1ee5 T\u1eadn T\u00e2m V\u00e0 Chuy\u00ean Nghi\u1ec7p<\/span><\/strong><\/span><\/div>\n<div id=\"input_line_20\"><span id=\"input_part_0\" class=\"\" style=\"font-size: 120%;\" data-mention=\"C\u00e1c \u0111\u01a1n v\u1ecb cung c\u1ea5p k\u1ec7 hoa V\u1ea1n S\u1ef1 Th\u00e0nh C\u00f4ng th\u01b0\u1eddng c\u00f3 \u0111\u1ed9i ng\u0169 nh\u00e2n vi\u00ean gi\u00e0u kinh nghi\u1ec7m v\u00e0 t\u1eadn t\u00e2m. H\u1ecd kh\u00f4ng ch\u1ec9 gi\u00fap b\u1ea1n l\u1ef1a ch\u1ecdn m\u1eabu k\u1ec7 hoa ph\u00f9 h\u1ee3p m\u00e0 c\u00f2n cung c\u1ea5p c\u00e1c d\u1ecbch v\u1ee5 \u0111i k\u00e8m nh\u01b0 giao hoa t\u1eadn n\u01a1i v\u00e0 b\u1ed1 tr\u00ed s\u1ef1 ki\u1ec7n. S\u1ef1 chuy\u00ean nghi\u1ec7p v\u00e0 t\u1eadn t\u00e2m c\u1ee7a h\u1ecd s\u1ebd gi\u00fap b\u1ea1n y\u00ean t\u00e2m v\u00e0 h\u00e0i l\u00f2ng khi t\u1eb7ng qu\u00e0 cho ng\u01b0\u1eddi th\u00e2n v\u00e0 \u0111\u1ed1i t\u00e1c trong nh\u1eefng d\u1ecbp \u0111\u1eb7c bi\u1ec7t.\">C\u00e1c \u0111\u01a1n v\u1ecb cung c\u1ea5p k\u1ec7 hoa V\u1ea1n S\u1ef1 Th\u00e0nh C\u00f4ng th\u01b0\u1eddng c\u00f3 \u0111\u1ed9i ng\u0169 nh\u00e2n vi\u00ean gi\u00e0u kinh nghi\u1ec7m v\u00e0 t\u1eadn t\u00e2m. H\u1ecd kh\u00f4ng ch\u1ec9 gi\u00fap b\u1ea1n l\u1ef1a ch\u1ecdn m\u1eabu k\u1ec7 hoa ph\u00f9 h\u1ee3p m\u00e0 c\u00f2n cung c\u1ea5p c\u00e1c d\u1ecbch v\u1ee5 \u0111i k\u00e8m nh\u01b0 giao hoa t\u1eadn n\u01a1i v\u00e0 b\u1ed1 tr\u00ed s\u1ef1 ki\u1ec7n. S\u1ef1 chuy\u00ean nghi\u1ec7p v\u00e0 t\u1eadn t\u00e2m c\u1ee7a h\u1ecd s\u1ebd gi\u00fap b\u1ea1n y\u00ean t\u00e2m v\u00e0 h\u00e0i l\u00f2ng khi t\u1eb7ng qu\u00e0 cho ng\u01b0\u1eddi th\u00e2n v\u00e0 \u0111\u1ed1i t\u00e1c trong nh\u1eefng d\u1ecbp \u0111\u1eb7c bi\u1ec7t.<\/span><\/div>\n<div id=\"input_line_22\"><\/div>\n<div id=\"input_line_23\"><span class=\"\" style=\"font-size: 120%;\" data-mention=\"K\u1ec7 hoa V\u1ea1n S\u1ef1 Th\u00e0nh C\u00f4ng kh\u00f4ng ch\u1ec9 l\u00e0 m\u1ed9t m\u00f3n qu\u00e0 \u00fd ngh\u0129a m\u00e0 c\u00f2n l\u00e0 bi\u1ec3u t\u01b0\u1ee3ng c\u1ee7a s\u1ef1 may m\u1eafn v\u00e0 th\u00e0nh c\u00f4ng. V\u1edbi thi\u1ebft k\u1ebf \u0111\u1eb9p m\u1eaft, \u00fd ngh\u0129a s\u00e2u s\u1eafc v\u00e0 s\u1ef1 t\u1eadn t\u00e2m t\u1eeb \u0111\u1ed9i ng\u0169 cung c\u1ea5p d\u1ecbch v\u1ee5, m\u1ed7i chi\u1ebfc k\u1ec7 hoa s\u1ebd tr\u1edf th\u00e0nh l\u1eddi ch\u00fac t\u1ed1t \u0111\u1eb9p v\u00e0 \u00fd ngh\u0129a nh\u1ea5t d\u00e0nh cho ng\u01b0\u1eddi th\u00e2n y\u00eau v\u00e0 \u0111\u1ed1i t\u00e1c trong c\u00e1c d\u1ecbp quan tr\u1ecdng c\u1ee7a h\u1ecd.\"><span class=\"\" data-mention=\"K\u1ec7 hoa V\u1ea1n S\u1ef1 Th\u00e0nh C\u00f4ng kh\u00f4ng ch\u1ec9 l\u00e0 m\u1ed9t m\u00f3n qu\u00e0 \u00fd ngh\u0129a m\u00e0 c\u00f2n l\u00e0 bi\u1ec3u t\u01b0\u1ee3ng c\u1ee7a s\u1ef1 may m\u1eafn v\u00e0 th\u00e0nh c\u00f4ng. V\u1edbi thi\u1ebft k\u1ebf \u0111\u1eb9p m\u1eaft, \u00fd ngh\u0129a s\u00e2u s\u1eafc v\u00e0 s\u1ef1 t\u1eadn t\u00e2m t\u1eeb \u0111\u1ed9i ng\u0169 cung c\u1ea5p d\u1ecbch v\u1ee5, m\u1ed7i chi\u1ebfc k\u1ec7 hoa s\u1ebd tr\u1edf th\u00e0nh l\u1eddi ch\u00fac t\u1ed1t \u0111\u1eb9p v\u00e0 \u00fd ngh\u0129a nh\u1ea5t d\u00e0nh cho ng\u01b0\u1eddi th\u00e2n y\u00eau v\u00e0 \u0111\u1ed1i t\u00e1c trong c\u00e1c d\u1ecbp quan tr\u1ecdng c\u1ee7a h\u1ecd.\">K\u1ec7 hoa V\u1ea1n S\u1ef1 Th\u00e0nh C\u00f4ng kh\u00f4ng ch\u1ec9 l\u00e0 m\u1ed9t m\u00f3n qu\u00e0 \u00fd ngh\u0129a m\u00e0 c\u00f2n l\u00e0 bi\u1ec3u t\u01b0\u1ee3ng c\u1ee7a s\u1ef1 may m\u1eafn v\u00e0 th\u00e0nh c\u00f4ng. V\u1edbi thi\u1ebft k\u1ebf \u0111\u1eb9p m\u1eaft, \u00fd ngh\u0129a s\u00e2u s\u1eafc v\u00e0 s\u1ef1 t\u1eadn t\u00e2m t\u1eeb \u0111\u1ed9i ng\u0169 cung c\u1ea5p d\u1ecbch v\u1ee5, m\u1ed7i chi\u1ebfc k\u1ec7 hoa s\u1ebd tr\u1edf th\u00e0nh l\u1eddi ch\u00fac t\u1ed1t \u0111\u1eb9p v\u00e0 \u00fd ngh\u0129a nh\u1ea5t d\u00e0nh cho ng\u01b0\u1eddi th\u00e2n y\u00eau v\u00e0 \u0111\u1ed1i t\u00e1c trong c\u00e1c d\u1ecbp quan tr\u1ecdng c\u1ee7a h\u1ecd.<\/p>\n<p><a href=\"https:\/\/shophoabentre.com\/dat-hoa-khai-truong-tai-tp-ben-tre\/\" target=\"_blank\" rel=\"noopener\">\u0110\u1eb7t Hoa Khai Tr\u01b0\u01a1ng T\u1ea1i Tp B\u1ebfn Tre<\/a>. ,\u00a0 \u00a0<a href=\"https:\/\/shophoabentre.com\/tiem-hoa-tuoi-thanh-phu\/\" target=\"_blank\" rel=\"noopener\">Ti\u1ec7m Hoa T\u01b0\u01a1i Th\u1ea1nh Ph\u00fa<\/a><\/p>\n<p><\/span><\/span><\/p>\n<div><span style=\"font-size: 120%;\"><b>Nh\u1eefng d\u1ecbch v\u1ee5 c\u1ee7a shop hoa t\u01b0\u01a1i c\u1ee7a ch\u00fang t\u00f4i<\/b><\/span><br \/>\n<span style=\"font-size: 120%;\">&#8211; Giao Hoa T\u1eadn N\u01a1i<\/span><br \/>\n<span style=\"font-size: 120%;\">&#8211; C\u00f3\u00a0<b>H\u00f3a \u0110\u01a1n \u0110\u1ecf<\/b>\u00a0Vat ( hoa \u0111\u01a1n \u0111i\u1ec7n t\u1eed )<\/span><br \/>\n<span style=\"font-size: 120%;\">&#8211; Ch\u1ee5p \u1ea2nh tr\u01b0\u1edbc khi giaoxem th\u00eam &gt;&gt;\u00a0<a href=\"https:\/\/shophoatuoidep.net\/danh-muc\/hoa-sinh-nhat-15\" target=\"_blank\" rel=\"noopener\">hoa sinh nh\u1eadt<\/a>,\u00a0<a href=\"https:\/\/shophoatuoidep.net\/danh-muc\/hoa-khai-truong-13\" target=\"_blank\" rel=\"noopener\">hoa khai tr\u01b0\u01a1ng<\/a>,\u00a0<a href=\"https:\/\/shophoatuoidep.net\/danh-muc\/hoa-chia-buon-7\" target=\"_blank\" rel=\"noopener\">hoa chia bu\u1ed3n<\/a>\u00a0,<\/span><\/div>\n<div><\/div>\n<div><span style=\"font-size: 120%;\"><a href=\"https:\/\/dienhoa24gio.net\/\" target=\"_blank\" rel=\"noopener\">\u00a0\u0111i\u1ec7n hoa 24gio\u00a0<\/a>.<a href=\"https:\/\/shopbanhoa.com\/\" target=\"_blank\" rel=\"noopener\">\u00a0shop hoa t\u01b0\u01a1i\u00a0<\/a>,\u00a0<a href=\"https:\/\/diachishophoa.com\/\" target=\"_blank\" rel=\"noopener\">shop hoa t\u01b0\u01a1i<\/a><\/span><\/div>\n<p><span id=\"input_part_0\" class=\"\" style=\"font-size: 120%;\" data-mention=\"K\u1ec7 hoa V\u1ea1n S\u1ef1 Th\u00e0nh C\u00f4ng kh\u00f4ng ch\u1ec9 l\u00e0 m\u1ed9t m\u00f3n qu\u00e0 \u00fd ngh\u0129a m\u00e0 c\u00f2n l\u00e0 bi\u1ec3u t\u01b0\u1ee3ng c\u1ee7a s\u1ef1 may m\u1eafn v\u00e0 th\u00e0nh c\u00f4ng. V\u1edbi thi\u1ebft k\u1ebf \u0111\u1eb9p m\u1eaft, \u00fd ngh\u0129a s\u00e2u s\u1eafc v\u00e0 s\u1ef1 t\u1eadn t\u00e2m t\u1eeb \u0111\u1ed9i ng\u0169 cung c\u1ea5p d\u1ecbch v\u1ee5, m\u1ed7i chi\u1ebfc k\u1ec7 hoa s\u1ebd tr\u1edf th\u00e0nh l\u1eddi ch\u00fac t\u1ed1t \u0111\u1eb9p v\u00e0 \u00fd ngh\u0129a nh\u1ea5t d\u00e0nh cho ng\u01b0\u1eddi th\u00e2n y\u00eau v\u00e0 \u0111\u1ed1i t\u00e1c trong c\u00e1c d\u1ecbp quan tr\u1ecdng c\u1ee7a h\u1ecd.\"><\/p>\n<p><\/span><\/div>\n","protected":false},"excerpt":{"rendered":"<p><span id=\"input_part_0\" class=\"\" data-mention=\"K\u1ec7 Hoa V\u1ea1n S\u1ef1 Th\u00e0nh C\u00f4ng: L\u1eddi Ch\u00fac May M\u1eafn V\u00e0 Th\u00e0nh C\u00f4ng Trong M\u1ecdi D\u1ecbp&quot;\">K\u1ec7 Hoa V\u1ea1n S\u1ef1 Th\u00e0nh C\u00f4ng: L\u1eddi Ch\u00fac May M\u1eafn V\u00e0 Th\u00e0nh C\u00f4ng\u00a0<\/span><\/p>\n","protected":false},"featured_media":264,"comment_status":"open","ping_status":"closed","template":"","meta":[],"product_brand":[],"product_cat":[38],"product_tag":[43,53,55,46],"class_list":{"0":"post-263","1":"product","2":"type-product","3":"status-publish","4":"has-post-thumbnail","6":"product_cat-hoa-khai-truong","7":"product_tag-hoa-chuc-mung_sang-trong","8":"product_tag-khai-truong-van-loc","9":"product_tag-van-su-thanh-cong","10":"product_tag-vong-hoa-tang-le","12":"first","13":"instock","14":"shipping-taxable","15":"purchasable","16":"product-type-simple"},"_links":{"self":[{"href":"https:\/\/shophoabentre.com\/index.php?rest_route=\/wp\/v2\/product\/263","targetHints":{"allow":["GET"]}}],"collection":[{"href":"https:\/\/shophoabentre.com\/index.php?rest_route=\/wp\/v2\/product"}],"about":[{"href":"https:\/\/shophoabentre.com\/index.php?rest_route=\/wp\/v2\/types\/product"}],"replies":[{"embeddable":true,"href":"https:\/\/shophoabentre.com\/index.php?rest_route=%2Fwp%2Fv2%2Fcomments&post=263"}],"wp:featuredmedia":[{"embeddable":true,"href":"https:\/\/shophoabentre.com\/index.php?rest_route=\/wp\/v2\/media\/264"}],"wp:attachment":[{"href":"https:\/\/shophoabentre.com\/index.php?rest_route=%2Fwp%2Fv2%2Fmedia&parent=263"}],"wp:term":[{"taxonomy":"product_brand","embeddable":true,"href":"https:\/\/shophoabentre.com\/index.php?rest_route=%2Fwp%2Fv2%2Fproduct_brand&post=263"},{"taxonomy":"product_cat","embeddable":true,"href":"https:\/\/shophoabentre.com\/index.php?rest_route=%2Fwp%2Fv2%2Fproduct_cat&post=263"},{"taxonomy":"product_tag","embeddable":true,"href":"https:\/\/shophoabentre.com\/index.php?rest_route=%2Fwp%2Fv2%2Fproduct_tag&post=263"}],"curies":[{"name":"wp","href":"https:\/\/api.w.org\/{rel}","templated":true}]}}