{"id":259,"date":"2021-06-30T01:51:17","date_gmt":"2021-06-30T01:51:17","guid":{"rendered":"https:\/\/shophoabentre.com\/?post_type=product&#038;p=259"},"modified":"2024-10-04T05:42:09","modified_gmt":"2024-10-04T05:42:09","slug":"khai-truong-van-loc","status":"publish","type":"product","link":"https:\/\/shophoabentre.com\/?product=khai-truong-van-loc","title":{"rendered":"KHAI TR\u01af\u01a0NG V\u1ea0N L\u1ed8C"},"content":{"rendered":"<h2 id=\"input_line_0\" style=\"text-align: center;\"><span style=\"font-size: 120%;\"><strong><span id=\"input_part_0\" class=\"\" data-mention=\"K\u1ec7 Hoa Khai Tr\u01b0\u01a1ng V\u1ea1n L\u1ed9c: T\u1ea1o \u0110i\u1ec3m Nh\u1ea5n May M\u1eafn Cho Ng\u00e0y \u0110\u1eb7c Bi\u1ec7t&quot;\">K\u1ec7 Hoa Khai Tr\u01b0\u01a1ng V\u1ea1n L\u1ed9c: T\u1ea1o \u0110i\u1ec3m Nh\u1ea5n May M\u1eafn Cho Ng\u00e0y \u0110\u1eb7c Bi\u1ec7t<\/span><\/strong><\/span><\/h2>\n<div id=\"input_line_1\"><\/div>\n<div id=\"input_line_2\"><\/div>\n<div id=\"input_line_3\"><span id=\"input_part_0\" class=\"\" style=\"font-size: 120%;\" data-mention=\"&quot;T\u00ecm hi\u1ec3u v\u1ec1 c\u00e1c m\u1eabu k\u1ec7 hoa khai tr\u01b0\u01a1ng V\u1ea1n L\u1ed9c, t\u1eebng chi ti\u1ebft \u0111\u01b0\u1ee3c thi\u1ebft k\u1ebf \u0111\u1ec3 mang l\u1ea1i s\u1ef1 may m\u1eafn v\u00e0 th\u00e0nh c\u00f4ng trong l\u1ec5 khai tr\u01b0\u01a1ng. Kh\u00e1m ph\u00e1 ngay \u0111\u1ec3 l\u1ef1a ch\u1ecdn m\u1ed9t m\u00f3n qu\u00e0 \u0111\u1ed9c \u0111\u00e1o v\u00e0 \u00fd ngh\u0129a cho c\u00e1c d\u1ecbp k\u1ef7 ni\u1ec7m v\u00e0 s\u1ef1 ki\u1ec7n \u0111\u1eb7c bi\u1ec7t.&quot;\">&#8220;T\u00ecm hi\u1ec3u v\u1ec1 c\u00e1c m\u1eabu k\u1ec7 hoa khai tr\u01b0\u01a1ng V\u1ea1n L\u1ed9c, t\u1eebng chi ti\u1ebft \u0111\u01b0\u1ee3c thi\u1ebft k\u1ebf \u0111\u1ec3 mang l\u1ea1i s\u1ef1 may m\u1eafn v\u00e0 th\u00e0nh c\u00f4ng trong l\u1ec5 khai tr\u01b0\u01a1ng. Kh\u00e1m ph\u00e1 ngay \u0111\u1ec3 l\u1ef1a ch\u1ecdn m\u1ed9t m\u00f3n qu\u00e0 \u0111\u1ed9c \u0111\u00e1o v\u00e0 \u00fd ngh\u0129a cho c\u00e1c d\u1ecbp k\u1ef7 ni\u1ec7m v\u00e0 s\u1ef1 ki\u1ec7n \u0111\u1eb7c bi\u1ec7t.&#8221;<\/span><\/div>\n<div id=\"input_line_5\"><\/div>\n<div id=\"input_line_6\"><span id=\"input_part_0\" class=\"\" style=\"font-size: 120%;\" data-mention=\"K\u1ec7 hoa khai tr\u01b0\u01a1ng V\u1ea1n L\u1ed9c kh\u00f4ng ch\u1ec9 l\u00e0 m\u1ed9t ph\u1ea7n qu\u00e0 \u00fd ngh\u0129a m\u00e0 c\u00f2n l\u00e0 bi\u1ec3u t\u01b0\u1ee3ng c\u1ee7a s\u1ef1 may m\u1eafn v\u00e0 th\u00e0nh c\u00f4ng trong ng\u00e0y \u0111\u1eb7c bi\u1ec7t c\u1ee7a m\u1ed9t doanh nghi\u1ec7p hay c\u1eeda h\u00e0ng m\u1edbi. V\u1edbi s\u1ef1 k\u1ebft h\u1ee3p tinh t\u1ebf gi\u1eefa c\u00e1c lo\u1ea1i hoa v\u00e0 ph\u1ee5 ki\u1ec7n, m\u1ed7i chi\u1ebfc k\u1ec7 hoa mang \u0111\u1ebfn m\u1ed9t th\u00f4ng \u0111i\u1ec7p s\u00e2u l\u1eafng v\u00e0 ch\u00fac ph\u00fac cho s\u1ef1 nghi\u1ec7p.\">K\u1ec7 hoa khai tr\u01b0\u01a1ng V\u1ea1n L\u1ed9c kh\u00f4ng ch\u1ec9 l\u00e0 m\u1ed9t ph\u1ea7n qu\u00e0 \u00fd ngh\u0129a m\u00e0 c\u00f2n l\u00e0 bi\u1ec3u t\u01b0\u1ee3ng c\u1ee7a s\u1ef1 may m\u1eafn v\u00e0 th\u00e0nh c\u00f4ng trong ng\u00e0y \u0111\u1eb7c bi\u1ec7t c\u1ee7a m\u1ed9t doanh nghi\u1ec7p hay c\u1eeda h\u00e0ng m\u1edbi. V\u1edbi s\u1ef1 k\u1ebft h\u1ee3p tinh t\u1ebf gi\u1eefa c\u00e1c lo\u1ea1i hoa v\u00e0 ph\u1ee5 ki\u1ec7n, m\u1ed7i chi\u1ebfc k\u1ec7 hoa mang \u0111\u1ebfn m\u1ed9t th\u00f4ng \u0111i\u1ec7p s\u00e2u l\u1eafng v\u00e0 ch\u00fac ph\u00fac cho s\u1ef1 nghi\u1ec7p.<\/span><\/div>\n<div id=\"input_line_7\"><\/div>\n<div id=\"input_line_8\"><span style=\"font-size: 120%;\"><strong><span id=\"input_part_0\" class=\"\" data-mention=\"\u00dd Ngh\u0129a C\u1ee7a K\u1ec7 Hoa Khai Tr\u01b0\u01a1ng V\u1ea1n L\u1ed9c\">\u00dd Ngh\u0129a C\u1ee7a K\u1ec7 Hoa Khai Tr\u01b0\u01a1ng V\u1ea1n L\u1ed9c<\/span><\/strong><\/span><\/div>\n<div id=\"input_line_9\"><span id=\"input_part_0\" class=\"\" style=\"font-size: 120%;\" data-mention=\"Hoa khai tr\u01b0\u01a1ng V\u1ea1n L\u1ed9c th\u01b0\u1eddng \u0111\u01b0\u1ee3c l\u1ef1a ch\u1ecdn \u0111\u1ec3 mang l\u1ea1i may m\u1eafn v\u00e0 th\u00e0nh c\u00f4ng cho doanh nghi\u1ec7p m\u1edbi khai tr\u01b0\u01a1ng. C\u00e1c lo\u1ea1i hoa nh\u01b0 hoa h\u1ed3ng v\u00e0 hoa lan th\u01b0\u1eddng \u0111\u01b0\u1ee3c s\u1eed d\u1ee5ng v\u1edbi m\u00e0u s\u1eafc may m\u1eafn nh\u01b0 \u0111\u1ecf, v\u00e0ng v\u00e0 t\u00edm. Hoa h\u1ed3ng th\u01b0\u1eddng bi\u1ec3u th\u1ecb t\u00ecnh y\u00eau v\u00e0 l\u00f2ng th\u00e0nh, trong khi hoa lan mang l\u1ea1i s\u1ef1 cao qu\u00fd v\u00e0 gi\u00e0u sang. S\u1ef1 k\u1ebft h\u1ee3p n\u00e0y kh\u00f4ng ch\u1ec9 l\u00e0m cho b\u00f3 hoa tr\u1edf n\u00ean \u0111\u1eb9p m\u00e0 c\u00f2n truy\u1ec1n t\u1ea3i \u0111\u01b0\u1ee3c l\u1eddi ch\u00fac t\u1ed1t \u0111\u1eb9p v\u00e0 \u00fd ngh\u0129a t\u1eeb ng\u01b0\u1eddi t\u1eb7ng \u0111\u1ebfn ch\u1ee7 doanh nghi\u1ec7p khai tr\u01b0\u01a1ng.\">Hoa khai tr\u01b0\u01a1ng V\u1ea1n L\u1ed9c th\u01b0\u1eddng \u0111\u01b0\u1ee3c l\u1ef1a ch\u1ecdn \u0111\u1ec3 mang l\u1ea1i may m\u1eafn v\u00e0 th\u00e0nh c\u00f4ng cho doanh nghi\u1ec7p m\u1edbi khai tr\u01b0\u01a1ng. C\u00e1c lo\u1ea1i hoa nh\u01b0 hoa h\u1ed3ng v\u00e0 hoa lan th\u01b0\u1eddng \u0111\u01b0\u1ee3c s\u1eed d\u1ee5ng v\u1edbi m\u00e0u s\u1eafc may m\u1eafn nh\u01b0 \u0111\u1ecf, v\u00e0ng v\u00e0 t\u00edm. Hoa h\u1ed3ng th\u01b0\u1eddng bi\u1ec3u th\u1ecb t\u00ecnh y\u00eau v\u00e0 l\u00f2ng th\u00e0nh, trong khi hoa lan mang l\u1ea1i s\u1ef1 cao qu\u00fd v\u00e0 gi\u00e0u sang. S\u1ef1 k\u1ebft h\u1ee3p n\u00e0y kh\u00f4ng ch\u1ec9 l\u00e0m cho b\u00f3 hoa tr\u1edf n\u00ean \u0111\u1eb9p m\u00e0 c\u00f2n truy\u1ec1n t\u1ea3i \u0111\u01b0\u1ee3c l\u1eddi ch\u00fac t\u1ed1t \u0111\u1eb9p v\u00e0 \u00fd ngh\u0129a t\u1eeb ng\u01b0\u1eddi t\u1eb7ng \u0111\u1ebfn ch\u1ee7 doanh nghi\u1ec7p khai tr\u01b0\u01a1ng.<\/span><\/div>\n<div id=\"input_line_10\"><\/div>\n<div id=\"input_line_18\"><\/div>\n<figure id=\"attachment_260\" aria-describedby=\"caption-attachment-260\" style=\"width: 527px\" class=\"wp-caption aligncenter\"><img loading=\"lazy\" decoding=\"async\" class=\"wp-image-260 size-full\" src=\"http:\/\/shophoabentre.com\/wp-content\/uploads\/2021\/06\/7.jpg\" alt=\"Khai Tr\u01b0\u01a1ng V\u1ea1n L\u1ed9c\" width=\"527\" height=\"650\" srcset=\"https:\/\/shophoabentre.com\/wp-content\/uploads\/2021\/06\/7.jpg 527w, https:\/\/shophoabentre.com\/wp-content\/uploads\/2021\/06\/7-243x300.jpg 243w, https:\/\/shophoabentre.com\/wp-content\/uploads\/2021\/06\/7-510x629.jpg 510w, https:\/\/shophoabentre.com\/wp-content\/uploads\/2021\/06\/7-49x60.jpg 49w\" sizes=\"auto, (max-width: 527px) 100vw, 527px\" \/><figcaption id=\"caption-attachment-260\" class=\"wp-caption-text\"><\/span> <span style=\"font-size: 120%;\">Khai Tr\u01b0\u01a1ng V\u1ea1n L\u1ed9c<\/span><\/figcaption><\/figure>\n<p><span style=\"font-size: 120%;\">\u2013 Ch\u00fac C\u00f4ng ty ng\u00e0y c\u00e0ng ph\u00e1t tri\u1ec3n, th\u1ecbnh v\u01b0\u1ee3ng v\u00e0 kh\u00f4ng ng\u1eebng v\u01b0\u01a1n xa. \u2013 Ch\u00fac c\u00f4ng ty th\u00e0nh c\u00f4ng v\u01b0\u1ee3t tr\u1ed9i, ph\u00e1t tri\u1ec3n b\u1ec1n v\u1eefng, \u0111\u1ed9t ph\u00e1 th\u00e0nh c\u00f4ng! \u2013 Nh\u00e2n ng\u00e0y khai tr\u01b0\u01a1ng, ch\u00fac c\u00f4ng ty chi\u1ebfn th\u1eafng, ph\u00e1t \u0111\u1ea1t v\u00e0 b\u1ed9i thu! \u2013 Ch\u00fac C\u00f4ng ty ng\u00e0y c\u00e0ng l\u1edbn m\u1ea1nh v\u00e0 lu\u00f4n l\u00e0 s\u1ef1 l\u1ef1a ch\u1ecdn h\u00e0ng \u0111\u1ea7u c\u1ee7a kh\u00e1ch h\u00e0ng. \u2013 Ch\u00fac c\u00f4ng ty l\u1edbn m\u1ea1nh v\u00e0 t\u0103ng tr\u01b0\u1edfng v\u01b0\u1ee3t b\u1eadc.<\/span><\/p>\n<div id=\"input_line_11\"><span style=\"font-size: 120%;\"><strong><span id=\"input_part_0\" class=\"\" data-mention=\"Thi\u1ebft K\u1ebf Tinh T\u1ebf V\u00e0 Chi Ti\u1ebft Trang Tr\u00ed\">Thi\u1ebft K\u1ebf Tinh T\u1ebf V\u00e0 Chi Ti\u1ebft Trang Tr\u00ed<\/span><\/strong><\/span><\/div>\n<div id=\"input_line_12\"><span id=\"input_part_0\" class=\"\" style=\"font-size: 120%;\" data-mention=\"K\u1ec7 hoa khai tr\u01b0\u01a1ng V\u1ea1n L\u1ed9c th\u01b0\u1eddng \u0111\u01b0\u1ee3c thi\u1ebft k\u1ebf v\u1edbi s\u1ef1 ch\u00fa \u00fd \u0111\u1ebfn t\u1eebng chi ti\u1ebft trang tr\u00ed v\u00e0 ch\u1ea5t li\u1ec7u. Khung k\u1ec7 c\u00f3 th\u1ec3 l\u00e0m t\u1eeb g\u1ed7 ho\u1eb7c kim lo\u1ea1i cao c\u1ea5p, gi\u00fap b\u1ea3o \u0111\u1ea3m \u0111\u1ed9 b\u1ec1n v\u00e0 th\u1ea9m m\u1ef9 cho s\u1ea3n ph\u1ea9m. C\u00e1c ph\u1ee5 ki\u1ec7n nh\u01b0 ruy b\u0103ng, l\u00e1 c\u00e2y v\u00e0 c\u00e1c ph\u1ee5 ki\u1ec7n may m\u1eafn kh\u00e1c \u0111\u01b0\u1ee3c s\u1eafp x\u1ebfp m\u1ed9t c\u00e1ch t\u1ec9 m\u1ec9 v\u00e0 h\u00e0i h\u00f2a, t\u1ea1o n\u00ean m\u1ed9t b\u1ee9c tranh hoa t\u01b0\u01a1i s\u00e1ng v\u00e0 sinh \u0111\u1ed9ng.\">K\u1ec7 hoa khai tr\u01b0\u01a1ng V\u1ea1n L\u1ed9c th\u01b0\u1eddng \u0111\u01b0\u1ee3c thi\u1ebft k\u1ebf v\u1edbi s\u1ef1 ch\u00fa \u00fd \u0111\u1ebfn t\u1eebng chi ti\u1ebft trang tr\u00ed v\u00e0 ch\u1ea5t li\u1ec7u. Khung k\u1ec7 c\u00f3 th\u1ec3 l\u00e0m t\u1eeb g\u1ed7 ho\u1eb7c kim lo\u1ea1i cao c\u1ea5p, gi\u00fap b\u1ea3o \u0111\u1ea3m \u0111\u1ed9 b\u1ec1n v\u00e0 th\u1ea9m m\u1ef9 cho s\u1ea3n ph\u1ea9m. C\u00e1c ph\u1ee5 ki\u1ec7n nh\u01b0 ruy b\u0103ng, l\u00e1 c\u00e2y v\u00e0 c\u00e1c ph\u1ee5 ki\u1ec7n may m\u1eafn kh\u00e1c \u0111\u01b0\u1ee3c s\u1eafp x\u1ebfp m\u1ed9t c\u00e1ch t\u1ec9 m\u1ec9 v\u00e0 h\u00e0i h\u00f2a, t\u1ea1o n\u00ean m\u1ed9t b\u1ee9c tranh hoa t\u01b0\u01a1i s\u00e1ng v\u00e0 sinh \u0111\u1ed9ng.<\/span><\/div>\n<div id=\"input_line_13\"><\/div>\n<div id=\"input_line_14\"><span style=\"font-size: 120%;\"><strong><span id=\"input_part_0\" class=\"\" data-mention=\"S\u1ef1 C\u00e1 Nh\u00e2n H\u00f3a\">S\u1ef1 C\u00e1 Nh\u00e2n H\u00f3a<\/span><\/strong><\/span><\/div>\n<div id=\"input_line_15\"><span id=\"input_part_0\" class=\"\" style=\"font-size: 120%;\" data-mention=\"M\u1ed7i m\u1eabu k\u1ec7 hoa khai tr\u01b0\u01a1ng V\u1ea1n L\u1ed9c \u0111\u1ec1u c\u00f3 th\u1ec3 \u0111\u01b0\u1ee3c c\u00e1 nh\u00e2n h\u00f3a theo s\u1edf th\u00edch v\u00e0 \u00fd ngh\u0129a c\u1ee7a ng\u01b0\u1eddi t\u1eb7ng. Vi\u1ec7c n\u00e0y gi\u00fap t\u0103ng th\u00eam gi\u00e1 tr\u1ecb tinh th\u1ea7n v\u00e0 s\u1ef1 g\u1eafn k\u1ebft t\u1edbi ch\u1ee7 doanh nghi\u1ec7p, t\u1eeb vi\u1ec7c thay \u0111\u1ed5i lo\u1ea1i hoa, m\u00e0u s\u1eafc cho \u0111\u1ebfn vi\u1ec7c th\u00eam c\u00e1c chi ti\u1ebft c\u00e1 nh\u00e2n nh\u01b0 t\u00ean doanh nghi\u1ec7p, l\u1eddi ch\u00fac ho\u1eb7c h\u00ecnh \u1ea3nh k\u1ef7 ni\u1ec7m. \u0110i\u1ec1u n\u00e0y kh\u00f4ng ch\u1ec9 l\u00e0m cho k\u1ec7 hoa tr\u1edf n\u00ean \u0111\u1ed9c \u0111\u00e1o m\u00e0 c\u00f2n l\u00e0 c\u00e1ch \u0111\u1ec3 th\u1ec3 hi\u1ec7n s\u1ef1 quan t\u00e2m v\u00e0 t\u00ecnh c\u1ea3m \u0111\u1eb7c bi\u1ec7t t\u1eeb ng\u01b0\u1eddi g\u1eedi \u0111\u1ebfn ng\u01b0\u1eddi nh\u1eadn.\">M\u1ed7i m\u1eabu k\u1ec7 hoa khai tr\u01b0\u01a1ng V\u1ea1n L\u1ed9c \u0111\u1ec1u c\u00f3 th\u1ec3 \u0111\u01b0\u1ee3c c\u00e1 nh\u00e2n h\u00f3a theo s\u1edf th\u00edch v\u00e0 \u00fd ngh\u0129a c\u1ee7a ng\u01b0\u1eddi t\u1eb7ng. Vi\u1ec7c n\u00e0y gi\u00fap t\u0103ng th\u00eam gi\u00e1 tr\u1ecb tinh th\u1ea7n v\u00e0 s\u1ef1 g\u1eafn k\u1ebft t\u1edbi ch\u1ee7 doanh nghi\u1ec7p, t\u1eeb vi\u1ec7c thay \u0111\u1ed5i lo\u1ea1i hoa, m\u00e0u s\u1eafc cho \u0111\u1ebfn vi\u1ec7c th\u00eam c\u00e1c chi ti\u1ebft c\u00e1 nh\u00e2n nh\u01b0 t\u00ean doanh nghi\u1ec7p, l\u1eddi ch\u00fac ho\u1eb7c h\u00ecnh \u1ea3nh k\u1ef7 ni\u1ec7m. \u0110i\u1ec1u n\u00e0y kh\u00f4ng ch\u1ec9 l\u00e0m cho k\u1ec7 hoa tr\u1edf n\u00ean \u0111\u1ed9c \u0111\u00e1o m\u00e0 c\u00f2n l\u00e0 c\u00e1ch \u0111\u1ec3 th\u1ec3 hi\u1ec7n s\u1ef1 quan t\u00e2m v\u00e0 t\u00ecnh c\u1ea3m \u0111\u1eb7c bi\u1ec7t t\u1eeb ng\u01b0\u1eddi g\u1eedi \u0111\u1ebfn ng\u01b0\u1eddi nh\u1eadn.<\/span><\/div>\n<div id=\"input_line_16\"><\/div>\n<div id=\"input_line_17\"><span style=\"font-size: 120%;\"><strong><span id=\"input_part_0\" class=\"\" data-mention=\"D\u1ecbch V\u1ee5 T\u1eadn T\u00e2m V\u00e0 Chuy\u00ean Nghi\u1ec7p\">D\u1ecbch V\u1ee5 T\u1eadn T\u00e2m V\u00e0 Chuy\u00ean Nghi\u1ec7p<\/span><\/strong><\/span><\/div>\n<div id=\"input_line_18\">\n<p><span class=\"\" style=\"font-size: 120%;\" data-mention=\"C\u00e1c \u0111\u01a1n v\u1ecb cung c\u1ea5p k\u1ec7 hoa khai tr\u01b0\u01a1ng V\u1ea1n L\u1ed9c th\u01b0\u1eddng c\u00f3 \u0111\u1ed9i ng\u0169 nh\u00e2n vi\u00ean gi\u00e0u kinh nghi\u1ec7m v\u00e0 t\u1eadn t\u00e2m. H\u1ecd kh\u00f4ng ch\u1ec9 gi\u00fap b\u1ea1n l\u1ef1a ch\u1ecdn m\u1eabu k\u1ec7 hoa ph\u00f9 h\u1ee3p m\u00e0 c\u00f2n cung c\u1ea5p c\u00e1c d\u1ecbch v\u1ee5 \u0111i k\u00e8m nh\u01b0 giao hoa t\u1eadn n\u01a1i v\u00e0 b\u1ed1 tr\u00ed l\u1ec5 khai tr\u01b0\u01a1ng. S\u1ef1 chuy\u00ean nghi\u1ec7p v\u00e0 t\u1eadn t\u00e2m c\u1ee7a h\u1ecd s\u1ebd gi\u00fap b\u1ea1n y\u00ean t\u00e2m v\u00e0 h\u00e0i l\u00f2ng khi t\u1eb7ng qu\u00e0 cho doanh nghi\u1ec7p m\u1edbi khai tr\u01b0\u01a1ng.\"><span class=\"\" data-mention=\"C\u00e1c \u0111\u01a1n v\u1ecb cung c\u1ea5p k\u1ec7 hoa khai tr\u01b0\u01a1ng V\u1ea1n L\u1ed9c th\u01b0\u1eddng c\u00f3 \u0111\u1ed9i ng\u0169 nh\u00e2n vi\u00ean gi\u00e0u kinh nghi\u1ec7m v\u00e0 t\u1eadn t\u00e2m. H\u1ecd kh\u00f4ng ch\u1ec9 gi\u00fap b\u1ea1n l\u1ef1a ch\u1ecdn m\u1eabu k\u1ec7 hoa ph\u00f9 h\u1ee3p m\u00e0 c\u00f2n cung c\u1ea5p c\u00e1c d\u1ecbch v\u1ee5 \u0111i k\u00e8m nh\u01b0 giao hoa t\u1eadn n\u01a1i v\u00e0 b\u1ed1 tr\u00ed l\u1ec5 khai tr\u01b0\u01a1ng. S\u1ef1 chuy\u00ean nghi\u1ec7p v\u00e0 t\u1eadn t\u00e2m c\u1ee7a h\u1ecd s\u1ebd gi\u00fap b\u1ea1n y\u00ean t\u00e2m v\u00e0 h\u00e0i l\u00f2ng khi t\u1eb7ng qu\u00e0 cho doanh nghi\u1ec7p m\u1edbi khai tr\u01b0\u01a1ng.\">C\u00e1c \u0111\u01a1n v\u1ecb cung c\u1ea5p k\u1ec7 hoa khai tr\u01b0\u01a1ng V\u1ea1n L\u1ed9c th\u01b0\u1eddng c\u00f3 \u0111\u1ed9i ng\u0169 nh\u00e2n vi\u00ean gi\u00e0u kinh nghi\u1ec7m v\u00e0 t\u1eadn t\u00e2m. H\u1ecd kh\u00f4ng ch\u1ec9 gi\u00fap b\u1ea1n l\u1ef1a ch\u1ecdn m\u1eabu k\u1ec7 hoa ph\u00f9 h\u1ee3p m\u00e0 c\u00f2n cung c\u1ea5p c\u00e1c d\u1ecbch v\u1ee5 \u0111i k\u00e8m nh\u01b0 giao hoa t\u1eadn n\u01a1i v\u00e0 b\u1ed1 tr\u00ed l\u1ec5 khai tr\u01b0\u01a1ng. S\u1ef1 chuy\u00ean nghi\u1ec7p v\u00e0 t\u1eadn t\u00e2m c\u1ee7a h\u1ecd s\u1ebd gi\u00fap b\u1ea1n y\u00ean t\u00e2m v\u00e0 h\u00e0i l\u00f2ng khi t\u1eb7ng qu\u00e0 cho doanh nghi\u1ec7p m\u1edbi khai tr\u01b0\u01a1ng.<\/span><\/span><\/p>\n<p><span style=\"font-size: 120%;\"><a href=\"https:\/\/shophoabentre.com\/shop-banh-sinh-nhat-tai-chau-thanh\/\" target=\"_blank\" rel=\"noopener\">Shop B\u00e1nh Sinh Nh\u1eadt T\u1ea1i Ch\u00e2u Th\u00e0nh<\/a>.\u00a0 \u00a0 ,\u00a0 \u00a0<a href=\"https:\/\/shophoabentre.com\/shop-ban-trai-cay-tai-thanh-phu\/\" target=\"_blank\" rel=\"noopener\">Shop B\u00e1n Tr\u00e1i C\u00e2y T\u1ea1i Th\u1ea1nh Ph\u00fa<\/a><\/span><\/p>\n<p>&nbsp;<\/p>\n<div><span style=\"font-size: 120%;\"><b>Nh\u1eefng d\u1ecbch v\u1ee5 c\u1ee7a shop hoa t\u01b0\u01a1i c\u1ee7a ch\u00fang t\u00f4i<\/b><\/span><br \/>\n<span style=\"font-size: 120%;\">&#8211; Giao Hoa T\u1eadn N\u01a1i<\/span><br \/>\n<span style=\"font-size: 120%;\">&#8211; C\u00f3\u00a0<b>H\u00f3a \u0110\u01a1n \u0110\u1ecf<\/b>\u00a0Vat ( hoa \u0111\u01a1n \u0111i\u1ec7n t\u1eed )<\/span><br \/>\n<span style=\"font-size: 120%;\">&#8211; Ch\u1ee5p \u1ea2nh tr\u01b0\u1edbc khi giaoxem th\u00eam &gt;&gt;\u00a0<a href=\"https:\/\/shophoatuoidep.net\/danh-muc\/hoa-sinh-nhat-15\" target=\"_blank\" rel=\"noopener\">hoa sinh nh\u1eadt<\/a>,\u00a0<a href=\"https:\/\/shophoatuoidep.net\/danh-muc\/hoa-khai-truong-13\" target=\"_blank\" rel=\"noopener\">hoa khai tr\u01b0\u01a1ng<\/a>,\u00a0<a href=\"https:\/\/shophoatuoidep.net\/danh-muc\/hoa-chia-buon-7\" target=\"_blank\" rel=\"noopener\">hoa chia bu\u1ed3n<\/a>\u00a0,<\/span><\/div>\n<div><\/div>\n<div><span style=\"font-size: 120%;\"><a href=\"https:\/\/dienhoa24gio.net\/\" target=\"_blank\" rel=\"noopener\">\u00a0\u0111i\u1ec7n hoa 24gio\u00a0<\/a>.<a href=\"https:\/\/shopbanhoa.com\/\" target=\"_blank\" rel=\"noopener\">\u00a0shop hoa t\u01b0\u01a1i\u00a0<\/a>,\u00a0<a href=\"https:\/\/diachishophoa.com\/\" target=\"_blank\" rel=\"noopener\">shop hoa t\u01b0\u01a1i<\/a><\/span><\/div>\n<p><span id=\"input_part_0\" class=\"\" style=\"font-size: 120%;\" data-mention=\"C\u00e1c \u0111\u01a1n v\u1ecb cung c\u1ea5p k\u1ec7 hoa khai tr\u01b0\u01a1ng V\u1ea1n L\u1ed9c th\u01b0\u1eddng c\u00f3 \u0111\u1ed9i ng\u0169 nh\u00e2n vi\u00ean gi\u00e0u kinh nghi\u1ec7m v\u00e0 t\u1eadn t\u00e2m. H\u1ecd kh\u00f4ng ch\u1ec9 gi\u00fap b\u1ea1n l\u1ef1a ch\u1ecdn m\u1eabu k\u1ec7 hoa ph\u00f9 h\u1ee3p m\u00e0 c\u00f2n cung c\u1ea5p c\u00e1c d\u1ecbch v\u1ee5 \u0111i k\u00e8m nh\u01b0 giao hoa t\u1eadn n\u01a1i v\u00e0 b\u1ed1 tr\u00ed l\u1ec5 khai tr\u01b0\u01a1ng. S\u1ef1 chuy\u00ean nghi\u1ec7p v\u00e0 t\u1eadn t\u00e2m c\u1ee7a h\u1ecd s\u1ebd gi\u00fap b\u1ea1n y\u00ean t\u00e2m v\u00e0 h\u00e0i l\u00f2ng khi t\u1eb7ng qu\u00e0 cho doanh nghi\u1ec7p m\u1edbi khai tr\u01b0\u01a1ng.\">\u00a0<\/span><\/p>\n<\/div>\n","protected":false},"excerpt":{"rendered":"<p><span id=\"input_part_0\" class=\"\" data-mention=\"K\u1ec7 Hoa Khai Tr\u01b0\u01a1ng V\u1ea1n L\u1ed9c: T\u1ea1o \u0110i\u1ec3m Nh\u1ea5n May M\u1eafn Cho Ng\u00e0y \u0110\u1eb7c Bi\u1ec7t&quot;\">K\u1ec7 Hoa Khai Tr\u01b0\u01a1ng V\u1ea1n L\u1ed9c: T\u1ea1o \u0110i\u1ec3m Nh\u1ea5n May M\u1eafn Cho Ng\u00e0y \u0110\u1eb7c Bi\u1ec7t<\/span><\/p>\n","protected":false},"featured_media":260,"comment_status":"open","ping_status":"closed","template":"","meta":[],"product_brand":[],"product_cat":[38],"product_tag":[44,45,43,53,51],"class_list":{"0":"post-259","1":"product","2":"type-product","3":"status-publish","4":"has-post-thumbnail","6":"product_cat-hoa-khai-truong","7":"product_tag-dat-hoa-vieng-tang-le","8":"product_tag-dat-vong-hoa-tang-le","9":"product_tag-hoa-chuc-mung_sang-trong","10":"product_tag-khai-truong-van-loc","11":"product_tag-thanh-than","13":"first","14":"instock","15":"shipping-taxable","16":"purchasable","17":"product-type-simple"},"_links":{"self":[{"href":"https:\/\/shophoabentre.com\/index.php?rest_route=\/wp\/v2\/product\/259","targetHints":{"allow":["GET"]}}],"collection":[{"href":"https:\/\/shophoabentre.com\/index.php?rest_route=\/wp\/v2\/product"}],"about":[{"href":"https:\/\/shophoabentre.com\/index.php?rest_route=\/wp\/v2\/types\/product"}],"replies":[{"embeddable":true,"href":"https:\/\/shophoabentre.com\/index.php?rest_route=%2Fwp%2Fv2%2Fcomments&post=259"}],"wp:featuredmedia":[{"embeddable":true,"href":"https:\/\/shophoabentre.com\/index.php?rest_route=\/wp\/v2\/media\/260"}],"wp:attachment":[{"href":"https:\/\/shophoabentre.com\/index.php?rest_route=%2Fwp%2Fv2%2Fmedia&parent=259"}],"wp:term":[{"taxonomy":"product_brand","embeddable":true,"href":"https:\/\/shophoabentre.com\/index.php?rest_route=%2Fwp%2Fv2%2Fproduct_brand&post=259"},{"taxonomy":"product_cat","embeddable":true,"href":"https:\/\/shophoabentre.com\/index.php?rest_route=%2Fwp%2Fv2%2Fproduct_cat&post=259"},{"taxonomy":"product_tag","embeddable":true,"href":"https:\/\/shophoabentre.com\/index.php?rest_route=%2Fwp%2Fv2%2Fproduct_tag&post=259"}],"curies":[{"name":"wp","href":"https:\/\/api.w.org\/{rel}","templated":true}]}}