{"id":240,"date":"2021-06-30T01:35:17","date_gmt":"2021-06-30T01:35:17","guid":{"rendered":"https:\/\/shophoabentre.com\/?post_type=product&#038;p=240"},"modified":"2026-05-04T18:11:33","modified_gmt":"2026-05-04T18:11:33","slug":"ve-voi-coi-nguon","status":"publish","type":"product","link":"https:\/\/shophoabentre.com\/?product=ve-voi-coi-nguon","title":{"rendered":"V\u1ec0 V\u1edaI C\u1ed8I NGU\u1ed2N"},"content":{"rendered":"<h2 id=\"input_line_0\" style=\"text-align: center;\"><span style=\"font-size: 120%;\"><strong><span id=\"input_part_0\" class=\"\" data-mention=\"&quot;K\u1ec7 Hoa Tang T\u00ean V\u1ec1 V\u1edbi C\u1ed9i Ngu\u1ed3n: S\u1ef1 T\u00f4n K\u00ednh V\u00e0 Tri \u00c2n \u0110\u1ebfn Ng\u01b0\u1eddi \u0110\u00e3 Qua \u0110\u1eddi&quot;\">K\u1ec7 Hoa Tang T\u00ean V\u1ec1 V\u1edbi C\u1ed9i Ngu\u1ed3n: S\u1ef1 T\u00f4n K\u00ednh V\u00e0 Tri \u00c2n \u0110\u1ebfn Ng\u01b0\u1eddi \u0110\u00e3 Qua \u0110\u1eddi<\/span><\/strong><\/span><\/h2>\n<div id=\"input_line_1\"><\/div>\n<div id=\"input_line_2\">\n<\/div>\n<div id=\"input_line_3\"><span id=\"input_part_0\" class=\"\" style=\"font-size: 120%;\" data-mention=\"&quot;Kh\u00e1m ph\u00e1 nh\u1eefng m\u1eabu k\u1ec7 hoa tang t\u00ean V\u1ec1 V\u1edbi C\u1ed9i Ngu\u1ed3n, mang \u0111\u1ebfn s\u1ef1 trang tr\u1ecdng v\u00e0 \u00fd ngh\u0129a s\u00e2u s\u1eafc cho ng\u00e0y l\u1ec5 v\u0129nh bi\u1ec7t. Ch\u1ecdn l\u1ef1a k\u1ec7 hoa tinh t\u1ebf \u0111\u1ec3 g\u1eedi \u0111i nh\u1eefng l\u1eddi tri \u00e2n cu\u1ed1i c\u00f9ng t\u1edbi ng\u01b0\u1eddi th\u00e2n \u0111\u00e3 khu\u1ea5t.&quot;\">&#8220;Kh\u00e1m ph\u00e1 nh\u1eefng m\u1eabu k\u1ec7 hoa tang t\u00ean V\u1ec1 V\u1edbi C\u1ed9i Ngu\u1ed3n, mang \u0111\u1ebfn s\u1ef1 trang tr\u1ecdng v\u00e0 \u00fd ngh\u0129a s\u00e2u s\u1eafc cho ng\u00e0y l\u1ec5 v\u0129nh bi\u1ec7t. Ch\u1ecdn l\u1ef1a k\u1ec7 hoa tinh t\u1ebf \u0111\u1ec3 g\u1eedi \u0111i nh\u1eefng l\u1eddi tri \u00e2n cu\u1ed1i c\u00f9ng t\u1edbi ng\u01b0\u1eddi th\u00e2n \u0111\u00e3 khu\u1ea5t.&#8221;<\/span><\/div>\n<div id=\"input_line_4\"><\/div>\n<div id=\"input_line_5\"><\/div>\n<div id=\"input_line_6\"><span id=\"input_part_0\" class=\"\" style=\"font-size: 120%;\" data-mention=\"K\u1ec7 hoa tang l\u00e0 m\u1ed9t bi\u1ec3u t\u01b0\u1ee3ng kh\u00f4ng th\u1ec3 thi\u1ebfu trong c\u00e1c nghi l\u1ec5 tang, l\u00e0 c\u00e1ch \u0111\u1ec3 gia \u0111\u00ecnh v\u00e0 b\u1ea1n b\u00e8 g\u1eedi \u0111i l\u1eddi t\u1ea1 \u01a1n v\u00e0 tri \u00e2n cu\u1ed1i c\u00f9ng t\u1edbi ng\u01b0\u1eddi \u0111\u00e3 khu\u1ea5t. Trong \u0111\u00f3, k\u1ec7 hoa tang t\u00ean &quot;V\u1ec1 V\u1edbi C\u1ed9i Ngu\u1ed3n&quot; mang \u0111\u1ebfn s\u1ef1 \u0111\u1eb7c bi\u1ec7t v\u00e0 \u00fd ngh\u0129a s\u00e2u s\u1eafc cho d\u1ecbp l\u1ec5 v\u0129nh bi\u1ec7t.\">K\u1ec7 hoa tang l\u00e0 m\u1ed9t bi\u1ec3u t\u01b0\u1ee3ng kh\u00f4ng th\u1ec3 thi\u1ebfu trong c\u00e1c nghi l\u1ec5 tang, l\u00e0 c\u00e1ch \u0111\u1ec3 gia \u0111\u00ecnh v\u00e0 b\u1ea1n b\u00e8 g\u1eedi \u0111i l\u1eddi t\u1ea1 \u01a1n v\u00e0 tri \u00e2n cu\u1ed1i c\u00f9ng t\u1edbi ng\u01b0\u1eddi \u0111\u00e3 khu\u1ea5t. Trong \u0111\u00f3, k\u1ec7 hoa tang t\u00ean &#8220;V\u1ec1 V\u1edbi C\u1ed9i Ngu\u1ed3n&#8221; mang \u0111\u1ebfn s\u1ef1 \u0111\u1eb7c bi\u1ec7t v\u00e0 \u00fd ngh\u0129a s\u00e2u s\u1eafc cho d\u1ecbp l\u1ec5 v\u0129nh bi\u1ec7t.<\/span><\/div>\n<div id=\"input_line_7\"><\/div>\n<div id=\"input_line_8\"><span style=\"font-size: 120%;\"><strong><span id=\"input_part_0\" class=\"\" data-mention=\"\u00dd Ngh\u0129a V\u00e0 Th\u00e0nh Ph\u1ea7n Thi\u1ebft K\u1ebf\">\u00dd Ngh\u0129a V\u00e0 Th\u00e0nh Ph\u1ea7n Thi\u1ebft K\u1ebf<\/span><\/strong><\/span><\/div>\n<div id=\"input_line_9\"><span id=\"input_part_0\" class=\"\" style=\"font-size: 120%;\" data-mention=\"K\u1ec7 hoa tang t\u00ean V\u1ec1 V\u1edbi C\u1ed9i Ngu\u1ed3n kh\u00f4ng ch\u1ec9 \u0111\u01a1n thu\u1ea7n l\u00e0 m\u1ed9t s\u1ea3n ph\u1ea9m hoa tang m\u00e0 c\u00f2n l\u00e0 bi\u1ec3u t\u01b0\u1ee3ng t\u00f4n k\u00ednh v\u00e0 tri \u00e2n \u0111\u1ebfn ng\u01b0\u1eddi \u0111\u00e3 qua \u0111\u1eddi. Thi\u1ebft k\u1ebf c\u1ee7a n\u00f3 th\u01b0\u1eddng mang \u0111\u1eadm ch\u1ea5t trang tr\u1ecdng v\u00e0 \u0111\u1ea7y c\u1ea3m x\u00fac. C\u00e1c lo\u1ea1i hoa th\u01b0\u1eddng \u0111\u01b0\u1ee3c s\u1eed d\u1ee5ng nh\u01b0 hoa h\u1ed3ng, hoa lan, hoa ly, k\u1ebft h\u1ee3p v\u1edbi l\u00e1 xanh t\u1ea1o n\u00ean s\u1ef1 h\u00e0i h\u00f2a v\u00e0 th\u1ea9m m\u1ef9.\">K\u1ec7 hoa tang t\u00ean V\u1ec1 V\u1edbi C\u1ed9i Ngu\u1ed3n kh\u00f4ng ch\u1ec9 \u0111\u01a1n thu\u1ea7n l\u00e0 m\u1ed9t s\u1ea3n ph\u1ea9m hoa tang m\u00e0 c\u00f2n l\u00e0 bi\u1ec3u t\u01b0\u1ee3ng t\u00f4n k\u00ednh v\u00e0 tri \u00e2n \u0111\u1ebfn ng\u01b0\u1eddi \u0111\u00e3 qua \u0111\u1eddi. Thi\u1ebft k\u1ebf c\u1ee7a n\u00f3 th\u01b0\u1eddng mang \u0111\u1eadm ch\u1ea5t trang tr\u1ecdng v\u00e0 \u0111\u1ea7y c\u1ea3m x\u00fac. C\u00e1c lo\u1ea1i hoa th\u01b0\u1eddng \u0111\u01b0\u1ee3c s\u1eed d\u1ee5ng nh\u01b0 hoa h\u1ed3ng, hoa lan, hoa ly, k\u1ebft h\u1ee3p v\u1edbi l\u00e1 xanh t\u1ea1o n\u00ean s\u1ef1 h\u00e0i h\u00f2a v\u00e0 th\u1ea9m m\u1ef9.<\/span><\/div>\n<div id=\"input_line_10\"><\/div>\n<div id=\"input_line_11\"><span id=\"input_part_0\" class=\"\" style=\"font-size: 120%;\" data-mention=\"Hoa h\u1ed3ng th\u01b0\u1eddng \u0111\u01b0\u1ee3c ch\u1ecdn \u0111\u1ec3 bi\u1ec3u th\u1ecb l\u00f2ng th\u00e0nh k\u00ednh v\u00e0 t\u00ecnh c\u1ea3m s\u00e2u s\u1eafc c\u1ee7a ng\u01b0\u1eddi g\u1eedi tang. Hoa lan th\u1ec3 hi\u1ec7n s\u1ef1 cao qu\u00fd v\u00e0 tinh t\u1ebf, trong khi hoa ly \u0111em \u0111\u1ebfn s\u1ef1 trong s\u00e1ng v\u00e0 tinh khi\u1ebft. S\u1ef1 k\u1ebft h\u1ee3p n\u00e0y kh\u00f4ng ch\u1ec9 t\u1ea1o n\u00ean m\u1ed9t b\u1ee9c tranh hoa \u0111\u1eb9p m\u00e0 c\u00f2n truy\u1ec1n t\u1ea3i \u0111\u01b0\u1ee3c nh\u1eefng c\u1ea3m x\u00fac t\u1eadn c\u00f9ng trong l\u00f2ng ng\u01b0\u1eddi g\u1eedi tang.\">Hoa h\u1ed3ng th\u01b0\u1eddng \u0111\u01b0\u1ee3c ch\u1ecdn \u0111\u1ec3 bi\u1ec3u th\u1ecb l\u00f2ng th\u00e0nh k\u00ednh v\u00e0 t\u00ecnh c\u1ea3m s\u00e2u s\u1eafc c\u1ee7a ng\u01b0\u1eddi g\u1eedi tang. Hoa lan th\u1ec3 hi\u1ec7n s\u1ef1 cao qu\u00fd v\u00e0 tinh t\u1ebf, trong khi hoa ly \u0111em \u0111\u1ebfn s\u1ef1 trong s\u00e1ng v\u00e0 tinh khi\u1ebft. S\u1ef1 k\u1ebft h\u1ee3p n\u00e0y kh\u00f4ng ch\u1ec9 t\u1ea1o n\u00ean m\u1ed9t b\u1ee9c tranh hoa \u0111\u1eb9p m\u00e0 c\u00f2n truy\u1ec1n t\u1ea3i \u0111\u01b0\u1ee3c nh\u1eefng c\u1ea3m x\u00fac t\u1eadn c\u00f9ng trong l\u00f2ng ng\u01b0\u1eddi g\u1eedi tang.<\/span><\/div>\n<div id=\"input_line_12\"><\/div>\n<div id=\"input_line_20\">\n<\/div>\n<figure id=\"attachment_241\" aria-describedby=\"caption-attachment-241\" style=\"width: 527px\" class=\"wp-caption aligncenter\"><img loading=\"lazy\" decoding=\"async\" class=\"wp-image-241 size-full\" src=\"http:\/\/shophoabentre.com\/wp-content\/uploads\/2021\/06\/z2518289462471_85847a9b5773041ccbf1b5733049bdc9.jpg\" alt=\"V\u1ec1 V\u1edbi C\u1ed9i Ngu\u1ed3n\" width=\"527\" height=\"650\" srcset=\"https:\/\/shophoabentre.com\/wp-content\/uploads\/2021\/06\/z2518289462471_85847a9b5773041ccbf1b5733049bdc9.jpg 527w, https:\/\/shophoabentre.com\/wp-content\/uploads\/2021\/06\/z2518289462471_85847a9b5773041ccbf1b5733049bdc9-243x300.jpg 243w, https:\/\/shophoabentre.com\/wp-content\/uploads\/2021\/06\/z2518289462471_85847a9b5773041ccbf1b5733049bdc9-510x629.jpg 510w, https:\/\/shophoabentre.com\/wp-content\/uploads\/2021\/06\/z2518289462471_85847a9b5773041ccbf1b5733049bdc9-49x60.jpg 49w\" sizes=\"auto, (max-width: 527px) 100vw, 527px\" \/><figcaption id=\"caption-attachment-241\" class=\"wp-caption-text\"><\/span> <span style=\"font-size: 120%;\">V\u1ec1 V\u1edbi C\u1ed9i Ngu\u1ed3n<\/span><\/figcaption><\/figure>\n<p>&nbsp;<\/p>\n<div id=\"input_line_13\"><span style=\"font-size: 120%;\"><strong><span id=\"input_part_0\" class=\"\" data-mention=\"V\u1eadt Li\u1ec7u V\u00e0 Chi Ti\u1ebft Trang Tr\u00ed\">V\u1eadt Li\u1ec7u V\u00e0 Chi Ti\u1ebft Trang Tr\u00ed<\/span><\/strong><\/span><\/div>\n<div id=\"input_line_14\"><span id=\"input_part_0\" class=\"\" style=\"font-size: 120%;\" data-mention=\"Khung k\u1ec7 c\u1ee7a hoa tang t\u00ean V\u1ec1 V\u1edbi C\u1ed9i Ngu\u1ed3n th\u01b0\u1eddng \u0111\u01b0\u1ee3c l\u00e0m t\u1eeb c\u00e1c v\u1eadt li\u1ec7u cao c\u1ea5p nh\u01b0 g\u1ed7 ho\u1eb7c kim lo\u1ea1i, gi\u00fap b\u1ea3o \u0111\u1ea3m t\u00ednh ch\u1eafc ch\u1eafn v\u00e0 \u0111\u1ed9 b\u1ec1n l\u00e2u d\u00e0i c\u1ee7a s\u1ea3n ph\u1ea9m. C\u00e1c ph\u1ee5 ki\u1ec7n trang tr\u00ed nh\u01b0 ruy b\u0103ng, l\u01b0\u1edbi hoa v\u00e0 thi\u1ec7p chia bu\u1ed3n c\u0169ng \u0111\u01b0\u1ee3c l\u1ef1a ch\u1ecdn k\u1ef9 c\u00e0ng, mang \u0111\u1ebfn s\u1ef1 ho\u00e0n thi\u1ec7n v\u00e0 trang tr\u1ecdng cho t\u1eebng b\u00f3 hoa.\">Khung k\u1ec7 c\u1ee7a hoa tang t\u00ean V\u1ec1 V\u1edbi C\u1ed9i Ngu\u1ed3n th\u01b0\u1eddng \u0111\u01b0\u1ee3c l\u00e0m t\u1eeb c\u00e1c v\u1eadt li\u1ec7u cao c\u1ea5p nh\u01b0 g\u1ed7 ho\u1eb7c kim lo\u1ea1i, gi\u00fap b\u1ea3o \u0111\u1ea3m t\u00ednh ch\u1eafc ch\u1eafn v\u00e0 \u0111\u1ed9 b\u1ec1n l\u00e2u d\u00e0i c\u1ee7a s\u1ea3n ph\u1ea9m. C\u00e1c ph\u1ee5 ki\u1ec7n trang tr\u00ed nh\u01b0 ruy b\u0103ng, l\u01b0\u1edbi hoa v\u00e0 thi\u1ec7p chia bu\u1ed3n c\u0169ng \u0111\u01b0\u1ee3c l\u1ef1a ch\u1ecdn k\u1ef9 c\u00e0ng, mang \u0111\u1ebfn s\u1ef1 ho\u00e0n thi\u1ec7n v\u00e0 trang tr\u1ecdng cho t\u1eebng b\u00f3 hoa.<\/span><\/div>\n<div id=\"input_line_15\"><\/div>\n<div id=\"input_line_16\"><span style=\"font-size: 120%;\"><strong><span id=\"input_part_0\" class=\"\" data-mention=\"T\u1ea7m Quan Tr\u1ecdng C\u1ee7a S\u1ef1 C\u00e1 Nh\u00e2n H\u00f3a\">T\u1ea7m Quan Tr\u1ecdng C\u1ee7a S\u1ef1 C\u00e1 Nh\u00e2n H\u00f3a<\/span><\/strong><\/span><\/div>\n<div id=\"input_line_17\"><span id=\"input_part_0\" class=\"\" style=\"font-size: 120%;\" data-mention=\"M\u1ed7i m\u1eabu k\u1ec7 hoa tang t\u00ean V\u1ec1 V\u1edbi C\u1ed9i Ngu\u1ed3n c\u00f3 th\u1ec3 \u0111\u01b0\u1ee3c c\u00e1 nh\u00e2n h\u00f3a theo \u00fd mu\u1ed1n c\u1ee7a kh\u00e1ch h\u00e0ng. \u0110i\u1ec1u n\u00e0y gi\u00fap t\u0103ng th\u00eam gi\u00e1 tr\u1ecb tinh th\u1ea7n v\u00e0 s\u1ef1 g\u1eafn k\u1ebft t\u1edbi ng\u01b0\u1eddi nh\u1eadn, t\u1eeb vi\u1ec7c thay \u0111\u1ed5i lo\u1ea1i hoa, m\u00e0u s\u1eafc cho \u0111\u1ebfn vi\u1ec7c th\u00eam c\u00e1c chi ti\u1ebft c\u00e1 nh\u00e2n nh\u01b0 t\u00ean ng\u01b0\u1eddi khu\u1ea5t, th\u00f4ng \u0111i\u1ec7p tri \u00e2n hay h\u00ecnh \u1ea3nh k\u1ef7 ni\u1ec7m. \u0110i\u1ec1u n\u00e0y kh\u00f4ng ch\u1ec9 l\u00e0m cho k\u1ec7 hoa tr\u1edf n\u00ean \u0111\u1ed9c \u0111\u00e1o m\u00e0 c\u00f2n l\u00e0 c\u00e1ch \u0111\u1ec3 th\u1ec3 hi\u1ec7n s\u1ef1 quan t\u00e2m v\u00e0 t\u00ecnh c\u1ea3m cu\u1ed1i c\u00f9ng c\u1ee7a ng\u01b0\u1eddi g\u1eedi tang.\">M\u1ed7i m\u1eabu k\u1ec7 hoa tang t\u00ean V\u1ec1 V\u1edbi C\u1ed9i Ngu\u1ed3n c\u00f3 th\u1ec3 \u0111\u01b0\u1ee3c c\u00e1 nh\u00e2n h\u00f3a theo \u00fd mu\u1ed1n c\u1ee7a kh\u00e1ch h\u00e0ng. \u0110i\u1ec1u n\u00e0y gi\u00fap t\u0103ng th\u00eam gi\u00e1 tr\u1ecb tinh th\u1ea7n v\u00e0 s\u1ef1 g\u1eafn k\u1ebft t\u1edbi ng\u01b0\u1eddi nh\u1eadn, t\u1eeb vi\u1ec7c thay \u0111\u1ed5i lo\u1ea1i hoa, m\u00e0u s\u1eafc cho \u0111\u1ebfn vi\u1ec7c th\u00eam c\u00e1c chi ti\u1ebft c\u00e1 nh\u00e2n nh\u01b0 t\u00ean ng\u01b0\u1eddi khu\u1ea5t, th\u00f4ng \u0111i\u1ec7p tri \u00e2n hay h\u00ecnh \u1ea3nh k\u1ef7 ni\u1ec7m. \u0110i\u1ec1u n\u00e0y kh\u00f4ng ch\u1ec9 l\u00e0m cho k\u1ec7 hoa tr\u1edf n\u00ean \u0111\u1ed9c \u0111\u00e1o m\u00e0 c\u00f2n l\u00e0 c\u00e1ch \u0111\u1ec3 th\u1ec3 hi\u1ec7n s\u1ef1 quan t\u00e2m v\u00e0 t\u00ecnh c\u1ea3m cu\u1ed1i c\u00f9ng c\u1ee7a ng\u01b0\u1eddi g\u1eedi tang.<\/span><\/div>\n<div id=\"input_line_18\"><\/div>\n<div id=\"input_line_19\"><span style=\"font-size: 120%;\"><strong><span id=\"input_part_0\" class=\"\" data-mention=\"D\u1ecbch V\u1ee5 T\u1eadn T\u00e2m V\u00e0 Chuy\u00ean Nghi\u1ec7p\">D\u1ecbch V\u1ee5 T\u1eadn T\u00e2m V\u00e0 Chuy\u00ean Nghi\u1ec7p<\/span><\/strong><\/span><\/div>\n<div id=\"input_line_20\"><span id=\"input_part_0\" class=\"\" style=\"font-size: 120%;\" data-mention=\"C\u00e1c \u0111\u01a1n v\u1ecb cung c\u1ea5p k\u1ec7 hoa tang t\u00ean V\u1ec1 V\u1edbi C\u1ed9i Ngu\u1ed3n th\u01b0\u1eddng c\u00f3 \u0111\u1ed9i ng\u0169 nh\u00e2n vi\u00ean gi\u00e0u kinh nghi\u1ec7m v\u00e0 t\u1eadn t\u00e2m. H\u1ecd kh\u00f4ng ch\u1ec9 gi\u00fap b\u1ea1n l\u1ef1a ch\u1ecdn m\u1eabu k\u1ec7 hoa ph\u00f9 h\u1ee3p m\u00e0 c\u00f2n cung c\u1ea5p c\u00e1c d\u1ecbch v\u1ee5 \u0111i k\u00e8m nh\u01b0 giao hoa t\u1eadn n\u01a1i v\u00e0 b\u1ed1 tr\u00ed l\u1ec5 tang. S\u1ef1 chuy\u00ean nghi\u1ec7p v\u00e0 t\u1eadn t\u00e2m c\u1ee7a h\u1ecd s\u1ebd gi\u00fap b\u1ea1n y\u00ean t\u00e2m v\u00e0 nh\u1eb9 l\u00f2ng trong kho\u1ea3nh kh\u1eafc bu\u1ed3n n\u00e0y.\">C\u00e1c \u0111\u01a1n v\u1ecb cung c\u1ea5p k\u1ec7 hoa tang t\u00ean V\u1ec1 V\u1edbi C\u1ed9i Ngu\u1ed3n th\u01b0\u1eddng c\u00f3 \u0111\u1ed9i ng\u0169 nh\u00e2n vi\u00ean gi\u00e0u kinh nghi\u1ec7m v\u00e0 t\u1eadn t\u00e2m. H\u1ecd kh\u00f4ng ch\u1ec9 gi\u00fap b\u1ea1n l\u1ef1a ch\u1ecdn m\u1eabu k\u1ec7 hoa ph\u00f9 h\u1ee3p m\u00e0 c\u00f2n cung c\u1ea5p c\u00e1c d\u1ecbch v\u1ee5 \u0111i k\u00e8m nh\u01b0 giao hoa t\u1eadn n\u01a1i v\u00e0 b\u1ed1 tr\u00ed l\u1ec5 tang. S\u1ef1 chuy\u00ean nghi\u1ec7p v\u00e0 t\u1eadn t\u00e2m c\u1ee7a h\u1ecd s\u1ebd gi\u00fap b\u1ea1n y\u00ean t\u00e2m v\u00e0 nh\u1eb9 l\u00f2ng trong kho\u1ea3nh kh\u1eafc bu\u1ed3n n\u00e0y.<\/span><\/div>\n<p><span style=\"font-size: 120%;\"><a href=\"https:\/\/shophoabentre.com\/dat-hoa-ngay-20-thang-11-tai-thanh-phu\/\" target=\"_blank\" rel=\"noopener\">\u0110\u1eb7t Hoa Ng\u00e0y 20 Th\u00e1ng 11 T\u1ea1i Th\u1ea1nh Ph\u00fa<\/a>.\u00a0 \u00a0,\u00a0 \u00a0<a href=\"https:\/\/shophoabentre.com\/dat-hoa-ngay-20-thang-11-tai-ba-tri\/\" target=\"_blank\" rel=\"noopener\">\u0110\u1eb7t Hoa Ng\u00e0y 20 Th\u00e1ng 11 T\u1ea1i Ba Tri<\/a><\/span><\/p>\n<div><span style=\"font-size: 120%;\"><b>Nh\u1eefng d\u1ecbch v\u1ee5 c\u1ee7a shop hoa t\u01b0\u01a1i c\u1ee7a ch\u00fang t\u00f4i<\/b><\/span><br \/>\n<span style=\"font-size: 120%;\">&#8211; Giao Hoa T\u1eadn N\u01a1i<\/span><br \/>\n<span style=\"font-size: 120%;\">&#8211; C\u00f3\u00a0<b>H\u00f3a \u0110\u01a1n \u0110\u1ecf<\/b>\u00a0Vat ( hoa \u0111\u01a1n \u0111i\u1ec7n t\u1eed )<\/span><br \/>\n<span style=\"font-size: 120%;\">&#8211; Ch\u1ee5p \u1ea2nh tr\u01b0\u1edbc khi giaoxem th\u00eam &gt;&gt;\u00a0<a href=\"https:\/\/shophoatuoidep.net\/danh-muc\/hoa-sinh-nhat-15\" target=\"_blank\" rel=\"noopener\">hoa sinh nh\u1eadt<\/a>,\u00a0<a href=\"https:\/\/shophoatuoidep.net\/danh-muc\/hoa-khai-truong-13\" target=\"_blank\" rel=\"noopener\">hoa khai tr\u01b0\u01a1ng<\/a>,\u00a0<a href=\"https:\/\/shophoatuoidep.net\/danh-muc\/hoa-chia-buon-7\" target=\"_blank\" rel=\"noopener\">hoa chia bu\u1ed3n<\/a>\u00a0,<\/span><\/div>\n<div><\/div>\n<div><span style=\"font-size: 120%;\"><a href=\"https:\/\/dienhoa24gio.net\/\" target=\"_blank\" rel=\"noopener\">\u00a0\u0111i\u1ec7n hoa 24gio\u00a0<\/a>.<a href=\"https:\/\/shopbanhoa.com\/\" target=\"_blank\" rel=\"noopener\">\u00a0shop hoa t\u01b0\u01a1i\u00a0<\/a>,\u00a0<a href=\"https:\/\/diachishophoa.com\/\" target=\"_blank\" rel=\"noopener\">shop hoa t\u01b0\u01a1i<\/a><\/span><\/div>\n","protected":false},"excerpt":{"rendered":"<p><span id=\"input_part_0\" class=\"\" data-mention=\"&quot;K\u1ec7 Hoa Tang T\u00ean V\u1ec1 V\u1edbi C\u1ed9i Ngu\u1ed3n: S\u1ef1 T\u00f4n K\u00ednh V\u00e0 Tri \u00c2n \u0110\u1ebfn Ng\u01b0\u1eddi \u0110\u00e3 Qua \u0110\u1eddi&quot;\">K\u1ec7 Hoa Tang T\u00ean V\u1ec1 V\u1edbi C\u1ed9i Ngu\u1ed3n: S\u1ef1 T\u00f4n K\u00ednh V\u00e0 Tri \u00c2n \u0110\u1ebfn Ng\u01b0\u1eddi \u0110\u00e3 Qua \u0110\u1eddi<\/span><\/p>\n","protected":false},"featured_media":241,"comment_status":"open","ping_status":"closed","template":"","meta":[],"product_brand":[],"product_cat":[39],"product_tag":[44,45,42,48],"class_list":{"0":"post-240","1":"product","2":"type-product","3":"status-publish","4":"has-post-thumbnail","6":"product_cat-hoa-chia-buon","7":"product_tag-dat-hoa-vieng-tang-le","8":"product_tag-dat-vong-hoa-tang-le","9":"product_tag-hoa-hop-go","10":"product_tag-ve-voi-coi-nguon","12":"first","13":"instock","14":"shipping-taxable","15":"purchasable","16":"product-type-simple"},"_links":{"self":[{"href":"https:\/\/shophoabentre.com\/index.php?rest_route=\/wp\/v2\/product\/240","targetHints":{"allow":["GET"]}}],"collection":[{"href":"https:\/\/shophoabentre.com\/index.php?rest_route=\/wp\/v2\/product"}],"about":[{"href":"https:\/\/shophoabentre.com\/index.php?rest_route=\/wp\/v2\/types\/product"}],"replies":[{"embeddable":true,"href":"https:\/\/shophoabentre.com\/index.php?rest_route=%2Fwp%2Fv2%2Fcomments&post=240"}],"wp:featuredmedia":[{"embeddable":true,"href":"https:\/\/shophoabentre.com\/index.php?rest_route=\/wp\/v2\/media\/241"}],"wp:attachment":[{"href":"https:\/\/shophoabentre.com\/index.php?rest_route=%2Fwp%2Fv2%2Fmedia&parent=240"}],"wp:term":[{"taxonomy":"product_brand","embeddable":true,"href":"https:\/\/shophoabentre.com\/index.php?rest_route=%2Fwp%2Fv2%2Fproduct_brand&post=240"},{"taxonomy":"product_cat","embeddable":true,"href":"https:\/\/shophoabentre.com\/index.php?rest_route=%2Fwp%2Fv2%2Fproduct_cat&post=240"},{"taxonomy":"product_tag","embeddable":true,"href":"https:\/\/shophoabentre.com\/index.php?rest_route=%2Fwp%2Fv2%2Fproduct_tag&post=240"}],"curies":[{"name":"wp","href":"https:\/\/api.w.org\/{rel}","templated":true}]}}