{"id":238,"date":"2021-06-30T01:32:00","date_gmt":"2021-06-30T01:32:00","guid":{"rendered":"https:\/\/shophoabentre.com\/?post_type=product&#038;p=238"},"modified":"2026-05-04T18:10:05","modified_gmt":"2026-05-04T18:10:05","slug":"luyen-tiec","status":"publish","type":"product","link":"https:\/\/shophoabentre.com\/?product=luyen-tiec","title":{"rendered":"LUY\u1ebeN TI\u1ebeC"},"content":{"rendered":"<h2 id=\"input_line_0\" style=\"text-align: center;\"><strong><span id=\"input_part_0\" class=\"\" style=\"font-size: 120%;\" data-mention=\"M\u1eabu K\u1ec7 Hoa Tang T\u00ean Luy\u1ebfn Ti\u1ebfc \u0110\u1ed9c \u0110\u00e1o V\u00e0 \u00dd Ngh\u0129a Cho Ng\u00e0y V\u0129nh Bi\u1ec7t&quot;\">M\u1eabu K\u1ec7 Hoa Tang T\u00ean Luy\u1ebfn Ti\u1ebfc \u0110\u1ed9c \u0110\u00e1o V\u00e0 \u00dd Ngh\u0129a Cho Ng\u00e0y V\u0129nh Bi\u1ec7t<\/span><\/strong><\/h2>\n<div id=\"input_line_1\"><\/div>\n<div id=\"input_line_2\">\n<\/div>\n<div id=\"input_line_3\"><span id=\"input_part_0\" class=\"\" style=\"font-size: 120%;\" data-mention=\"&quot;Kh\u00e1m ph\u00e1 nh\u1eefng m\u1eabu k\u1ec7 hoa tang t\u00ean Luy\u1ebfn Ti\u1ebfc \u0111\u1eb9p v\u00e0 \u00fd ngh\u0129a. \u0110\u01b0\u1ee3c thi\u1ebft k\u1ebf tinh t\u1ebf, k\u1ec7 hoa tang n\u00e0y l\u00e0 c\u00e1ch ho\u00e0n h\u1ea3o \u0111\u1ec3 th\u1ec3 hi\u1ec7n s\u1ef1 t\u00f4n k\u00ednh v\u00e0 chia bu\u1ed3n trong ng\u00e0y v\u0129nh bi\u1ec7t.&quot;\">&#8220;Kh\u00e1m ph\u00e1 nh\u1eefng m\u1eabu k\u1ec7 hoa tang t\u00ean Luy\u1ebfn Ti\u1ebfc \u0111\u1eb9p v\u00e0 \u00fd ngh\u0129a. \u0110\u01b0\u1ee3c thi\u1ebft k\u1ebf tinh t\u1ebf, k\u1ec7 hoa tang n\u00e0y l\u00e0 c\u00e1ch ho\u00e0n h\u1ea3o \u0111\u1ec3 th\u1ec3 hi\u1ec7n s\u1ef1 t\u00f4n k\u00ednh v\u00e0 chia bu\u1ed3n trong ng\u00e0y v\u0129nh bi\u1ec7t.&#8221;<\/span><\/div>\n<div id=\"input_line_4\"><\/div>\n<div id=\"input_line_5\"><\/div>\n<div id=\"input_line_6\"><span id=\"input_part_0\" class=\"\" style=\"font-size: 120%;\" data-mention=\"K\u1ec7 hoa tang l\u00e0 m\u1ed9t ph\u1ea7n kh\u00f4ng th\u1ec3 thi\u1ebfu trong c\u00e1c l\u1ec5 tang, mang \u00fd ngh\u0129a ti\u1ec5n bi\u1ec7t ng\u01b0\u1eddi \u0111\u00e3 khu\u1ea5t v\u00e0 g\u1eedi l\u1eddi chia bu\u1ed3n s\u00e2u s\u1eafc t\u1edbi gia \u0111\u00ecnh. Trong s\u1ed1 nhi\u1ec1u m\u1eabu k\u1ec7 hoa tang, k\u1ec7 hoa mang t\u00ean &quot;Luy\u1ebfn Ti\u1ebfc&quot; n\u1ed5i b\u1eadt b\u1edfi s\u1ef1 tinh t\u1ebf v\u00e0 \u00fd ngh\u0129a s\u00e2u s\u1eafc m\u00e0 n\u00f3 mang l\u1ea1i.\">K\u1ec7 hoa tang l\u00e0 m\u1ed9t ph\u1ea7n kh\u00f4ng th\u1ec3 thi\u1ebfu trong c\u00e1c l\u1ec5 tang, mang \u00fd ngh\u0129a ti\u1ec5n bi\u1ec7t ng\u01b0\u1eddi \u0111\u00e3 khu\u1ea5t v\u00e0 g\u1eedi l\u1eddi chia bu\u1ed3n s\u00e2u s\u1eafc t\u1edbi gia \u0111\u00ecnh. Trong s\u1ed1 nhi\u1ec1u m\u1eabu k\u1ec7 hoa tang, k\u1ec7 hoa mang t\u00ean &#8220;Luy\u1ebfn Ti\u1ebfc&#8221; n\u1ed5i b\u1eadt b\u1edfi s\u1ef1 tinh t\u1ebf v\u00e0 \u00fd ngh\u0129a s\u00e2u s\u1eafc m\u00e0 n\u00f3 mang l\u1ea1i.<\/span><\/div>\n<div id=\"input_line_7\"><\/div>\n<div id=\"input_line_8\"><span id=\"input_part_0\" class=\"\" style=\"font-size: 120%;\" data-mention=\"K\u1ec7 hoa tang t\u00ean Luy\u1ebfn Ti\u1ebfc \u0111\u01b0\u1ee3c thi\u1ebft k\u1ebf \u0111\u1eb7c bi\u1ec7t \u0111\u1ec3 truy\u1ec1n t\u1ea3i th\u00f4ng \u0111i\u1ec7p v\u1ec1 s\u1ef1 m\u1ea5t m\u00e1t, ni\u1ec1m ti\u1ebfc th\u01b0\u01a1ng v\u00e0 l\u00f2ng k\u00ednh tr\u1ecdng \u0111\u1ed1i v\u1edbi ng\u01b0\u1eddi \u0111\u00e3 ra \u0111i. M\u1ed7i b\u00f4ng hoa, m\u1ed7i nh\u00e0nh l\u00e1 \u0111\u1ec1u \u0111\u01b0\u1ee3c ch\u1ecdn l\u1ef1a v\u00e0 s\u1eafp x\u1ebfp c\u1ea9n th\u1eadn, th\u1ec3 hi\u1ec7n t\u00ecnh c\u1ea3m ch\u00e2n th\u00e0nh v\u00e0 s\u1ef1 t\u01b0\u1edfng nh\u1edb.\">K\u1ec7 hoa tang t\u00ean Luy\u1ebfn Ti\u1ebfc \u0111\u01b0\u1ee3c thi\u1ebft k\u1ebf \u0111\u1eb7c bi\u1ec7t \u0111\u1ec3 truy\u1ec1n t\u1ea3i th\u00f4ng \u0111i\u1ec7p v\u1ec1 s\u1ef1 m\u1ea5t m\u00e1t, ni\u1ec1m ti\u1ebfc th\u01b0\u01a1ng v\u00e0 l\u00f2ng k\u00ednh tr\u1ecdng \u0111\u1ed1i v\u1edbi ng\u01b0\u1eddi \u0111\u00e3 ra \u0111i. M\u1ed7i b\u00f4ng hoa, m\u1ed7i nh\u00e0nh l\u00e1 \u0111\u1ec1u \u0111\u01b0\u1ee3c ch\u1ecdn l\u1ef1a v\u00e0 s\u1eafp x\u1ebfp c\u1ea9n th\u1eadn, th\u1ec3 hi\u1ec7n t\u00ecnh c\u1ea3m ch\u00e2n th\u00e0nh v\u00e0 s\u1ef1 t\u01b0\u1edfng nh\u1edb.<\/span><\/div>\n<div id=\"input_line_9\"><\/div>\n<div id=\"input_line_10\"><span style=\"font-size: 120%;\"><strong><span id=\"input_part_0\" class=\"\" data-mention=\"Thi\u1ebft K\u1ebf Tinh T\u1ebf V\u00e0 \u00dd Ngh\u0129a\">Thi\u1ebft K\u1ebf Tinh T\u1ebf V\u00e0 \u00dd Ngh\u0129a<\/span><\/strong><\/span><\/div>\n<div id=\"input_line_11\"><span id=\"input_part_0\" class=\"\" style=\"font-size: 120%;\" data-mention=\"K\u1ec7 hoa tang Luy\u1ebfn Ti\u1ebfc th\u01b0\u1eddng \u0111\u01b0\u1ee3c thi\u1ebft k\u1ebf v\u1edbi gam m\u00e0u ch\u1ee7 \u0111\u1ea1o l\u00e0 tr\u1eafng, t\u00edm v\u00e0 h\u1ed3ng nh\u1ea1t - nh\u1eefng m\u00e0u s\u1eafc t\u01b0\u1ee3ng tr\u01b0ng cho s\u1ef1 trong s\u00e1ng, b\u00ecnh y\u00ean v\u00e0 l\u00f2ng tri \u00e2n. Hoa ly tr\u1eafng, hoa h\u1ed3ng t\u00edm v\u00e0 c\u1ea9m ch\u01b0\u1edbng h\u1ed3ng l\u00e0 nh\u1eefng lo\u1ea1i hoa th\u01b0\u1eddng \u0111\u01b0\u1ee3c s\u1eed d\u1ee5ng, m\u1ed7i lo\u1ea1i \u0111\u1ec1u mang m\u1ed9t \u00fd ngh\u0129a ri\u00eang. Hoa ly tr\u1eafng th\u1ec3 hi\u1ec7n s\u1ef1 trong tr\u1eafng v\u00e0 tinh khi\u1ebft, hoa h\u1ed3ng t\u00edm bi\u1ec3u tr\u01b0ng cho l\u00f2ng trung th\u00e0nh v\u00e0 t\u00f4n k\u00ednh, c\u00f2n c\u1ea9m ch\u01b0\u1edbng h\u1ed3ng \u0111\u1ea1i di\u1ec7n cho t\u00ecnh c\u1ea3m s\u00e2u s\u1eafc v\u00e0 ni\u1ec1m ti\u1ebfc th\u01b0\u01a1ng v\u00f4 h\u1ea1n.\">K\u1ec7 hoa tang Luy\u1ebfn Ti\u1ebfc th\u01b0\u1eddng \u0111\u01b0\u1ee3c thi\u1ebft k\u1ebf v\u1edbi gam m\u00e0u ch\u1ee7 \u0111\u1ea1o l\u00e0 tr\u1eafng, t\u00edm v\u00e0 h\u1ed3ng nh\u1ea1t &#8211; nh\u1eefng m\u00e0u s\u1eafc t\u01b0\u1ee3ng tr\u01b0ng cho s\u1ef1 trong s\u00e1ng, b\u00ecnh y\u00ean v\u00e0 l\u00f2ng tri \u00e2n. Hoa ly tr\u1eafng, hoa h\u1ed3ng t\u00edm v\u00e0 c\u1ea9m ch\u01b0\u1edbng h\u1ed3ng l\u00e0 nh\u1eefng lo\u1ea1i hoa th\u01b0\u1eddng \u0111\u01b0\u1ee3c s\u1eed d\u1ee5ng, m\u1ed7i lo\u1ea1i \u0111\u1ec1u mang m\u1ed9t \u00fd ngh\u0129a ri\u00eang. Hoa ly tr\u1eafng th\u1ec3 hi\u1ec7n s\u1ef1 trong tr\u1eafng v\u00e0 tinh khi\u1ebft, hoa h\u1ed3ng t\u00edm bi\u1ec3u tr\u01b0ng cho l\u00f2ng trung th\u00e0nh v\u00e0 t\u00f4n k\u00ednh, c\u00f2n c\u1ea9m ch\u01b0\u1edbng h\u1ed3ng \u0111\u1ea1i di\u1ec7n cho t\u00ecnh c\u1ea3m s\u00e2u s\u1eafc v\u00e0 ni\u1ec1m ti\u1ebfc th\u01b0\u01a1ng v\u00f4 h\u1ea1n.<\/span><\/div>\n<div id=\"input_line_12\"><\/div>\n<div id=\"input_line_13\"><span style=\"font-size: 120%;\"><strong><span id=\"input_part_0\" class=\"\" data-mention=\"V\u1eadt Li\u1ec7u Ch\u1ea5t L\u01b0\u1ee3ng Cao\">V\u1eadt Li\u1ec7u Ch\u1ea5t L\u01b0\u1ee3ng Cao<\/span><\/strong><\/span><\/div>\n<div id=\"input_line_14\"><span id=\"input_part_0\" class=\"\" style=\"font-size: 120%;\" data-mention=\"K\u1ec7 hoa tang Luy\u1ebfn Ti\u1ebfc kh\u00f4ng ch\u1ec9 ch\u00fa tr\u1ecdng \u0111\u1ebfn vi\u1ec7c l\u1ef1a ch\u1ecdn hoa m\u00e0 c\u00f2n quan t\u00e2m \u0111\u1ebfn ch\u1ea5t l\u01b0\u1ee3ng c\u1ee7a c\u00e1c v\u1eadt li\u1ec7u kh\u00e1c. Khung k\u1ec7 \u0111\u01b0\u1ee3c l\u00e0m t\u1eeb c\u00e1c v\u1eadt li\u1ec7u ch\u1eafc ch\u1eafn nh\u01b0 g\u1ed7 ho\u1eb7c kim lo\u1ea1i, \u0111\u1ea3m b\u1ea3o \u0111\u1ed9 b\u1ec1n v\u00e0 s\u1ef1 v\u1eefng ch\u1eafc. C\u00e1c ph\u1ee5 ki\u1ec7n trang tr\u00ed nh\u01b0 d\u00e2y ruy b\u0103ng, l\u01b0\u1edbi hoa v\u00e0 thi\u1ec7p chia bu\u1ed3n c\u0169ng \u0111\u01b0\u1ee3c ch\u1ecdn l\u1ef1a k\u1ef9 l\u01b0\u1ee1ng, t\u1ea1o n\u00ean t\u1ed5ng th\u1ec3 h\u00e0i h\u00f2a v\u00e0 trang tr\u1ecdng.\">K\u1ec7 hoa tang Luy\u1ebfn Ti\u1ebfc kh\u00f4ng ch\u1ec9 ch\u00fa tr\u1ecdng \u0111\u1ebfn vi\u1ec7c l\u1ef1a ch\u1ecdn hoa m\u00e0 c\u00f2n quan t\u00e2m \u0111\u1ebfn ch\u1ea5t l\u01b0\u1ee3ng c\u1ee7a c\u00e1c v\u1eadt li\u1ec7u kh\u00e1c. Khung k\u1ec7 \u0111\u01b0\u1ee3c l\u00e0m t\u1eeb c\u00e1c v\u1eadt li\u1ec7u ch\u1eafc ch\u1eafn nh\u01b0 g\u1ed7 ho\u1eb7c kim lo\u1ea1i, \u0111\u1ea3m b\u1ea3o \u0111\u1ed9 b\u1ec1n v\u00e0 s\u1ef1 v\u1eefng ch\u1eafc. C\u00e1c ph\u1ee5 ki\u1ec7n trang tr\u00ed nh\u01b0 d\u00e2y ruy b\u0103ng, l\u01b0\u1edbi hoa v\u00e0 thi\u1ec7p chia bu\u1ed3n c\u0169ng \u0111\u01b0\u1ee3c ch\u1ecdn l\u1ef1a k\u1ef9 l\u01b0\u1ee1ng, t\u1ea1o n\u00ean t\u1ed5ng th\u1ec3 h\u00e0i h\u00f2a v\u00e0 trang tr\u1ecdng.<\/span><\/div>\n<div id=\"input_line_15\"><\/div>\n<div id=\"input_line_25\"><\/div>\n<p><span style=\"font-size: 120%;\"><img loading=\"lazy\" decoding=\"async\" class=\"wp-image-239 size-full aligncenter\" src=\"http:\/\/shophoabentre.com\/wp-content\/uploads\/2021\/06\/z2518289401429_1e80ab1b3f9dc432cb9decf208cced96.jpg\" alt=\"\" width=\"527\" height=\"650\" srcset=\"https:\/\/shophoabentre.com\/wp-content\/uploads\/2021\/06\/z2518289401429_1e80ab1b3f9dc432cb9decf208cced96.jpg 527w, https:\/\/shophoabentre.com\/wp-content\/uploads\/2021\/06\/z2518289401429_1e80ab1b3f9dc432cb9decf208cced96-243x300.jpg 243w, https:\/\/shophoabentre.com\/wp-content\/uploads\/2021\/06\/z2518289401429_1e80ab1b3f9dc432cb9decf208cced96-510x629.jpg 510w, https:\/\/shophoabentre.com\/wp-content\/uploads\/2021\/06\/z2518289401429_1e80ab1b3f9dc432cb9decf208cced96-49x60.jpg 49w\" sizes=\"auto, (max-width: 527px) 100vw, 527px\" \/><\/span><\/p>\n<div id=\"input_line_16\"><span style=\"font-size: 120%;\"><strong><span id=\"input_part_0\" class=\"\" data-mention=\"S\u1ef1 C\u00e1 Nh\u00e2n H\u00f3a\">S\u1ef1 C\u00e1 Nh\u00e2n H\u00f3a<\/span><\/strong><\/span><\/div>\n<div id=\"input_line_17\"><span id=\"input_part_0\" class=\"\" style=\"font-size: 120%;\" data-mention=\"M\u1ed9t trong nh\u1eefng \u0111i\u1ec3m \u0111\u1eb7c bi\u1ec7t c\u1ee7a k\u1ec7 hoa tang Luy\u1ebfn Ti\u1ebfc l\u00e0 kh\u1ea3 n\u0103ng c\u00e1 nh\u00e2n h\u00f3a theo y\u00eau c\u1ea7u c\u1ee7a kh\u00e1ch h\u00e0ng. B\u1ea1n c\u00f3 th\u1ec3 y\u00eau c\u1ea7u thay \u0111\u1ed5i lo\u1ea1i hoa, m\u00e0u s\u1eafc ho\u1eb7c th\u00eam v\u00e0o nh\u1eefng chi ti\u1ebft ri\u00eang bi\u1ec7t nh\u01b0 t\u00ean ng\u01b0\u1eddi \u0111\u00e3 khu\u1ea5t, th\u00f4ng \u0111i\u1ec7p chia bu\u1ed3n hay h\u00ecnh \u1ea3nh k\u1ef7 ni\u1ec7m. \u0110i\u1ec1u n\u00e0y gi\u00fap k\u1ec7 hoa tr\u1edf n\u00ean \u00fd ngh\u0129a v\u00e0 g\u1eafn k\u1ebft h\u01a1n v\u1edbi ng\u01b0\u1eddi nh\u1eadn, th\u1ec3 hi\u1ec7n s\u1ef1 quan t\u00e2m v\u00e0 l\u00f2ng th\u00e0nh k\u00ednh t\u1eeb t\u1eadn \u0111\u00e1y l\u00f2ng.\">M\u1ed9t trong nh\u1eefng \u0111i\u1ec3m \u0111\u1eb7c bi\u1ec7t c\u1ee7a k\u1ec7 hoa tang Luy\u1ebfn Ti\u1ebfc l\u00e0 kh\u1ea3 n\u0103ng c\u00e1 nh\u00e2n h\u00f3a theo y\u00eau c\u1ea7u c\u1ee7a kh\u00e1ch h\u00e0ng. B\u1ea1n c\u00f3 th\u1ec3 y\u00eau c\u1ea7u thay \u0111\u1ed5i lo\u1ea1i hoa, m\u00e0u s\u1eafc ho\u1eb7c th\u00eam v\u00e0o nh\u1eefng chi ti\u1ebft ri\u00eang bi\u1ec7t nh\u01b0 t\u00ean ng\u01b0\u1eddi \u0111\u00e3 khu\u1ea5t, th\u00f4ng \u0111i\u1ec7p chia bu\u1ed3n hay h\u00ecnh \u1ea3nh k\u1ef7 ni\u1ec7m. \u0110i\u1ec1u n\u00e0y gi\u00fap k\u1ec7 hoa tr\u1edf n\u00ean \u00fd ngh\u0129a v\u00e0 g\u1eafn k\u1ebft h\u01a1n v\u1edbi ng\u01b0\u1eddi nh\u1eadn, th\u1ec3 hi\u1ec7n s\u1ef1 quan t\u00e2m v\u00e0 l\u00f2ng th\u00e0nh k\u00ednh t\u1eeb t\u1eadn \u0111\u00e1y l\u00f2ng.<\/span><\/div>\n<div id=\"input_line_18\"><\/div>\n<div id=\"input_line_19\"><span style=\"font-size: 120%;\"><strong><span id=\"input_part_0\" class=\"\" data-mention=\"D\u1ecbch V\u1ee5 Chuy\u00ean Nghi\u1ec7p\">D\u1ecbch V\u1ee5 Chuy\u00ean Nghi\u1ec7p<\/span><\/strong><\/span><\/div>\n<div id=\"input_line_20\"><span id=\"input_part_0\" class=\"\" style=\"font-size: 120%;\" data-mention=\"C\u00e1c \u0111\u01a1n v\u1ecb cung c\u1ea5p k\u1ec7 hoa tang Luy\u1ebfn Ti\u1ebfc th\u01b0\u1eddng c\u00f3 \u0111\u1ed9i ng\u0169 nh\u00e2n vi\u00ean gi\u00e0u kinh nghi\u1ec7m v\u00e0 t\u1eadn t\u00e2m. H\u1ecd kh\u00f4ng ch\u1ec9 h\u1ed7 tr\u1ee3 b\u1ea1n trong vi\u1ec7c ch\u1ecdn l\u1ef1a m\u1eabu k\u1ec7 hoa ph\u00f9 h\u1ee3p m\u00e0 c\u00f2n t\u01b0 v\u1ea5n v\u1ec1 c\u00e1ch s\u1eafp x\u1ebfp, b\u1ea3o qu\u1ea3n hoa v\u00e0 c\u00e1c d\u1ecbch v\u1ee5 \u0111i k\u00e8m nh\u01b0 giao hoa t\u1eadn n\u01a1i, t\u1ed5 ch\u1ee9c l\u1ec5 tang. S\u1ef1 chuy\u00ean nghi\u1ec7p v\u00e0 t\u1eadn t\u00e2m c\u1ee7a h\u1ecd s\u1ebd gi\u00fap b\u1ea1n y\u00ean t\u00e2m h\u01a1n trong kho\u1ea3ng th\u1eddi gian kh\u00f3 kh\u0103n n\u00e0y.\">C\u00e1c \u0111\u01a1n v\u1ecb cung c\u1ea5p k\u1ec7 hoa tang Luy\u1ebfn Ti\u1ebfc th\u01b0\u1eddng c\u00f3 \u0111\u1ed9i ng\u0169 nh\u00e2n vi\u00ean gi\u00e0u kinh nghi\u1ec7m v\u00e0 t\u1eadn t\u00e2m. H\u1ecd kh\u00f4ng ch\u1ec9 h\u1ed7 tr\u1ee3 b\u1ea1n trong vi\u1ec7c ch\u1ecdn l\u1ef1a m\u1eabu k\u1ec7 hoa ph\u00f9 h\u1ee3p m\u00e0 c\u00f2n t\u01b0 v\u1ea5n v\u1ec1 c\u00e1ch s\u1eafp x\u1ebfp, b\u1ea3o qu\u1ea3n hoa v\u00e0 c\u00e1c d\u1ecbch v\u1ee5 \u0111i k\u00e8m nh\u01b0 giao hoa t\u1eadn n\u01a1i, t\u1ed5 ch\u1ee9c l\u1ec5 tang. S\u1ef1 chuy\u00ean nghi\u1ec7p v\u00e0 t\u1eadn t\u00e2m c\u1ee7a h\u1ecd s\u1ebd gi\u00fap b\u1ea1n y\u00ean t\u00e2m h\u01a1n trong kho\u1ea3ng th\u1eddi gian kh\u00f3 kh\u0103n n\u00e0y.<\/span><\/div>\n<div id=\"input_line_22\"><\/div>\n<div id=\"input_line_23\"><span id=\"input_part_0\" class=\"\" style=\"font-size: 120%;\" data-mention=\"K\u1ec7 hoa tang t\u00ean Luy\u1ebfn Ti\u1ebfc kh\u00f4ng ch\u1ec9 l\u00e0 m\u1ed9t s\u1ea3n ph\u1ea9m hoa tang th\u00f4ng th\u01b0\u1eddng m\u00e0 c\u00f2n l\u00e0 m\u1ed9t th\u00f4ng \u0111i\u1ec7p t\u00ecnh c\u1ea3m, m\u1ed9t l\u1eddi tri \u00e2n s\u00e2u s\u1eafc t\u1edbi ng\u01b0\u1eddi \u0111\u00e3 khu\u1ea5t. V\u1edbi thi\u1ebft k\u1ebf tinh t\u1ebf, \u00fd ngh\u0129a s\u00e2u s\u1eafc v\u00e0 s\u1ef1 chuy\u00ean nghi\u1ec7p trong d\u1ecbch v\u1ee5, k\u1ec7 hoa tang Luy\u1ebfn Ti\u1ebfc ch\u1eafc ch\u1eafn s\u1ebd l\u00e0 s\u1ef1 l\u1ef1a ch\u1ecdn ho\u00e0n h\u1ea3o \u0111\u1ec3 b\u1ea1n g\u1eedi g\u1eafm t\u00ecnh c\u1ea3m v\u00e0 l\u00f2ng k\u00ednh tr\u1ecdng trong ng\u00e0y v\u0129nh bi\u1ec7t.\">K\u1ec7 hoa tang t\u00ean Luy\u1ebfn Ti\u1ebfc kh\u00f4ng ch\u1ec9 l\u00e0 m\u1ed9t s\u1ea3n ph\u1ea9m hoa tang th\u00f4ng th\u01b0\u1eddng m\u00e0 c\u00f2n l\u00e0 m\u1ed9t th\u00f4ng \u0111i\u1ec7p t\u00ecnh c\u1ea3m, m\u1ed9t l\u1eddi tri \u00e2n s\u00e2u s\u1eafc t\u1edbi ng\u01b0\u1eddi \u0111\u00e3 khu\u1ea5t. V\u1edbi thi\u1ebft k\u1ebf tinh t\u1ebf, \u00fd ngh\u0129a s\u00e2u s\u1eafc v\u00e0 s\u1ef1 chuy\u00ean nghi\u1ec7p trong d\u1ecbch v\u1ee5, k\u1ec7 hoa tang Luy\u1ebfn Ti\u1ebfc ch\u1eafc ch\u1eafn s\u1ebd l\u00e0 s\u1ef1 l\u1ef1a ch\u1ecdn ho\u00e0n h\u1ea3o \u0111\u1ec3 b\u1ea1n g\u1eedi g\u1eafm t\u00ecnh c\u1ea3m v\u00e0 l\u00f2ng k\u00ednh tr\u1ecdng trong ng\u00e0y v\u0129nh bi\u1ec7t.<\/span><\/div>\n<div id=\"input_line_24\"><\/div>\n<div id=\"input_line_25\"><span class=\"\" style=\"font-size: 120%;\" data-mention=\"H\u00e3y \u0111\u1ec3 k\u1ec7 hoa tang Luy\u1ebfn Ti\u1ebfc tr\u1edf th\u00e0nh c\u1ea7u n\u1ed1i t\u00ecnh c\u1ea3m, gi\u00fap b\u1ea1n truy\u1ec1n t\u1ea3i nh\u1eefng c\u1ea3m x\u00fac kh\u00f3 n\u00f3i th\u00e0nh l\u1eddi t\u1edbi ng\u01b0\u1eddi \u0111\u00e3 ra \u0111i v\u00e0 gia \u0111\u00ecnh h\u1ecd. Trong nh\u1eefng l\u00fac kh\u00f3 kh\u0103n nh\u1ea5t, m\u1ed9t k\u1ec7 hoa tang \u0111\u1eb9p v\u00e0 \u00fd ngh\u0129a s\u1ebd l\u00e0 ngu\u1ed3n \u0111\u1ed9ng vi\u00ean tinh th\u1ea7n l\u1edbn lao, mang l\u1ea1i s\u1ef1 an \u1ee7i v\u00e0 b\u00ecnh y\u00ean cho t\u1ea5t c\u1ea3 m\u1ecdi ng\u01b0\u1eddi.\"><span class=\"\" style=\"font-size: 120%;\" data-mention=\"H\u00e3y \u0111\u1ec3 k\u1ec7 hoa tang Luy\u1ebfn Ti\u1ebfc tr\u1edf th\u00e0nh c\u1ea7u n\u1ed1i t\u00ecnh c\u1ea3m, gi\u00fap b\u1ea1n truy\u1ec1n t\u1ea3i nh\u1eefng c\u1ea3m x\u00fac kh\u00f3 n\u00f3i th\u00e0nh l\u1eddi t\u1edbi ng\u01b0\u1eddi \u0111\u00e3 ra \u0111i v\u00e0 gia \u0111\u00ecnh h\u1ecd. Trong nh\u1eefng l\u00fac kh\u00f3 kh\u0103n nh\u1ea5t, m\u1ed9t k\u1ec7 hoa tang \u0111\u1eb9p v\u00e0 \u00fd ngh\u0129a s\u1ebd l\u00e0 ngu\u1ed3n \u0111\u1ed9ng vi\u00ean tinh th\u1ea7n l\u1edbn lao, mang l\u1ea1i s\u1ef1 an \u1ee7i v\u00e0 b\u00ecnh y\u00ean cho t\u1ea5t c\u1ea3 m\u1ecdi ng\u01b0\u1eddi.\"><a href=\"https:\/\/shophoabentre.com\/dat-hoa-le-tinh-nhan-tai-tp-ben-tre\/\" target=\"_blank\" rel=\"noopener\">\u0110\u1eb7t Hoa L\u1ec5 T\u00ecnh Nh\u00e2n T\u1ea1i Tp B\u1ebfn Tre<\/a>.\u00a0 ,\u00a0 \u00a0<a href=\"https:\/\/shophoabentre.com\/dat-hoa-ngay-20-thang-11-tai-mo-cay-bac\/\" target=\"_blank\" rel=\"noopener\">\u0110\u1eb7t Hoa Ng\u00e0y 20 Th\u00e1ng 11 T\u1ea1i M\u1ecf C\u00e0y B\u1eafc<\/a><\/p>\n<p><\/span><\/span><\/p>\n<div><span style=\"font-size: 120%;\"><b>Nh\u1eefng d\u1ecbch v\u1ee5 c\u1ee7a shop hoa t\u01b0\u01a1i c\u1ee7a ch\u00fang t\u00f4i<\/b><\/span><br \/>\n<span style=\"font-size: 120%;\">&#8211; Giao Hoa T\u1eadn N\u01a1i<\/span><br \/>\n<span style=\"font-size: 120%;\">&#8211; C\u00f3\u00a0<b>H\u00f3a \u0110\u01a1n \u0110\u1ecf<\/b>\u00a0Vat ( hoa \u0111\u01a1n \u0111i\u1ec7n t\u1eed )<\/span><br \/>\n<span style=\"font-size: 120%;\">&#8211; Ch\u1ee5p \u1ea2nh tr\u01b0\u1edbc khi giaoxem th\u00eam &gt;&gt;\u00a0<a href=\"https:\/\/shophoatuoidep.net\/danh-muc\/hoa-sinh-nhat-15\" target=\"_blank\" rel=\"noopener\">hoa sinh nh\u1eadt<\/a>,\u00a0<a href=\"https:\/\/shophoatuoidep.net\/danh-muc\/hoa-khai-truong-13\" target=\"_blank\" rel=\"noopener\">hoa khai tr\u01b0\u01a1ng<\/a>,\u00a0<a href=\"https:\/\/shophoatuoidep.net\/danh-muc\/hoa-chia-buon-7\" target=\"_blank\" rel=\"noopener\">hoa chia bu\u1ed3n<\/a>\u00a0,<\/span><\/div>\n<div><\/div>\n<div><span style=\"font-size: 120%;\"><a href=\"https:\/\/dienhoa24gio.net\/\" target=\"_blank\" rel=\"noopener\">\u00a0\u0111i\u1ec7n hoa 24gio\u00a0<\/a>.<a href=\"https:\/\/shopbanhoa.com\/\" target=\"_blank\" rel=\"noopener\">\u00a0shop hoa t\u01b0\u01a1i\u00a0<\/a>,\u00a0<a href=\"https:\/\/diachishophoa.com\/\" target=\"_blank\" rel=\"noopener\">shop hoa t\u01b0\u01a1i<\/a><\/span><\/div>\n<p><span id=\"input_part_0\" class=\"\" style=\"font-size: 120%;\" data-mention=\"H\u00e3y \u0111\u1ec3 k\u1ec7 hoa tang Luy\u1ebfn Ti\u1ebfc tr\u1edf th\u00e0nh c\u1ea7u n\u1ed1i t\u00ecnh c\u1ea3m, gi\u00fap b\u1ea1n truy\u1ec1n t\u1ea3i nh\u1eefng c\u1ea3m x\u00fac kh\u00f3 n\u00f3i th\u00e0nh l\u1eddi t\u1edbi ng\u01b0\u1eddi \u0111\u00e3 ra \u0111i v\u00e0 gia \u0111\u00ecnh h\u1ecd. Trong nh\u1eefng l\u00fac kh\u00f3 kh\u0103n nh\u1ea5t, m\u1ed9t k\u1ec7 hoa tang \u0111\u1eb9p v\u00e0 \u00fd ngh\u0129a s\u1ebd l\u00e0 ngu\u1ed3n \u0111\u1ed9ng vi\u00ean tinh th\u1ea7n l\u1edbn lao, mang l\u1ea1i s\u1ef1 an \u1ee7i v\u00e0 b\u00ecnh y\u00ean cho t\u1ea5t c\u1ea3 m\u1ecdi ng\u01b0\u1eddi.\"><br \/>\n<\/span><\/div>\n","protected":false},"excerpt":{"rendered":"<p><span id=\"input_part_0\" class=\"\" style=\"font-size: 120%;\" data-mention=\"M\u1eabu K\u1ec7 Hoa Tang T\u00ean Luy\u1ebfn Ti\u1ebfc \u0110\u1ed9c \u0110\u00e1o V\u00e0 \u00dd Ngh\u0129a Cho Ng\u00e0y V\u0129nh Bi\u1ec7t&quot;\">M\u1eabu K\u1ec7 Hoa Tang T\u00ean Luy\u1ebfn Ti\u1ebfc \u0110\u1ed9c \u0110\u00e1o V\u00e0 \u00dd Ngh\u0129a Cho Ng\u00e0y V\u0129nh Bi\u1ec7t<\/span><\/p>\n","protected":false},"featured_media":239,"comment_status":"open","ping_status":"closed","template":"","meta":[],"product_brand":[],"product_cat":[39],"product_tag":[45,42,40,47,46],"class_list":{"0":"post-238","1":"product","2":"type-product","3":"status-publish","4":"has-post-thumbnail","6":"product_cat-hoa-chia-buon","7":"product_tag-dat-vong-hoa-tang-le","8":"product_tag-hoa-hop-go","9":"product_tag-hoa-khai-truong","10":"product_tag-luyen-tiec","11":"product_tag-vong-hoa-tang-le","13":"first","14":"instock","15":"shipping-taxable","16":"purchasable","17":"product-type-simple"},"_links":{"self":[{"href":"https:\/\/shophoabentre.com\/index.php?rest_route=\/wp\/v2\/product\/238","targetHints":{"allow":["GET"]}}],"collection":[{"href":"https:\/\/shophoabentre.com\/index.php?rest_route=\/wp\/v2\/product"}],"about":[{"href":"https:\/\/shophoabentre.com\/index.php?rest_route=\/wp\/v2\/types\/product"}],"replies":[{"embeddable":true,"href":"https:\/\/shophoabentre.com\/index.php?rest_route=%2Fwp%2Fv2%2Fcomments&post=238"}],"wp:featuredmedia":[{"embeddable":true,"href":"https:\/\/shophoabentre.com\/index.php?rest_route=\/wp\/v2\/media\/239"}],"wp:attachment":[{"href":"https:\/\/shophoabentre.com\/index.php?rest_route=%2Fwp%2Fv2%2Fmedia&parent=238"}],"wp:term":[{"taxonomy":"product_brand","embeddable":true,"href":"https:\/\/shophoabentre.com\/index.php?rest_route=%2Fwp%2Fv2%2Fproduct_brand&post=238"},{"taxonomy":"product_cat","embeddable":true,"href":"https:\/\/shophoabentre.com\/index.php?rest_route=%2Fwp%2Fv2%2Fproduct_cat&post=238"},{"taxonomy":"product_tag","embeddable":true,"href":"https:\/\/shophoabentre.com\/index.php?rest_route=%2Fwp%2Fv2%2Fproduct_tag&post=238"}],"curies":[{"name":"wp","href":"https:\/\/api.w.org\/{rel}","templated":true}]}}