{"id":235,"date":"2021-06-30T01:24:53","date_gmt":"2021-06-30T01:24:53","guid":{"rendered":"https:\/\/shophoabentre.com\/?post_type=product&#038;p=235"},"modified":"2026-04-05T06:50:26","modified_gmt":"2026-04-05T06:50:26","slug":"vong-hoa-tang-le","status":"publish","type":"product","link":"https:\/\/shophoabentre.com\/?product=vong-hoa-tang-le","title":{"rendered":"V\u00f2ng Hoa Tang L\u1ec5"},"content":{"rendered":"<h1><strong>### V\u00f2ng Hoa Tang L\u1ec5: S\u1ef1 T\u00f4n K\u00ednh v\u00e0 Chia Bu\u1ed3n S\u00e2u S\u1eafc<\/strong><\/h1>\n<div><\/div>\n<div>**V\u00f2ng hoa tang l\u1ec5** l\u00e0 m\u1ed9t ph\u1ea7n kh\u00f4ng th\u1ec3 thi\u1ebfu trong c\u00e1c bu\u1ed5i l\u1ec5 tang, th\u1ec3 hi\u1ec7n l\u00f2ng k\u00ednh tr\u1ecdng, ti\u1ebfc th\u01b0\u01a1ng v\u00e0 chia bu\u1ed3n s\u00e2u s\u1eafc \u0111\u1ebfn ng\u01b0\u1eddi \u0111\u00e3 khu\u1ea5t v\u00e0 gia \u0111\u00ecnh h\u1ecd. T\u1ea1i c\u00e1c c\u1eeda h\u00e0ng hoa t\u01b0\u01a1i, v\u00f2ng hoa tang l\u1ec5 \u0111\u01b0\u1ee3c thi\u1ebft k\u1ebf tinh t\u1ebf v\u1edbi nhi\u1ec1u lo\u1ea1i hoa v\u00e0 phong c\u00e1ch kh\u00e1c nhau, ph\u00f9 h\u1ee3p v\u1edbi t\u1eebng nhu c\u1ea7u v\u00e0 s\u1edf th\u00edch c\u1ee7a ng\u01b0\u1eddi \u0111\u1eb7t.<\/div>\n<div><\/div>\n<div>#### \u00dd ngh\u0129a c\u1ee7a v\u00f2ng hoa tang l\u1ec5:<\/div>\n<div><\/div>\n<div>1. **L\u00f2ng k\u00ednh tr\u1ecdng v\u00e0 ti\u1ec5n bi\u1ec7t**:<\/div>\n<div>\u00a0 \u00a0&#8211; V\u00f2ng hoa tang l\u1ec5 th\u1ec3 hi\u1ec7n s\u1ef1 k\u00ednh tr\u1ecdng \u0111\u1ed1i v\u1edbi ng\u01b0\u1eddi \u0111\u00e3 khu\u1ea5t, \u0111\u1ed3ng th\u1eddi l\u00e0 l\u1eddi ti\u1ec5n bi\u1ec7t cu\u1ed1i c\u00f9ng.<\/div>\n<div><\/div>\n<div>2. **Chia bu\u1ed3n v\u00e0 an \u1ee7i**:<\/div>\n<div>\u00a0 \u00a0&#8211; G\u1eedi v\u00f2ng hoa tang l\u1ec5 \u0111\u1ebfn gia \u0111\u00ecnh ng\u01b0\u1eddi m\u1ea5t l\u00e0 m\u1ed9t c\u00e1ch \u0111\u1ec3 b\u00e0y t\u1ecf s\u1ef1 chia bu\u1ed3n v\u00e0 \u0111\u1ed3ng c\u1ea3m, an \u1ee7i h\u1ecd trong th\u1eddi gian kh\u00f3 kh\u0103n.<\/div>\n<div><\/div>\n<div>3. **T\u01b0\u1edfng nh\u1edb v\u00e0 tri \u00e2n**:<\/div>\n<div>\u00a0 \u00a0&#8211; V\u00f2ng hoa tang l\u1ec5 c\u0169ng l\u00e0 c\u00e1ch \u0111\u1ec3 t\u01b0\u1edfng nh\u1edb nh\u1eefng k\u1ef7 ni\u1ec7m v\u00e0 c\u00f4ng lao c\u1ee7a ng\u01b0\u1eddi \u0111\u00e3 khu\u1ea5t, th\u1ec3 hi\u1ec7n s\u1ef1 tri \u00e2n \u0111\u1ed1i v\u1edbi h\u1ecd.<\/div>\n<div><\/div>\n<h2>#### C\u00e1c lo\u1ea1i hoa th\u01b0\u1eddng d\u00f9ng trong v\u00f2ng hoa tang l\u1ec5:<\/h2>\n<div><\/div>\n<div>1. **Hoa c\u00fac**:<\/div>\n<div>\u00a0 \u00a0&#8211; Hoa c\u00fac tr\u1eafng th\u01b0\u1eddng \u0111\u01b0\u1ee3c d\u00f9ng trong tang l\u1ec5, t\u01b0\u1ee3ng tr\u01b0ng cho s\u1ef1 thu\u1ea7n khi\u1ebft, l\u00f2ng k\u00ednh tr\u1ecdng v\u00e0 s\u1ef1 tr\u01b0\u1eddng t\u1ed3n.<\/div>\n<div>\u00a0 \u00a0&#8211; Hoa c\u00fac v\u00e0ng th\u1ec3 hi\u1ec7n s\u1ef1 t\u00f4n tr\u1ecdng v\u00e0 l\u00f2ng th\u00e0nh k\u00ednh.<\/div>\n<div><\/div>\n<div>2. **Hoa ly**:<\/div>\n<div>\u00a0 \u00a0&#8211; Hoa ly tr\u1eafng bi\u1ec3u t\u01b0\u1ee3ng cho s\u1ef1 trong s\u00e1ng v\u00e0 thanh cao, th\u01b0\u1eddng \u0111\u01b0\u1ee3c s\u1eed d\u1ee5ng \u0111\u1ec3 th\u1ec3 hi\u1ec7n l\u00f2ng th\u00e0nh k\u00ednh v\u00e0 t\u00f4n vinh ng\u01b0\u1eddi \u0111\u00e3 khu\u1ea5t.<\/div>\n<div><\/div>\n<div>3. **Hoa h\u1ed3ng**:<\/div>\n<div>\u00a0 \u00a0&#8211; Hoa h\u1ed3ng tr\u1eafng bi\u1ec3u t\u01b0\u1ee3ng cho s\u1ef1 tinh khi\u1ebft v\u00e0 ch\u00e2n th\u00e0nh.<\/div>\n<div>\u00a0 \u00a0&#8211; Hoa h\u1ed3ng \u0111\u1ecf t\u01b0\u1ee3ng tr\u01b0ng cho t\u00ecnh y\u00eau v\u00e0 s\u1ef1 t\u00f4n tr\u1ecdng s\u00e2u s\u1eafc.<\/div>\n<div><\/div>\n<div>4. **Hoa lan**:<\/div>\n<div>\u00a0 \u00a0&#8211; Hoa lan tr\u1eafng v\u00e0 t\u00edm th\u1ec3 hi\u1ec7n s\u1ef1 thanh tao v\u00e0 l\u00f2ng k\u00ednh tr\u1ecdng.<\/div>\n<div><\/div>\n<div>#### Thi\u1ebft k\u1ebf v\u00f2ng hoa tang l\u1ec5:<\/div>\n<div><\/div>\n<div>1. **V\u00f2ng hoa tr\u00f2n**:<\/div>\n<div>\u00a0 \u00a0&#8211; Th\u01b0\u1eddng \u0111\u01b0\u1ee3c l\u00e0m t\u1eeb hoa c\u00fac, hoa h\u1ed3ng v\u00e0 c\u00e1c lo\u1ea1i hoa kh\u00e1c, t\u01b0\u1ee3ng tr\u01b0ng cho v\u00f2ng tu\u1ea7n ho\u00e0n c\u1ee7a cu\u1ed9c s\u1ed1ng v\u00e0 s\u1ef1 v\u0129nh h\u1eb1ng.<\/div>\n<div><\/div>\n<div>2. **V\u00f2ng hoa h\u00ecnh th\u00e1nh gi\u00e1**:<\/div>\n<div>\u00a0 \u00a0&#8211; Th\u01b0\u1eddng \u0111\u01b0\u1ee3c ch\u1ecdn trong c\u00e1c tang l\u1ec5 theo \u0111\u1ea1o Thi\u00ean Ch\u00faa, bi\u1ec3u t\u01b0\u1ee3ng cho ni\u1ec1m tin v\u00e0o s\u1ef1 s\u1ed1ng v\u0129nh c\u1eedu v\u00e0 l\u00f2ng k\u00ednh tr\u1ecdng \u0111\u1ed1i v\u1edbi Ch\u00faa.<\/div>\n<div><\/div>\n<div>3. **V\u00f2ng hoa \u0111\u1ee9ng**:<\/div>\n<div>\u00a0 \u00a0&#8211; \u0110\u01b0\u1ee3c thi\u1ebft k\u1ebf theo ki\u1ec3u \u0111\u1ee9ng, d\u1ec5 d\u00e0ng tr\u01b0ng b\u00e0y t\u1ea1i l\u1ec5 tang, mang l\u1ea1i v\u1ebb trang tr\u1ecdng v\u00e0 uy nghi\u00eam.<\/div>\n<div><\/div>\n<div><\/div>\n<p>&nbsp;<\/p>\n<p><img loading=\"lazy\" decoding=\"async\" class=\"alignnone wp-image-236 size-full aligncenter\" src=\"http:\/\/shophoabentre.com\/wp-content\/uploads\/2021\/06\/z2518289498477_e0865f3dd5e38c53a2c6b46d0ad6074a.jpg\" alt=\"V\u00f2ng Hoa Tang L\u1ec5\" width=\"527\" height=\"650\" srcset=\"https:\/\/shophoabentre.com\/wp-content\/uploads\/2021\/06\/z2518289498477_e0865f3dd5e38c53a2c6b46d0ad6074a.jpg 527w, https:\/\/shophoabentre.com\/wp-content\/uploads\/2021\/06\/z2518289498477_e0865f3dd5e38c53a2c6b46d0ad6074a-243x300.jpg 243w, https:\/\/shophoabentre.com\/wp-content\/uploads\/2021\/06\/z2518289498477_e0865f3dd5e38c53a2c6b46d0ad6074a-510x629.jpg 510w, https:\/\/shophoabentre.com\/wp-content\/uploads\/2021\/06\/z2518289498477_e0865f3dd5e38c53a2c6b46d0ad6074a-49x60.jpg 49w\" sizes=\"auto, (max-width: 527px) 100vw, 527px\" \/><\/p>\n<div>#### \u0110\u1eb7t v\u00f2ng hoa tang l\u1ec5 \u1edf \u0111\u00e2u?<\/div>\n<div><\/div>\n<div>T\u1ea1i B\u1ebfn Tre, c\u00f3 nhi\u1ec1u c\u1eeda h\u00e0ng hoa t\u01b0\u01a1i cung c\u1ea5p d\u1ecbch v\u1ee5 l\u00e0m v\u00f2ng hoa tang l\u1ec5 ch\u1ea5t l\u01b0\u1ee3ng, trong \u0111\u00f3 c\u00f3 th\u1ec3 k\u1ec3 \u0111\u1ebfn m\u1ed9t s\u1ed1 c\u1eeda h\u00e0ng uy t\u00edn nh\u01b0:<\/div>\n<div><\/div>\n<div>1. **B\u00f3 B\u00f4ng \u0110\u1eb9p**:<\/div>\n<div>\u00a0 \u00a0&#8211; \u0110\u1ecba ch\u1ec9: [Cung c\u1ea5p \u0111\u1ecba ch\u1ec9 c\u1ee5 th\u1ec3 c\u1ee7a shop]<\/div>\n<div>\u00a0 \u00a0&#8211; S\u1ed1 \u0111i\u1ec7n tho\u1ea1i: [S\u1ed1 \u0111i\u1ec7n tho\u1ea1i li\u00ean h\u1ec7]<\/div>\n<div>\u00a0 \u00a0&#8211; Website\/Facebook: [Link website ho\u1eb7c Facebook c\u1ee7a shop]<\/div>\n<div><\/div>\n<div><\/div>\n<div>#### K\u1ebft lu\u1eadn<\/div>\n<div><\/div>\n<div>V\u00f2ng hoa tang l\u1ec5 kh\u00f4ng ch\u1ec9 l\u00e0 m\u1ed9t m\u00f3n qu\u00e0 tinh th\u1ea7n m\u00e0 c\u00f2n mang \u00fd ngh\u0129a s\u00e2u s\u1eafc trong vi\u1ec7c b\u00e0y t\u1ecf l\u00f2ng k\u00ednh tr\u1ecdng v\u00e0 chia bu\u1ed3n \u0111\u1ed1i v\u1edbi ng\u01b0\u1eddi \u0111\u00e3 khu\u1ea5t v\u00e0 gia \u0111\u00ecnh h\u1ecd. Vi\u1ec7c ch\u1ecdn l\u1ef1a v\u00e0 \u0111\u1eb7t mua v\u00f2ng hoa tang l\u1ec5 t\u1ea1i c\u00e1c c\u1eeda h\u00e0ng uy t\u00edn s\u1ebd gi\u00fap b\u1ea1n th\u1ec3 hi\u1ec7n \u0111\u01b0\u1ee3c tr\u1ecdn v\u1eb9n t\u1ea5m l\u00f2ng v\u00e0 s\u1ef1 t\u00f4n k\u00ednh c\u1ee7a m\u00ecnh trong nh\u1eefng th\u1eddi kh\u1eafc kh\u00f3 kh\u0103n n\u00e0y.<\/div>\n<p>Shop Hoa T\u01b0\u01a1i \u0110\u1eb9p b\u00e1n hoa t\u01b0\u01a1i chia bu\u1ed3n, c\u00e1c l\u1eb5ng hoa tang l\u1ec5. N\u1ebfu qu\u00fd kh\u00e1ch \u0111ang mu\u1ed1n g\u1eedi m\u1ed9t l\u1eddi chia bu\u1ed3n ch\u00e2n th\u00e0nh v\u00e0 trang tr\u1ecdng t\u1edbi \u0111\u00e1m tang c\u1ee7a &#8230;<\/p>\n","protected":false},"excerpt":{"rendered":"<p>T\u1ea1i B\u1ebfn Tre, c\u00f3 nhi\u1ec1u c\u1eeda h\u00e0ng hoa t\u01b0\u01a1i cung c\u1ea5p d\u1ecbch v\u1ee5 l\u00e0m v\u00f2ng hoa tang l\u1ec5 ch\u1ea5t l\u01b0\u1ee3ng, trong \u0111\u00f3 c\u00f3 th\u1ec3 k\u1ec3 \u0111\u1ebfn m\u1ed9t s\u1ed1 c\u1eeda h\u00e0ng uy t\u00edn nh\u01b0:<\/p>\n","protected":false},"featured_media":236,"comment_status":"open","ping_status":"closed","template":"","meta":[],"product_brand":[],"product_cat":[39],"product_tag":[44,45,43,41,42,40,46],"class_list":{"0":"post-235","1":"product","2":"type-product","3":"status-publish","4":"has-post-thumbnail","6":"product_cat-hoa-chia-buon","7":"product_tag-dat-hoa-vieng-tang-le","8":"product_tag-dat-vong-hoa-tang-le","9":"product_tag-hoa-chuc-mung_sang-trong","10":"product_tag-hoa-gio","11":"product_tag-hoa-hop-go","12":"product_tag-hoa-khai-truong","13":"product_tag-vong-hoa-tang-le","15":"first","16":"instock","17":"shipping-taxable","18":"purchasable","19":"product-type-simple"},"_links":{"self":[{"href":"https:\/\/shophoabentre.com\/index.php?rest_route=\/wp\/v2\/product\/235","targetHints":{"allow":["GET"]}}],"collection":[{"href":"https:\/\/shophoabentre.com\/index.php?rest_route=\/wp\/v2\/product"}],"about":[{"href":"https:\/\/shophoabentre.com\/index.php?rest_route=\/wp\/v2\/types\/product"}],"replies":[{"embeddable":true,"href":"https:\/\/shophoabentre.com\/index.php?rest_route=%2Fwp%2Fv2%2Fcomments&post=235"}],"wp:featuredmedia":[{"embeddable":true,"href":"https:\/\/shophoabentre.com\/index.php?rest_route=\/wp\/v2\/media\/236"}],"wp:attachment":[{"href":"https:\/\/shophoabentre.com\/index.php?rest_route=%2Fwp%2Fv2%2Fmedia&parent=235"}],"wp:term":[{"taxonomy":"product_brand","embeddable":true,"href":"https:\/\/shophoabentre.com\/index.php?rest_route=%2Fwp%2Fv2%2Fproduct_brand&post=235"},{"taxonomy":"product_cat","embeddable":true,"href":"https:\/\/shophoabentre.com\/index.php?rest_route=%2Fwp%2Fv2%2Fproduct_cat&post=235"},{"taxonomy":"product_tag","embeddable":true,"href":"https:\/\/shophoabentre.com\/index.php?rest_route=%2Fwp%2Fv2%2Fproduct_tag&post=235"}],"curies":[{"name":"wp","href":"https:\/\/api.w.org\/{rel}","templated":true}]}}